{"id":6592,"date":"2026-04-16T02:13:47","date_gmt":"2026-04-16T00:13:47","guid":{"rendered":"https:\/\/chs-containergroup.com\/de\/?post_type=product&#038;p=6592"},"modified":"2026-04-16T02:13:47","modified_gmt":"2026-04-16T00:13:47","slug":"verbindungsklammer-fuer-modulcontainer-buerocontainer","status":"publish","type":"product","link":"https:\/\/chs-containergroup.com\/de\/shop\/containerzubehor\/verbindungsklammer-fuer-modulcontainer-buerocontainer\/","title":{"rendered":"Verbindungsklammer f\u00fcr Modulcontainer \/ B\u00fcrocontainer"},"content":{"rendered":"<p>Die B\u00fcrocontainerklammer wird zur Sicherung dicht nebeneinanderstehender Raumcontainer eingesetzt. Sie dient der stabilen, formschl\u00fcssigen Verbindung von Containeranlagen und verhindert zuverl\u00e4ssig ein seitliches Auseinanderbewegen der Module.<\/p>\n<p>Die variablen Verbindungselemente werden in die seitlichen \u00d6ffnungen der Containerecken (Container\u00f6sen) eingeh\u00e4ngt. Durch die genormte Bauform ist die Containerklammer mit allen g\u00e4ngigen Standardcontainern kompatibel, darunter Raumcontainer, B\u00fcrocontainer, Sanit\u00e4rcontainer und Baustellencontainer.<\/p>\n<p>Bei korrekt ausgef\u00fchrter Montage und Verschraubung im vorderen und hinteren Bereich entsteht eine statisch stabile Verbindung, die ein Verschieben der Container zuverl\u00e4ssig verhindert.<\/p>\n<p>&nbsp;<\/p>\n<p>Produktmerkmale:<\/p>\n<ul>\n<li>Zur Verbindung dicht nebeneinanderstehender Container<\/li>\n<li>Einh\u00e4ngung in Containereckbeschl\u00e4ge<\/li>\n<li>Passend f\u00fcr Standard-Container (Raum-, B\u00fcro-, Sanit\u00e4r-, Baustellencontainer) &#8211; Nicht geeignet f\u00fcr Seecontainer<\/li>\n<li>Stabile, formschl\u00fcssige Fixierung<\/li>\n<\/ul>\n<p>&nbsp;<\/p>\n<p>Einfache Montage, bew\u00e4hrte L\u00f6sung im Containerbausung f\u00fcr dauerhafte, sichere Modulverbindungen ohne aufwendige Sonderkonstruktionen.<\/p>\n","protected":false},"excerpt":{"rendered":"<p>Die B\u00fcrocontainerklammer wird zur Sicherung dicht nebeneinanderstehender Raumcontainer eingesetzt. Sie dient der stabilen, formschl\u00fcssigen Verbindung von Containeranlagen und verhindert zuverl\u00e4ssig ein seitliches Auseinanderbewegen der Module. Die variablen Verbindungselemente werden in die seitlichen \u00d6ffnungen der Containerecken (Container\u00f6sen) eingeh\u00e4ngt. Durch die genormte Bauform ist die Containerklammer mit allen g\u00e4ngigen Standardcontainern kompatibel, darunter Raumcontainer, B\u00fcrocontainer, Sanit\u00e4rcontainer und Baustellencontainer. [&hellip;]<\/p>\n","protected":false},"featured_media":6591,"comment_status":"open","ping_status":"closed","template":"","meta":{"_acf_changed":false,"inline_featured_image":false,"_angie_page":false},"product_brand":[],"product_cat":[211],"product_tag":[],"class_list":{"0":"post-6592","1":"product","2":"type-product","3":"status-publish","4":"has-post-thumbnail","6":"product_cat-containerzubehor","7":"product_shipping_class-package","9":"first","10":"instock","11":"taxable","12":"shipping-taxable","13":"purchasable","14":"product-type-simple"},"acf":[],"_links":{"self":[{"href":"https:\/\/chs-containergroup.com\/de\/wp-json\/wp\/v2\/product\/6592","targetHints":{"allow":["GET"]}}],"collection":[{"href":"https:\/\/chs-containergroup.com\/de\/wp-json\/wp\/v2\/product"}],"about":[{"href":"https:\/\/chs-containergroup.com\/de\/wp-json\/wp\/v2\/types\/product"}],"replies":[{"embeddable":true,"href":"https:\/\/chs-containergroup.com\/de\/wp-json\/wp\/v2\/comments?post=6592"}],"wp:featuredmedia":[{"embeddable":true,"href":"https:\/\/chs-containergroup.com\/de\/wp-json\/wp\/v2\/media\/6591"}],"wp:attachment":[{"href":"https:\/\/chs-containergroup.com\/de\/wp-json\/wp\/v2\/media?parent=6592"}],"wp:term":[{"taxonomy":"product_brand","embeddable":true,"href":"https:\/\/chs-containergroup.com\/de\/wp-json\/wp\/v2\/product_brand?post=6592"},{"taxonomy":"product_cat","embeddable":true,"href":"https:\/\/chs-containergroup.com\/de\/wp-json\/wp\/v2\/product_cat?post=6592"},{"taxonomy":"product_tag","embeddable":true,"href":"https:\/\/chs-containergroup.com\/de\/wp-json\/wp\/v2\/product_tag?post=6592"}],"curies":[{"name":"wp","href":"https:\/\/api.w.org\/{rel}","templated":true}]}}