{"id":5138,"date":"2025-11-03T10:44:51","date_gmt":"2025-11-03T09:44:51","guid":{"rendered":"https:\/\/chs-containergroup.com\/de\/shop\/uncategorized\/shipping-container-support-cf-for-sale\/"},"modified":"2025-12-19T16:49:11","modified_gmt":"2025-12-19T15:49:11","slug":"containerstuetzen-confoot-leg-cf-komplettsatz-kaufen","status":"publish","type":"product","link":"https:\/\/chs-containergroup.com\/de\/shop\/containerzubehor\/containerstuetzen-confoot-leg-cf-komplettsatz-kaufen\/","title":{"rendered":"Containerst\u00fctzen conFoot-Leg CF-Komplettsatz"},"content":{"rendered":"<p><strong>ConFoot-Leg CF Komplettset<\/strong><br \/>\nConFoot-Legs sind hochwertige Containerst\u00fctzen aus Stahl, die speziell f\u00fcr den effizienten Containerumschlag entwickelt wurden. Mit diesem innovativen System k\u00f6nnen Standard-ISO-Container sicher und einfach von Anh\u00e4ngern be- und entladen werden, ohne dass teure Ausr\u00fcstung ben\u00f6tigt wird. Es ist eine ideale L\u00f6sung f\u00fcr Unternehmen und Einzelpersonen, die regelm\u00e4\u00dfig mit Containern umgehen und eine praktische, kosteng\u00fcnstige M\u00f6glichkeit suchen, die Ladevorg\u00e4nge sicher zu verwalten.<\/p>\n<p>Die Standard-CF-Version der ConFoot-Legs ist speziell f\u00fcr den allgemeinen Containerumschlag auf ebenem Boden gedacht<\/p>\n<p>Die St\u00fctzen entsprechen der EU-Richtlinie 2006\/42\/EG, der finnischen Risikobewertungsrichtlinie 2008\/400 und werden nach ISO 9001-Qualit\u00e4tsstandards hergestellt.<br \/>\nGetestet nach dem CF EN 283-Protokoll bietet jeder Satz von vier St\u00fctzen eine beeindruckende Tragf\u00e4higkeit von bis zu 34 Tonnen und gew\u00e4hrleistet eine starke und stabile Unterst\u00fctzung f\u00fcr verschiedene Containertypen, einschlie\u00dflich Schiffscontainer. Sie sind mit mehreren Gr\u00f6\u00dfen von Standard-ISO-Containern kompatibel.<\/p>\n<p>Mit einem Gewicht von ca. 25 kg pro Einheit sind die ConFoot-Legs leicht genug f\u00fcr eine einfache Handhabung und den Transport. Sie lassen sich schnell zusammenfalten und in dem mitgelieferten Multiplex-Transport- und Aufbewahrungskoffer verstauen.<\/p>\n<p>Ein komplettes ConFoot-Leg CF-Set enth\u00e4lt vier CF-Containerst\u00fctzen.<\/p>\n","protected":false},"excerpt":{"rendered":"<p>ConFoot-Leg CF Komplettset ConFoot-Legs sind hochwertige Containerst\u00fctzen aus Stahl, die speziell f\u00fcr den effizienten Containerumschlag entwickelt wurden. Mit diesem innovativen System k\u00f6nnen Standard-ISO-Container sicher und einfach von Anh\u00e4ngern be- und entladen werden, ohne dass teure Ausr\u00fcstung ben\u00f6tigt wird. Es ist eine ideale L\u00f6sung f\u00fcr Unternehmen und Einzelpersonen, die regelm\u00e4\u00dfig mit Containern umgehen und eine praktische, [&hellip;]<\/p>\n","protected":false},"featured_media":5500,"comment_status":"open","ping_status":"closed","template":"","meta":{"_acf_changed":false,"inline_featured_image":false,"_angie_page":false},"product_brand":[],"product_cat":[211,219],"product_tag":[],"class_list":{"0":"post-5138","1":"product","2":"type-product","3":"status-publish","4":"has-post-thumbnail","6":"product_cat-containerzubehor","7":"product_cat-support-fur-seecontainer","8":"product_shipping_class-wooden-box","10":"first","11":"instock","12":"taxable","13":"shipping-taxable","14":"purchasable","15":"product-type-simple"},"acf":[],"_links":{"self":[{"href":"https:\/\/chs-containergroup.com\/de\/wp-json\/wp\/v2\/product\/5138","targetHints":{"allow":["GET"]}}],"collection":[{"href":"https:\/\/chs-containergroup.com\/de\/wp-json\/wp\/v2\/product"}],"about":[{"href":"https:\/\/chs-containergroup.com\/de\/wp-json\/wp\/v2\/types\/product"}],"replies":[{"embeddable":true,"href":"https:\/\/chs-containergroup.com\/de\/wp-json\/wp\/v2\/comments?post=5138"}],"wp:featuredmedia":[{"embeddable":true,"href":"https:\/\/chs-containergroup.com\/de\/wp-json\/wp\/v2\/media\/5500"}],"wp:attachment":[{"href":"https:\/\/chs-containergroup.com\/de\/wp-json\/wp\/v2\/media?parent=5138"}],"wp:term":[{"taxonomy":"product_brand","embeddable":true,"href":"https:\/\/chs-containergroup.com\/de\/wp-json\/wp\/v2\/product_brand?post=5138"},{"taxonomy":"product_cat","embeddable":true,"href":"https:\/\/chs-containergroup.com\/de\/wp-json\/wp\/v2\/product_cat?post=5138"},{"taxonomy":"product_tag","embeddable":true,"href":"https:\/\/chs-containergroup.com\/de\/wp-json\/wp\/v2\/product_tag?post=5138"}],"curies":[{"name":"wp","href":"https:\/\/api.w.org\/{rel}","templated":true}]}}