{"id":5137,"date":"2025-11-03T10:44:51","date_gmt":"2025-11-03T09:44:51","guid":{"rendered":"https:\/\/chs-containergroup.com\/de\/shop\/uncategorized\/shipping-container-support-cfp-for-sale\/"},"modified":"2025-12-19T16:43:17","modified_gmt":"2025-12-19T15:43:17","slug":"containerstuetzen-confoot-leg-cfp-komplettsatz-kaufen","status":"publish","type":"product","link":"https:\/\/chs-containergroup.com\/de\/shop\/containerzubehor\/containerstuetzen-confoot-leg-cfp-komplettsatz-kaufen\/","title":{"rendered":"Containerst\u00fctzen ConFoot-Leg CFP-Komplettsatz"},"content":{"rendered":"<p><strong>ConFoot-Leg CFP Komplettset<\/strong><br \/>\nConFoot-Legs sind hochwertige Containerst\u00fctzen aus Stahl, die speziell f\u00fcr den effizienten Containerumschlag entwickelt wurden. Mit diesem innovativen System k\u00f6nnen Standard-ISO-Container sicher und einfach von Anh\u00e4ngern be- und entladen werden, ohne dass teure Ausr\u00fcstung ben\u00f6tigt wird. Es ist eine ideale L\u00f6sung f\u00fcr Unternehmen und Einzelpersonen, die regelm\u00e4\u00dfig mit Containern umgehen und eine praktische, kosteng\u00fcnstige M\u00f6glichkeit suchen, die Ladevorg\u00e4nge sicher zu verwalten.<\/p>\n<p>Die CFP-Version der Con-Foot-Legs ist f\u00fcr den Einsatz an Laderampen optimiert und bietet einen besseren Zugang und mehr Stabilit\u00e4t, wenn der Container an einer Rampe oder Laderampe steht.<\/p>\n<p>Ein komplettes ConFoot-Leg CFP-Set besteht aus zwei Standard-CF-St\u00fctzen und zwei CFP-St\u00fctzen. Diese Kombination wurde speziell f\u00fcr den Einsatz an Laderampen entwickelt. So k\u00f6nnen die Container sicher abgest\u00fctzt bleiben, w\u00e4hrend der Lkw wegf\u00e4hrt, und die Containert\u00fcren lassen sich an der Rampe vollst\u00e4ndig \u00f6ffnen.<\/p>\n<p>Sie entsprechen der EU-Richtlinie 2006\/42\/EG, der finnischen Risikobewertungsrichtlinie 2008\/400 und werden gem\u00e4\u00df den ISO 9001 Qualit\u00e4tsmanagementstandards hergestellt.<\/p>\n<p>Jede Einheit wurde nach dem Protokoll CF EN 283 getestet und bietet eine kombinierte Tragf\u00e4higkeit von 30 Tonnen pro Satz von vier St\u00fctzen, die eine stabile und zuverl\u00e4ssige Unterst\u00fctzung f\u00fcr verschiedene Arten von Containern, einschlie\u00dflich Schiffscontainern, bieten.<\/p>\n<p>Mit einem Gewicht von etwa 24 kg pro St\u00fctze sind die ConFoot-Leg CFP-Einheiten leicht genug f\u00fcr eine einfache Handhabung und einen schnellen Aufbau. Sie lassen sich zusammenklappen und kompakt in der mitgelieferten Multiplex-Transport- und Aufbewahrungsbox verstauen.<\/p>\n<p>&nbsp;<\/p>\n","protected":false},"excerpt":{"rendered":"<p>ConFoot-Leg CFP Komplettset ConFoot-Legs sind hochwertige Containerst\u00fctzen aus Stahl, die speziell f\u00fcr den effizienten Containerumschlag entwickelt wurden. Mit diesem innovativen System k\u00f6nnen Standard-ISO-Container sicher und einfach von Anh\u00e4ngern be- und entladen werden, ohne dass teure Ausr\u00fcstung ben\u00f6tigt wird. Es ist eine ideale L\u00f6sung f\u00fcr Unternehmen und Einzelpersonen, die regelm\u00e4\u00dfig mit Containern umgehen und eine praktische, [&hellip;]<\/p>\n","protected":false},"featured_media":5498,"comment_status":"open","ping_status":"closed","template":"","meta":{"_acf_changed":false,"inline_featured_image":false,"_angie_page":false},"product_brand":[],"product_cat":[211,219],"product_tag":[],"class_list":{"0":"post-5137","1":"product","2":"type-product","3":"status-publish","4":"has-post-thumbnail","6":"product_cat-containerzubehor","7":"product_cat-support-fur-seecontainer","8":"product_shipping_class-wooden-box","10":"first","11":"instock","12":"taxable","13":"shipping-taxable","14":"purchasable","15":"product-type-simple"},"acf":[],"_links":{"self":[{"href":"https:\/\/chs-containergroup.com\/de\/wp-json\/wp\/v2\/product\/5137","targetHints":{"allow":["GET"]}}],"collection":[{"href":"https:\/\/chs-containergroup.com\/de\/wp-json\/wp\/v2\/product"}],"about":[{"href":"https:\/\/chs-containergroup.com\/de\/wp-json\/wp\/v2\/types\/product"}],"replies":[{"embeddable":true,"href":"https:\/\/chs-containergroup.com\/de\/wp-json\/wp\/v2\/comments?post=5137"}],"wp:featuredmedia":[{"embeddable":true,"href":"https:\/\/chs-containergroup.com\/de\/wp-json\/wp\/v2\/media\/5498"}],"wp:attachment":[{"href":"https:\/\/chs-containergroup.com\/de\/wp-json\/wp\/v2\/media?parent=5137"}],"wp:term":[{"taxonomy":"product_brand","embeddable":true,"href":"https:\/\/chs-containergroup.com\/de\/wp-json\/wp\/v2\/product_brand?post=5137"},{"taxonomy":"product_cat","embeddable":true,"href":"https:\/\/chs-containergroup.com\/de\/wp-json\/wp\/v2\/product_cat?post=5137"},{"taxonomy":"product_tag","embeddable":true,"href":"https:\/\/chs-containergroup.com\/de\/wp-json\/wp\/v2\/product_tag?post=5137"}],"curies":[{"name":"wp","href":"https:\/\/api.w.org\/{rel}","templated":true}]}}