{"id":4812,"date":"2025-09-22T11:24:35","date_gmt":"2025-09-22T09:24:35","guid":{"rendered":"https:\/\/chs-containergroup.com\/de\/product\/shipping-container-locks-for-sale\/"},"modified":"2025-12-19T17:10:09","modified_gmt":"2025-12-19T16:10:09","slug":"container-abus-conhasp-granit-215-containerschloss-granit-kaufen","status":"publish","type":"product","link":"https:\/\/chs-containergroup.com\/de\/shop\/containerzubehor\/container-abus-conhasp-granit-215-containerschloss-granit-kaufen\/","title":{"rendered":"Container-Schlie\u00dfsystem ABUS ConHasp GRANIT\u2122 215 mit ABUS Containerschloss GRANIT\u2122 37\/55HB100"},"content":{"rendered":"<p><strong>ABUS ConHasp GRANIT\u2122 215 Container Lockbox &#8211; Maximale Sicherheit f\u00fcr Transport- und Lagercontainer<\/strong><\/p>\n<p>Bewahren Sie Ihre Wertsachen sicher auf mit dem ABUS ConHasp GRANIT\u2122 215 Containerschloss. In Kombination mit starken ABUS Vorh\u00e4ngeschl\u00f6ssern (GRANIT\u2122 37\/55HB100, 37RK\/70HB100 oder Rock 83\/60HB100-5) bietet es einen zertifizierten Schutz nach VdS Klasse B und SSF 1051.<br \/>\nSelbst wenn die Riegel des Containers durchtrennt werden, bleibt das Containersicherheitssystem fest an seinem Platz &#8211; perfekt f\u00fcr die Sicherung von Reifen, Maschinen, Werkzeugen oder Feuerwerksk\u00f6rpern. Dieses aus ultrastarkem, korrosionsbest\u00e4ndigem Stahl gefertigte Containerschloss mit Vorh\u00e4ngeschloss ist die erste Wahl f\u00fcr alle, die Container gegen Diebstahl sichern m\u00fcssen.<\/p>\n<p>&nbsp;<\/p>\n<p><strong>Ihre Vorteile:<\/strong><\/p>\n<ul>\n<li>Maximaler Schutz: VdS 3503 Klasse B, SSF 1051 zugelassen<\/li>\n<li>Passt in fast alle Transport- und Lagerbeh\u00e4lter<\/li>\n<li>Kompatibel mit ABUS-Schlie\u00dfanlagen und Euro-Profilzylindern<\/li>\n<li>Zuverl\u00e4ssiger Widerstand gegen gewaltsames Eindringen<br \/>\nEntscheiden Sie sich f\u00fcr die bew\u00e4hrte ABUS Containersicherung und machen Sie Ihren Container noch heute diebstahlsicher!<\/li>\n<\/ul>\n<p>&nbsp;<\/p>\n<p><strong>Spezifikation:<\/strong><\/p>\n<ul>\n<li>Produkt: 215 ConHasp GRANIT\u2122<\/li>\n<li>Artikelbeschreibung 1: ConHasp Granit 215 +<\/li>\n<li>Artikelbeschreibung 2: 37\/55HB100 gleichschlie\u00dfend nach Muster\/Code<\/li>\n<li>Verschlusssystem: Gleichschlie\u00dfend nach Muster\/Code<\/li>\n<li>Zus\u00e4tzliche Schl\u00fcssel: 06228<\/li>\n<li>Ersatzschl\u00fcssel: 06227<\/li>\n<li>Farbe: Schwarz<\/li>\n<li>Sicherheitsstufe (HaSi): 10<\/li>\n<li>PSTI-Konformit\u00e4t erforderlich: Nein<\/li>\n<li>PSTI-Konformit\u00e4t vorausgesetzt: Nein<\/li>\n<\/ul>\n<p>&nbsp;<\/p>\n<p><strong>Abmessungen gem\u00e4\u00df Zeichnung:<\/strong><\/p>\n<ul>\n<li>L\u00e4nge a [in]: 8.66<\/li>\n<li>Breite b [in]: 4.72<\/li>\n<li>Sch\u00e4kelloch c [in]: 3.35<\/li>\n<li>Gewicht [lb]: 14.53<\/li>\n<\/ul>\n","protected":false},"excerpt":{"rendered":"<p>ABUS ConHasp GRANIT\u2122 215 Container Lockbox &#8211; Maximale Sicherheit f\u00fcr Transport- und Lagercontainer Bewahren Sie Ihre Wertsachen sicher auf mit dem ABUS ConHasp GRANIT\u2122 215 Containerschloss. In Kombination mit starken ABUS Vorh\u00e4ngeschl\u00f6ssern (GRANIT\u2122 37\/55HB100, 37RK\/70HB100 oder Rock 83\/60HB100-5) bietet es einen zertifizierten Schutz nach VdS Klasse B und SSF 1051. Selbst wenn die Riegel des [&hellip;]<\/p>\n","protected":false},"featured_media":5273,"comment_status":"open","ping_status":"closed","template":"","meta":{"_acf_changed":false,"inline_featured_image":false,"_angie_page":false},"product_brand":[],"product_cat":[211],"product_tag":[],"class_list":{"0":"post-4812","1":"product","2":"type-product","3":"status-publish","4":"has-post-thumbnail","6":"product_cat-containerzubehor","7":"product_shipping_class-package","9":"first","10":"instock","11":"taxable","12":"shipping-taxable","13":"purchasable","14":"product-type-simple"},"acf":[],"_links":{"self":[{"href":"https:\/\/chs-containergroup.com\/de\/wp-json\/wp\/v2\/product\/4812","targetHints":{"allow":["GET"]}}],"collection":[{"href":"https:\/\/chs-containergroup.com\/de\/wp-json\/wp\/v2\/product"}],"about":[{"href":"https:\/\/chs-containergroup.com\/de\/wp-json\/wp\/v2\/types\/product"}],"replies":[{"embeddable":true,"href":"https:\/\/chs-containergroup.com\/de\/wp-json\/wp\/v2\/comments?post=4812"}],"wp:featuredmedia":[{"embeddable":true,"href":"https:\/\/chs-containergroup.com\/de\/wp-json\/wp\/v2\/media\/5273"}],"wp:attachment":[{"href":"https:\/\/chs-containergroup.com\/de\/wp-json\/wp\/v2\/media?parent=4812"}],"wp:term":[{"taxonomy":"product_brand","embeddable":true,"href":"https:\/\/chs-containergroup.com\/de\/wp-json\/wp\/v2\/product_brand?post=4812"},{"taxonomy":"product_cat","embeddable":true,"href":"https:\/\/chs-containergroup.com\/de\/wp-json\/wp\/v2\/product_cat?post=4812"},{"taxonomy":"product_tag","embeddable":true,"href":"https:\/\/chs-containergroup.com\/de\/wp-json\/wp\/v2\/product_tag?post=4812"}],"curies":[{"name":"wp","href":"https:\/\/api.w.org\/{rel}","templated":true}]}}