{"id":4805,"date":"2025-10-20T11:42:23","date_gmt":"2025-10-20T09:42:23","guid":{"rendered":"https:\/\/chs-containergroup.com\/de\/product\/20ft-used-office-containers-for-sale\/"},"modified":"2025-11-24T15:26:59","modified_gmt":"2025-11-24T14:26:59","slug":"20-fuss-gebraucht-buerocontainer-kaufen","status":"publish","type":"product","link":"https:\/\/chs-containergroup.com\/de\/shop\/mobilbauten\/20-fuss-gebraucht-buerocontainer-kaufen\/","title":{"rendered":"20 Fu\u00df Gebraucht B\u00fcrocontainer"},"content":{"rendered":"<p><strong>Gebrauchte 20-Fu\u00df-B\u00fcrocontainer &#8211; zuverl\u00e4ssig, funktional und kosteng\u00fcnstig<br \/>\n<\/strong>Ein gebrauchter 20-Fu\u00df-B\u00fcrocontainer bietet eine praktische und budgetfreundliche Arbeitsplatzl\u00f6sung f\u00fcr Baustellen, Veranstaltungen oder tempor\u00e4re B\u00fcroeinrichtungen. Er bietet gen\u00fcgend Platz f\u00fcr Schreibtische, Besprechungsbereiche oder Ablagem\u00f6glichkeiten und ist damit ideal f\u00fcr B\u00fcros auf der Baustelle, im Projektmanagement oder in der Verwaltung.<\/p>\n<p>Der aus langlebigen Materialien gefertigte Beh\u00e4lter bleibt auch nach l\u00e4ngerem Gebrauch wetterbest\u00e4ndig und strukturell stabil. Jedes Ger\u00e4t wird gepr\u00fcft, um sicherzustellen, dass es den Qualit\u00e4ts- und Sicherheitsstandards entspricht. Je nach Zustand und Konfiguration umfasst die Innenausstattung eine Grundausstattung wie Beleuchtung, Steckdosen und Heizsysteme und kann dar\u00fcber hinaus an Ihre betrieblichen Anforderungen angepasst werden.<\/p>\n<p><strong>Kaufen Sie einen gebrauchten 20-Fu\u00df-B\u00fcrocontainer von der CHS Container Group<br \/>\n<\/strong>. Bei der CHS Container Group bieten wir sorgf\u00e4ltig gewartete gebrauchte 20-Fu\u00df-B\u00fcrocontainer an, die Funktionalit\u00e4t, Langlebigkeit und ein gutes Preis-Leistungs-Verh\u00e4ltnis vereinen:<\/p>\n<ul>\n<li>Gepr\u00fcfte Qualit\u00e4t &#8211; gr\u00fcndlich inspiziert und sofort einsatzbereit<\/li>\n<li>Ger\u00e4umiges Layout &#8211; ausreichend Platz f\u00fcr B\u00fcros, Besprechungen oder Lagerr\u00e4ume<\/li>\n<li>Sicher und robust &#8211; ausgestattet mit abschlie\u00dfbaren T\u00fcren und Fenstern f\u00fcr Sicherheit<\/li>\n<li>Schnelle Verf\u00fcgbarkeit &#8211; bereit zur Lieferung in Deutschland, Europa und weltweit<\/li>\n<li>Schnelle Lieferung &#8211; verf\u00fcgbar in Deutschland, Europa und weltweit<\/li>\n<\/ul>\n<p>&nbsp;<\/p>\n<p>Mit jahrzehntelanger Erfahrung bietet die CHS Container Group zuverl\u00e4ssige Containerl\u00f6sungen f\u00fcr jeden Bedarf. Ein gebrauchter 20-Fu\u00df-B\u00fcrocontainer ist eine kosteneffiziente Wahl, die dauerhafte Leistung und Flexibilit\u00e4t f\u00fcr tempor\u00e4ren oder mobilen B\u00fcrobedarf bietet.<\/p>\n","protected":false},"excerpt":{"rendered":"<p>Gebrauchte 20-Fu\u00df-B\u00fcrocontainer &#8211; zuverl\u00e4ssig, funktional und kosteng\u00fcnstig Ein gebrauchter 20-Fu\u00df-B\u00fcrocontainer bietet eine praktische und budgetfreundliche Arbeitsplatzl\u00f6sung f\u00fcr Baustellen, Veranstaltungen oder tempor\u00e4re B\u00fcroeinrichtungen. Er bietet gen\u00fcgend Platz f\u00fcr Schreibtische, Besprechungsbereiche oder Ablagem\u00f6glichkeiten und ist damit ideal f\u00fcr B\u00fcros auf der Baustelle, im Projektmanagement oder in der Verwaltung. Der aus langlebigen Materialien gefertigte Beh\u00e4lter bleibt auch nach [&hellip;]<\/p>\n","protected":false},"featured_media":4593,"comment_status":"open","ping_status":"closed","template":"","meta":{"_acf_changed":false,"inline_featured_image":false,"_angie_page":false},"product_brand":[],"product_cat":[210],"product_tag":[],"class_list":{"0":"post-4805","1":"product","2":"type-product","3":"status-publish","4":"has-post-thumbnail","6":"product_cat-mobilbauten","8":"first","9":"outofstock","10":"taxable","11":"shipping-taxable","12":"purchasable","13":"product-type-simple"},"acf":[],"_links":{"self":[{"href":"https:\/\/chs-containergroup.com\/de\/wp-json\/wp\/v2\/product\/4805","targetHints":{"allow":["GET"]}}],"collection":[{"href":"https:\/\/chs-containergroup.com\/de\/wp-json\/wp\/v2\/product"}],"about":[{"href":"https:\/\/chs-containergroup.com\/de\/wp-json\/wp\/v2\/types\/product"}],"replies":[{"embeddable":true,"href":"https:\/\/chs-containergroup.com\/de\/wp-json\/wp\/v2\/comments?post=4805"}],"wp:featuredmedia":[{"embeddable":true,"href":"https:\/\/chs-containergroup.com\/de\/wp-json\/wp\/v2\/media\/4593"}],"wp:attachment":[{"href":"https:\/\/chs-containergroup.com\/de\/wp-json\/wp\/v2\/media?parent=4805"}],"wp:term":[{"taxonomy":"product_brand","embeddable":true,"href":"https:\/\/chs-containergroup.com\/de\/wp-json\/wp\/v2\/product_brand?post=4805"},{"taxonomy":"product_cat","embeddable":true,"href":"https:\/\/chs-containergroup.com\/de\/wp-json\/wp\/v2\/product_cat?post=4805"},{"taxonomy":"product_tag","embeddable":true,"href":"https:\/\/chs-containergroup.com\/de\/wp-json\/wp\/v2\/product_tag?post=4805"}],"curies":[{"name":"wp","href":"https:\/\/api.w.org\/{rel}","templated":true}]}}