{"id":4797,"date":"2025-10-14T07:51:50","date_gmt":"2025-10-14T05:51:50","guid":{"rendered":"https:\/\/chs-containergroup.com\/de\/product\/8ft-new-shipping-containers-for-sale\/"},"modified":"2025-11-25T16:44:13","modified_gmt":"2025-11-25T15:44:13","slug":"8-fuss-neu-lagercontainer-kaufen","status":"publish","type":"product","link":"https:\/\/chs-containergroup.com\/de\/shop\/seecontainer\/8-fuss-neu-lagercontainer-kaufen\/","title":{"rendered":"8 Fu\u00df Neu Lagercontainer"},"content":{"rendered":"<p><strong>Neuer 8-Fu\u00df-Kleincontainer &#8211; praktisch, sicher und platzsparend<br \/>\n<\/strong>Ein neuer 8-Fu\u00df-Kleincontainer bietet eine kompakte und dennoch \u00e4u\u00dferst praktische Lager- und Transportl\u00f6sung. Er ist etwas gr\u00f6\u00dfer als das 6-Fu\u00df-Modell und bietet zus\u00e4tzliche Kapazit\u00e4t, w\u00e4hrend er in engen R\u00e4umen wie Baustellen, Privatgrundst\u00fccken oder st\u00e4dtischen Gebieten leicht zu platzieren ist. Er ist die perfekte Wahl f\u00fcr die sichere und effiziente Aufbewahrung von Werkzeugen, Ausr\u00fcstung oder kleineren Mengen von Waren.<\/p>\n<p>Der aus strapazierf\u00e4higem Stahl gefertigte Container gew\u00e4hrleistet eine lange Wetterbest\u00e4ndigkeit und einen robusten Schutz f\u00fcr Ihr Hab und Gut. Als fabrikneues Ger\u00e4t befindet es sich in einem ausgezeichneten Zustand und bietet maximale Zuverl\u00e4ssigkeit, Sicherheit und Benutzerfreundlichkeit. Durch die abschlie\u00dfbaren Doppelt\u00fcren ist der Zugang einfach und sicher, so dass er sich sowohl f\u00fcr die private als auch f\u00fcr die gewerbliche Nutzung eignet.<\/p>\n<p><strong>Kaufen Sie einen neuen 8-Fu\u00df-Kleincontainer bei der CHS Container Group<br \/>\n<\/strong>. Bei der CHS Container Group erhalten Sie fabrikneue 8-Fu\u00df-Kleincontainer, die auf Ihre Bed\u00fcrfnisse zugeschnitten sind:<\/p>\n<ul>\n<li>Erstklassige Qualit\u00e4t &#8211; robuste Stahlkonstruktion, witterungs- und verschlei\u00dfbest\u00e4ndig<\/li>\n<li>Kompakte Abmessungen &#8211; platzsparendes Design, einfach zu positionieren und zu transportieren<\/li>\n<li>Sicherer Zugang &#8211; abschlie\u00dfbare Doppelt\u00fcren f\u00fcr maximale Sicherheit<\/li>\n<li>Vielseitig einsetzbar &#8211; geeignet f\u00fcr Werkzeuge, Maschinen und Kleinladung<\/li>\n<li>Schnelle Lieferung &#8211; verf\u00fcgbar in ganz Deutschland, Europa und dar\u00fcber hinaus<\/li>\n<\/ul>\n<p>&nbsp;<\/p>\n<p>Mit jahrzehntelanger Erfahrung garantiert die CHS Container Group Qualit\u00e4t, Sicherheit und einen kundenorientierten Service. Der Kauf eines neuen 8-Fu\u00df-Kleincontainers gew\u00e4hrleistet eine zuverl\u00e4ssige, praktische und kosteng\u00fcnstige L\u00f6sung f\u00fcr Lagerung, Transport oder spezielle Projekte.<\/p>\n","protected":false},"excerpt":{"rendered":"<p>Der 20-Fu\u00df-Trockengutcontainer ist ideal f\u00fcr den sicheren Transport und die Lagerung. Robuster Stahl sorgt f\u00fcr St&#8230;<\/p>\n","protected":false},"featured_media":4520,"comment_status":"open","ping_status":"closed","template":"","meta":{"_acf_changed":false,"inline_featured_image":false,"_angie_page":false},"product_brand":[],"product_cat":[198],"product_tag":[],"class_list":{"0":"post-4797","1":"product","2":"type-product","3":"status-publish","4":"has-post-thumbnail","6":"product_cat-seecontainer","8":"first","9":"outofstock","10":"taxable","11":"shipping-taxable","12":"purchasable","13":"product-type-simple"},"acf":[],"_links":{"self":[{"href":"https:\/\/chs-containergroup.com\/de\/wp-json\/wp\/v2\/product\/4797","targetHints":{"allow":["GET"]}}],"collection":[{"href":"https:\/\/chs-containergroup.com\/de\/wp-json\/wp\/v2\/product"}],"about":[{"href":"https:\/\/chs-containergroup.com\/de\/wp-json\/wp\/v2\/types\/product"}],"replies":[{"embeddable":true,"href":"https:\/\/chs-containergroup.com\/de\/wp-json\/wp\/v2\/comments?post=4797"}],"wp:featuredmedia":[{"embeddable":true,"href":"https:\/\/chs-containergroup.com\/de\/wp-json\/wp\/v2\/media\/4520"}],"wp:attachment":[{"href":"https:\/\/chs-containergroup.com\/de\/wp-json\/wp\/v2\/media?parent=4797"}],"wp:term":[{"taxonomy":"product_brand","embeddable":true,"href":"https:\/\/chs-containergroup.com\/de\/wp-json\/wp\/v2\/product_brand?post=4797"},{"taxonomy":"product_cat","embeddable":true,"href":"https:\/\/chs-containergroup.com\/de\/wp-json\/wp\/v2\/product_cat?post=4797"},{"taxonomy":"product_tag","embeddable":true,"href":"https:\/\/chs-containergroup.com\/de\/wp-json\/wp\/v2\/product_tag?post=4797"}],"curies":[{"name":"wp","href":"https:\/\/api.w.org\/{rel}","templated":true}]}}