{"id":4792,"date":"2025-10-14T07:19:33","date_gmt":"2025-10-14T05:19:33","guid":{"rendered":"https:\/\/chs-containergroup.com\/de\/product\/40ft-high-cube-new-side-door-containers-for-sale\/"},"modified":"2026-02-09T16:08:58","modified_gmt":"2026-02-09T15:08:58","slug":"40-fuss-neu-high-cube-seitentuer-container-kaufen","status":"publish","type":"product","link":"https:\/\/chs-containergroup.com\/de\/shop\/seecontainer\/40-fuss-neu-high-cube-seitentuer-container-kaufen\/","title":{"rendered":"40 Fu\u00df Neu High-Cube Side-Door-Container"},"content":{"rendered":"<p><strong>Neuer 40-Fu\u00df-High-Cube-Container mit offener Seite &#8211; langlebig, vielseitig und effizient<\/strong><br \/>\nEin neuer 40-Fu\u00df-High-Cube-Container mit offener Seite wurde f\u00fcr maximale Zug\u00e4nglichkeit und Ladungsflexibilit\u00e4t entwickelt. Seine offene Seite und die gr\u00f6\u00dfere H\u00f6he machen ihn ideal f\u00fcr \u00fcbergro\u00dfe G\u00fcter, palettierte Fracht und die Lagerung vor Ort, wo ein einfaches Be- und Entladen erforderlich ist.<br \/>\nHergestellt aus hochwertigem Cortenstahl, gew\u00e4hrleistet dieser Container eine lange Haltbarkeit, Wetterbest\u00e4ndigkeit und Sicherheit. Vollst\u00e4ndig ISO- und CSC-zertifiziert, erf\u00fcllt es die internationalen Standards f\u00fcr sicheren Versand und Lagerung.<\/p>\n<p><strong>Was bedeutet &#8222;neuer Container&#8220;?<\/strong><br \/>\nEin &#8222;neuer&#8220; Schiffscontainer ist ein sogenannter One-Trip-Container &#8211; er wurde nur einmal f\u00fcr den Transport von der Fabrik zu seinem ersten Bestimmungsort verwendet. Dies gew\u00e4hrleistet minimale Abnutzung, perfekten Zustand und die h\u00f6chsten Standards f\u00fcr Haltbarkeit und Langlebigkeit im Vergleich zu gebrauchten Containern.Kaufen Sie einen neuen 40-Fu\u00df High Cube Open Side Container von der CHS Container Group<br \/>\n. Bei der CHS Container Group bieten wir Ihnen brandneue Container, die auf Ihre Projektanforderungen zugeschnitten sind:<\/p>\n<ul>\n<li>Spitzenqualit\u00e4t &#8211; ISO-zertifiziert und CSC-gepr\u00fcft f\u00fcr sicheren Transport<\/li>\n<li>Verbesserte Funktionalit\u00e4t &#8211; hohe W\u00fcrfelh\u00f6he mit offenem seitlichen Zugang<\/li>\n<li>Schnelle Lieferung &#8211; verf\u00fcgbar in ganz Deutschland, Europa und dar\u00fcber hinaus<\/li>\n<li>Anpassbare Optionen &#8211; f\u00fcgen Sie Befestigungen, Bel\u00fcftung, T\u00fcren oder spezielle Lackierungen hinzu<\/li>\n<\/ul>\n<p>&nbsp;<\/p>\n<p>Mit jahrzehntelanger Erfahrung garantiert die CHS Container Group Zuverl\u00e4ssigkeit, Qualit\u00e4t und einen kundenorientierten Service. Mit dem Kauf eines neuen 40-Fu\u00df-High-Cube-Containers mit offener Seite erhalten Sie eine dauerhafte, sichere und vielseitige L\u00f6sung f\u00fcr Lagerung, Versand und Logistik.<\/p>\n<p>&nbsp;<\/p>\n","protected":false},"excerpt":{"rendered":"<p>Neuer 40-Fu\u00df-High-Cube-Container mit offener Seite &#8211; langlebig, vielseitig und effizient Ein neuer 40-Fu\u00df-High-Cube-Container mit offener Seite wurde f\u00fcr maximale Zug\u00e4nglichkeit und Ladungsflexibilit\u00e4t entwickelt. Seine offene Seite und die gr\u00f6\u00dfere H\u00f6he machen ihn ideal f\u00fcr \u00fcbergro\u00dfe G\u00fcter, palettierte Fracht und die Lagerung vor Ort, wo ein einfaches Be- und Entladen erforderlich ist. Hergestellt aus hochwertigem Cortenstahl, [&hellip;]<\/p>\n","protected":false},"featured_media":4504,"comment_status":"open","ping_status":"closed","template":"","meta":{"_acf_changed":false,"inline_featured_image":false,"_angie_page":false},"product_brand":[],"product_cat":[198],"product_tag":[],"class_list":{"0":"post-4792","1":"product","2":"type-product","3":"status-publish","4":"has-post-thumbnail","6":"product_cat-seecontainer","7":"product_shipping_class-40ft","9":"first","10":"outofstock","11":"taxable","12":"shipping-taxable","13":"purchasable","14":"product-type-simple"},"acf":[],"_links":{"self":[{"href":"https:\/\/chs-containergroup.com\/de\/wp-json\/wp\/v2\/product\/4792","targetHints":{"allow":["GET"]}}],"collection":[{"href":"https:\/\/chs-containergroup.com\/de\/wp-json\/wp\/v2\/product"}],"about":[{"href":"https:\/\/chs-containergroup.com\/de\/wp-json\/wp\/v2\/types\/product"}],"replies":[{"embeddable":true,"href":"https:\/\/chs-containergroup.com\/de\/wp-json\/wp\/v2\/comments?post=4792"}],"wp:featuredmedia":[{"embeddable":true,"href":"https:\/\/chs-containergroup.com\/de\/wp-json\/wp\/v2\/media\/4504"}],"wp:attachment":[{"href":"https:\/\/chs-containergroup.com\/de\/wp-json\/wp\/v2\/media?parent=4792"}],"wp:term":[{"taxonomy":"product_brand","embeddable":true,"href":"https:\/\/chs-containergroup.com\/de\/wp-json\/wp\/v2\/product_brand?post=4792"},{"taxonomy":"product_cat","embeddable":true,"href":"https:\/\/chs-containergroup.com\/de\/wp-json\/wp\/v2\/product_cat?post=4792"},{"taxonomy":"product_tag","embeddable":true,"href":"https:\/\/chs-containergroup.com\/de\/wp-json\/wp\/v2\/product_tag?post=4792"}],"curies":[{"name":"wp","href":"https:\/\/api.w.org\/{rel}","templated":true}]}}