{"id":4783,"date":"2025-09-22T10:56:41","date_gmt":"2025-09-22T08:56:41","guid":{"rendered":"https:\/\/chs-containergroup.com\/de\/product\/20ft-high-cube-new-side-open-containers-for-sale\/"},"modified":"2026-02-09T16:07:16","modified_gmt":"2026-02-09T15:07:16","slug":"20-fuss-neu-high-cube-side-open-container-kaufen","status":"publish","type":"product","link":"https:\/\/chs-containergroup.com\/de\/shop\/seecontainer\/20-fuss-neu-high-cube-side-open-container-kaufen\/","title":{"rendered":"20 Fu\u00df Neu High-Cube Side-Door Container"},"content":{"rendered":"<p><strong>Neuer 20-Fu\u00df-High-Cube-Open-Top-Container &#8211; Flexible Beladung und sichere Lagerung<\/strong><br \/>\nDer neue 20-Fu\u00df-High-Cube-Open-Top-Container kombiniert die zus\u00e4tzliche H\u00f6he eines High Cube mit einem Open-Top-Design, das flexiblen Zugang f\u00fcr \u00fcbergro\u00dfe oder unregelm\u00e4\u00dfige Ladung bietet. Er ist ideal f\u00fcr die Schifffahrt, das Baugewerbe und die Industrielogistik. Er l\u00e4sst sich leicht mit Kr\u00e4nen oder Gabelstaplern beladen und bietet Platz f\u00fcr sperrige G\u00fcter und Ausr\u00fcstungen.<br \/>\nDer aus robustem Corten-Stahl gefertigte Container bietet ausgezeichnete Wetterbest\u00e4ndigkeit, Sicherheit und langfristige Zuverl\u00e4ssigkeit. Vollst\u00e4ndig ISO- und CSC-zertifiziert, erf\u00fcllt es alle internationalen Standards f\u00fcr einen sicheren Transport. Seine High Cube-Abmessungen bieten zus\u00e4tzlichen Innenraum, was ihn praktisch f\u00fcr gro\u00dfvolumige Sendungen oder speziellen Lagerbedarf macht.<\/p>\n<p><strong>Kaufen Sie einen neuen 20-Fu\u00df-High-Cube-Open-Top-Container von der CHS Container Group<\/strong><br \/>\nDie neuen 20-Fu\u00df-High-Cube-Open-Top-Container der CHS Container Group sind auf Ihre Projektanforderungen zugeschnitten:<br \/>\n&#8211; Premium-Qualit\u00e4t &#8211; ISO-zertifiziert und CSC-zertifiziert f\u00fcr einen sicheren weltweiten Versand<br \/>\n&#8211; Extra H\u00f6he &#8211; High Cube Design erm\u00f6glicht eine gr\u00f6\u00dfere Ladekapazit\u00e4t<br \/>\n&#8211; Open-Top-Flexibilit\u00e4t &#8211; ideal f\u00fcr \u00fcbergro\u00dfe oder sperrig geformte Ladungen<br \/>\n&#8211; Schnelle Lieferung &#8211; in ganz Deutschland, Europa und dar\u00fcber hinaus<br \/>\n&#8211; Individuell anpassbare Optionen &#8211; Abdeckplanen, Bel\u00fcftung, Schlie\u00dff\u00e4cher oder spezielle Lackierungen<br \/>\nMit jahrzehntelanger Erfahrung steht die CHS Container Group f\u00fcr Qualit\u00e4t, Zuverl\u00e4ssigkeit und kundenorientierten Service. Der Kauf eines neuen 40-Fu\u00df-High-Cube-Open-Top-Containers garantiert eine praktische, sichere und kosteng\u00fcnstige L\u00f6sung f\u00fcr alle Versand- und Lagerungsanforderungen.<\/p>\n<p>&nbsp;<\/p>\n","protected":false},"excerpt":{"rendered":"<p>Neuer 20-Fu\u00df-High-Cube-Open-Top-Container &#8211; Flexible Beladung und sichere Lagerung Der neue 20-Fu\u00df-High-Cube-Open-Top-Container kombiniert die zus\u00e4tzliche H\u00f6he eines High Cube mit einem Open-Top-Design, das flexiblen Zugang f\u00fcr \u00fcbergro\u00dfe oder unregelm\u00e4\u00dfige Ladung bietet. Er ist ideal f\u00fcr die Schifffahrt, das Baugewerbe und die Industrielogistik. Er l\u00e4sst sich leicht mit Kr\u00e4nen oder Gabelstaplern beladen und bietet Platz f\u00fcr sperrige [&hellip;]<\/p>\n","protected":false},"featured_media":6539,"comment_status":"open","ping_status":"closed","template":"","meta":{"_acf_changed":false,"inline_featured_image":false,"_angie_page":false},"product_brand":[],"product_cat":[198],"product_tag":[],"class_list":{"0":"post-4783","1":"product","2":"type-product","3":"status-publish","4":"has-post-thumbnail","6":"product_cat-seecontainer","7":"product_shipping_class-20ft","9":"first","10":"outofstock","11":"taxable","12":"shipping-taxable","13":"purchasable","14":"product-type-simple"},"acf":[],"_links":{"self":[{"href":"https:\/\/chs-containergroup.com\/de\/wp-json\/wp\/v2\/product\/4783","targetHints":{"allow":["GET"]}}],"collection":[{"href":"https:\/\/chs-containergroup.com\/de\/wp-json\/wp\/v2\/product"}],"about":[{"href":"https:\/\/chs-containergroup.com\/de\/wp-json\/wp\/v2\/types\/product"}],"replies":[{"embeddable":true,"href":"https:\/\/chs-containergroup.com\/de\/wp-json\/wp\/v2\/comments?post=4783"}],"wp:featuredmedia":[{"embeddable":true,"href":"https:\/\/chs-containergroup.com\/de\/wp-json\/wp\/v2\/media\/6539"}],"wp:attachment":[{"href":"https:\/\/chs-containergroup.com\/de\/wp-json\/wp\/v2\/media?parent=4783"}],"wp:term":[{"taxonomy":"product_brand","embeddable":true,"href":"https:\/\/chs-containergroup.com\/de\/wp-json\/wp\/v2\/product_brand?post=4783"},{"taxonomy":"product_cat","embeddable":true,"href":"https:\/\/chs-containergroup.com\/de\/wp-json\/wp\/v2\/product_cat?post=4783"},{"taxonomy":"product_tag","embeddable":true,"href":"https:\/\/chs-containergroup.com\/de\/wp-json\/wp\/v2\/product_tag?post=4783"}],"curies":[{"name":"wp","href":"https:\/\/api.w.org\/{rel}","templated":true}]}}