{"id":4775,"date":"2025-09-22T08:09:42","date_gmt":"2025-09-22T06:09:42","guid":{"rendered":"https:\/\/chs-containergroup.com\/de\/product\/40ft-new-shipping-containers-for-sale\/"},"modified":"2025-11-25T16:43:53","modified_gmt":"2025-11-25T15:43:53","slug":"40-fuss-neu-seecontainer-kaufen","status":"publish","type":"product","link":"https:\/\/chs-containergroup.com\/de\/shop\/seecontainer\/40-fuss-neu-seecontainer-kaufen\/","title":{"rendered":"40 Fu\u00df Neu Seecontainer"},"content":{"rendered":"<p><strong>Neuer 40-Fu\u00df-Trockengutcontainer &#8211; robust, ger\u00e4umig und zuverl\u00e4ssig<br \/>\nEin neuer 40-Fu\u00df-Trockengutcontainer<\/strong>bietet eine gro\u00dfe, sichere und langlebige Lagerl\u00f6sung. Sein ger\u00e4umiger Innenraum ist ideal f\u00fcr den internationalen Versand, die Lagerung vor Ort und eine flexible Lieferkettenlogistik.<\/p>\n<p>Dieser aus robustem Corten-Stahl gefertigte Beh\u00e4lter ist stabil, wetterfest und sicher. Er ist vollst\u00e4ndig ISO- und CSC-zertifiziert und erf\u00fcllt damit die internationalen Standards f\u00fcr einen sicheren Transport. Sein gro\u00dfes Fassungsverm\u00f6gen erm\u00f6glicht die problemlose Lagerung von Werkzeugen, Maschinen, M\u00f6beln oder Baumaterialien.<\/p>\n<p><strong>Was bedeutet &#8222;neuer Container&#8220;?<\/strong><br \/>\nEin &#8222;neuer&#8220; Schiffscontainer ist ein sogenannter One-Trip-Container &#8211; er wurde nur einmal f\u00fcr den Transport von der Fabrik zu seinem ersten Bestimmungsort verwendet. Dies gew\u00e4hrleistet einen minimalen Verschlei\u00df, einen perfekten Zustand und die h\u00f6chsten Standards f\u00fcr Haltbarkeit und Langlebigkeit im Vergleich zu gebrauchten Containern.<\/p>\n<p><strong>Kaufen Sie einen neuen 40-Fu\u00df-Container von der CHS Container Group<\/strong><br \/>\nDie CHS Container Group bietet brandneue 40-Fu\u00df-Container, die auf Ihre Projektanforderungen zugeschnitten sind.<\/p>\n<ul>\n<li>Hochwertige Konstruktion &#8211; ISO-zertifiziert und CSC-beschichtet.<\/li>\n<li>Langfristige Zuverl\u00e4ssigkeit &#8211; ideal f\u00fcr empfindliche Fracht und dauerhafte Lagerung.<\/li>\n<li>Schnelle Lieferung &#8211; verf\u00fcgbar in Deutschland, Europa, den USA und dar\u00fcber hinaus.<\/li>\n<li>Anpassbare Funktionen &#8211; alle neuen Container sind standardm\u00e4\u00dfig mit Schlie\u00dff\u00e4chern und Bel\u00fcftung ausgestattet. Die Bel\u00fcftung kann bei Bedarf weiter optimiert werden. Jeder Container ist mit robusten Doppelt\u00fcren ausgestattet. Zus\u00e4tzliche Merkmale wie spezielle Lackierungen sind ebenfalls erh\u00e4ltlich.<\/li>\n<\/ul>\n<p>&nbsp;<\/p>\n<p>Mit jahrzehntelanger Erfahrung bietet die CHS Container Group einen zuverl\u00e4ssigen, hochwertigen und kundenorientierten Service. Der Kauf eines neuen 40-Fu\u00df-Containers gew\u00e4hrleistet eine dauerhafte, sichere und kosteng\u00fcnstige L\u00f6sung f\u00fcr alle Lager- und Transportanforderungen.<\/p>\n","protected":false},"excerpt":{"rendered":"<p>Neuer 40-Fu\u00df-Trockengutcontainer &#8211; robust, ger\u00e4umig und zuverl\u00e4ssig Ein neuer 40-Fu\u00df-Trockengutcontainerbietet eine gro\u00dfe, sichere und langlebige Lagerl\u00f6sung. Sein ger\u00e4umiger Innenraum ist ideal f\u00fcr den internationalen Versand, die Lagerung vor Ort und eine flexible Lieferkettenlogistik. Dieser aus robustem Corten-Stahl gefertigte Beh\u00e4lter ist stabil, wetterfest und sicher. Er ist vollst\u00e4ndig ISO- und CSC-zertifiziert und erf\u00fcllt damit die internationalen [&hellip;]<\/p>\n","protected":false},"featured_media":6410,"comment_status":"open","ping_status":"closed","template":"","meta":{"_acf_changed":false,"inline_featured_image":false,"_angie_page":false},"product_brand":[],"product_cat":[198],"product_tag":[],"class_list":{"0":"post-4775","1":"product","2":"type-product","3":"status-publish","4":"has-post-thumbnail","6":"product_cat-seecontainer","7":"product_shipping_class-40ft","9":"first","10":"instock","11":"taxable","12":"shipping-taxable","13":"purchasable","14":"product-type-simple"},"acf":[],"_links":{"self":[{"href":"https:\/\/chs-containergroup.com\/de\/wp-json\/wp\/v2\/product\/4775","targetHints":{"allow":["GET"]}}],"collection":[{"href":"https:\/\/chs-containergroup.com\/de\/wp-json\/wp\/v2\/product"}],"about":[{"href":"https:\/\/chs-containergroup.com\/de\/wp-json\/wp\/v2\/types\/product"}],"replies":[{"embeddable":true,"href":"https:\/\/chs-containergroup.com\/de\/wp-json\/wp\/v2\/comments?post=4775"}],"wp:featuredmedia":[{"embeddable":true,"href":"https:\/\/chs-containergroup.com\/de\/wp-json\/wp\/v2\/media\/6410"}],"wp:attachment":[{"href":"https:\/\/chs-containergroup.com\/de\/wp-json\/wp\/v2\/media?parent=4775"}],"wp:term":[{"taxonomy":"product_brand","embeddable":true,"href":"https:\/\/chs-containergroup.com\/de\/wp-json\/wp\/v2\/product_brand?post=4775"},{"taxonomy":"product_cat","embeddable":true,"href":"https:\/\/chs-containergroup.com\/de\/wp-json\/wp\/v2\/product_cat?post=4775"},{"taxonomy":"product_tag","embeddable":true,"href":"https:\/\/chs-containergroup.com\/de\/wp-json\/wp\/v2\/product_tag?post=4775"}],"curies":[{"name":"wp","href":"https:\/\/api.w.org\/{rel}","templated":true}]}}