{"id":4774,"date":"2025-09-22T10:56:29","date_gmt":"2025-09-22T08:56:29","guid":{"rendered":"https:\/\/chs-containergroup.com\/de\/product\/20ft-new-side-open-containers-for-sale\/"},"modified":"2026-03-31T09:38:28","modified_gmt":"2026-03-31T07:38:28","slug":"20-fuss-neu-side-open-container-kaufen","status":"publish","type":"product","link":"https:\/\/chs-containergroup.com\/de\/shop\/seecontainer\/20-fuss-neu-side-open-container-kaufen\/","title":{"rendered":"20 Fu\u00df Neu Segmented Side-Door Container"},"content":{"rendered":"<p><strong>Neuer 20-Fu\u00df-Container mit offener Seite &#8211; flexibler Zugang und einfache Beladung<\/strong><br \/>\nEin 20-Fu\u00df-Container mit offener Seite ist f\u00fcr einen einfachen seitlichen Zugang konzipiert und bietet eine unvergleichliche Flexibilit\u00e4t beim Be- und Entladen. Er ist ideal f\u00fcr die Lagerung vor Ort, den Transport von sperrigen Gegenst\u00e4nden oder modulare Logistikl\u00f6sungen und maximiert die betriebliche Effizienz in Lagerh\u00e4usern, auf Baustellen oder im weltweiten Versand.<\/p>\n<p>Dieser aus robustem Corten-Stahl gefertigte Beh\u00e4lter garantiert Langlebigkeit, Wetterbest\u00e4ndigkeit und Sicherheit. Vollst\u00e4ndig ISO- und CSC-zertifiziert, erf\u00fcllt es alle Anforderungen f\u00fcr einen sicheren internationalen Transport. Seine offene Seite erm\u00f6glicht die einfache Handhabung von \u00fcbergro\u00dfen G\u00fctern, Paletten oder Maschinen, die nicht durch Standardt\u00fcren passen.<\/p>\n<p><strong>Was bedeutet &#8222;neuer Container&#8220;?<br \/>\n<\/strong>Ein &#8222;neuer&#8220; Schiffscontainer ist ein sogenannter One-Trip-Container &#8211; er wurde nur einmal f\u00fcr den Transport von der Fabrik zu seinem ersten Bestimmungsort verwendet. Dies gew\u00e4hrleistet einen minimalen Verschlei\u00df, einen perfekten Zustand und die h\u00f6chsten Standards f\u00fcr Haltbarkeit und Langlebigkeit im Vergleich zu gebrauchten Containern.<\/p>\n<p><strong>Kaufen Sie einen neuen 20-Fu\u00df-Container mit offener Seite bei der CHS Container Group<br \/>\n<\/strong>. Bei der CHS Container Group bieten wir brandneue 20-Fu\u00df-Container mit offener Seite an, die auf Ihre Projektanforderungen zugeschnitten sind:<\/p>\n<ul>\n<li>Premium-Qualit\u00e4t &#8211; ISO- und CSC-zertifiziert f\u00fcr einen sicheren weltweiten Transport<\/li>\n<li>Offene Seitengestaltung &#8211; perfekt f\u00fcr \u00fcbergro\u00dfe oder sperrige Fracht<\/li>\n<li>Langlebige Konstruktion &#8211; robuster Cortenstahl f\u00fcr den langfristigen Einsatz<\/li>\n<li>Schnelle Lieferung &#8211; verf\u00fcgbar in ganz Deutschland, Europa und dar\u00fcber hinaus<\/li>\n<li>Individuell anpassbare Optionen &#8211; Bel\u00fcftung, Verankerungen oder spezielle Lackierungen<\/li>\n<\/ul>\n<p>&nbsp;<\/p>\n<p>Mit jahrzehntelanger Erfahrung garantiert die CHS Container Group Qualit\u00e4t, Zuverl\u00e4ssigkeit und einen kundenorientierten Service. Der Kauf eines neuen 20-Fu\u00df-Containers mit offener Seite bietet eine sichere, langlebige und kosteng\u00fcnstige L\u00f6sung f\u00fcr Lagerung, Versand und flexible Logistik.<\/p>\n","protected":false},"excerpt":{"rendered":"<p>Neuer 20-Fu\u00df-Container mit offener Seite &#8211; flexibler Zugang und einfache Beladung Ein 20-Fu\u00df-Container mit offener Seite ist f\u00fcr einen einfachen seitlichen Zugang konzipiert und bietet eine unvergleichliche Flexibilit\u00e4t beim Be- und Entladen. Er ist ideal f\u00fcr die Lagerung vor Ort, den Transport von sperrigen Gegenst\u00e4nden oder modulare Logistikl\u00f6sungen und maximiert die betriebliche Effizienz in Lagerh\u00e4usern, [&hellip;]<\/p>\n","protected":false},"featured_media":4270,"comment_status":"open","ping_status":"closed","template":"","meta":{"_acf_changed":false,"inline_featured_image":false,"_angie_page":false},"product_brand":[],"product_cat":[198],"product_tag":[],"class_list":{"0":"post-4774","1":"product","2":"type-product","3":"status-publish","4":"has-post-thumbnail","6":"product_cat-seecontainer","7":"product_shipping_class-20ft","9":"first","10":"outofstock","11":"taxable","12":"shipping-taxable","13":"purchasable","14":"product-type-simple"},"acf":[],"_links":{"self":[{"href":"https:\/\/chs-containergroup.com\/de\/wp-json\/wp\/v2\/product\/4774","targetHints":{"allow":["GET"]}}],"collection":[{"href":"https:\/\/chs-containergroup.com\/de\/wp-json\/wp\/v2\/product"}],"about":[{"href":"https:\/\/chs-containergroup.com\/de\/wp-json\/wp\/v2\/types\/product"}],"replies":[{"embeddable":true,"href":"https:\/\/chs-containergroup.com\/de\/wp-json\/wp\/v2\/comments?post=4774"}],"wp:featuredmedia":[{"embeddable":true,"href":"https:\/\/chs-containergroup.com\/de\/wp-json\/wp\/v2\/media\/4270"}],"wp:attachment":[{"href":"https:\/\/chs-containergroup.com\/de\/wp-json\/wp\/v2\/media?parent=4774"}],"wp:term":[{"taxonomy":"product_brand","embeddable":true,"href":"https:\/\/chs-containergroup.com\/de\/wp-json\/wp\/v2\/product_brand?post=4774"},{"taxonomy":"product_cat","embeddable":true,"href":"https:\/\/chs-containergroup.com\/de\/wp-json\/wp\/v2\/product_cat?post=4774"},{"taxonomy":"product_tag","embeddable":true,"href":"https:\/\/chs-containergroup.com\/de\/wp-json\/wp\/v2\/product_tag?post=4774"}],"curies":[{"name":"wp","href":"https:\/\/api.w.org\/{rel}","templated":true}]}}