{"id":4761,"date":"2025-09-22T08:09:42","date_gmt":"2025-09-22T06:09:42","guid":{"rendered":"https:\/\/chs-containergroup.com\/de\/product\/20ft-new-shipping-containers-for-sale\/"},"modified":"2025-11-25T16:44:04","modified_gmt":"2025-11-25T15:44:04","slug":"20-fuss-neu-seecontainer-kaufen","status":"publish","type":"product","link":"https:\/\/chs-containergroup.com\/de\/shop\/seecontainer\/20-fuss-neu-seecontainer-kaufen\/","title":{"rendered":"20 Fu\u00df Neu Seecontainer"},"content":{"rendered":"<p><strong>Neuer 20-Fu\u00df-Seecontainer &#8211; robust, zuverl\u00e4ssig und langlebig<br \/>\n<\/strong>Ein neuer 20-Fu\u00df-Versandcontainer ist eine vielseitige L\u00f6sung f\u00fcr Unternehmen, die eine sichere und langfristige Lagerung suchen. Sein kompaktes und dennoch ger\u00e4umiges Design macht ihn perfekt f\u00fcr den internationalen Transport, die Lagerung vor Ort und flexible Logistikabl\u00e4ufe.<\/p>\n<p>Dieser aus hochwertigem Cortenstahl gefertigte Container bietet hervorragenden Wetterschutz, St\u00e4rke und Sicherheit. Mit der ISO- und CSC-Zertifizierung entspricht er den weltweiten Standards f\u00fcr sicheren Transport. Dank seiner praktischen Gr\u00f6\u00dfe bietet er ausreichend Platz f\u00fcr Werkzeuge, Maschinen, M\u00f6bel und Baumaterialien.<\/p>\n<p>Ob f\u00fcr die permanente Trockenlagerung, die Logistik auf Baustellen oder die Integration in eine globale Lieferkette, ein neuer 20-Fu\u00df-Container gew\u00e4hrleistet zuverl\u00e4ssige Leistung und Langlebigkeit.<\/p>\n<p><strong>Was bedeutet &#8222;neuer Container&#8220;?<br \/>\n<\/strong>Ein &#8222;neuer&#8220; Schiffscontainer ist ein sogenannter One-Trip-Container &#8211; er wurde nur einmal f\u00fcr den Transport von der Fabrik zu seinem ersten Bestimmungsort verwendet. Dies gew\u00e4hrleistet einen minimalen Verschlei\u00df, einen perfekten Zustand und die h\u00f6chsten Standards f\u00fcr Haltbarkeit und Langlebigkeit im Vergleich zu gebrauchten Containern.<\/p>\n<p><strong>Kaufen Sie einen neuen 20-Fu\u00df-Schiffscontainer von der CHS Container Group<br \/>\n<\/strong>Die CHS Container Group bietet neue 20-Fu\u00df-Container, die auf Ihre speziellen Projektanforderungen zugeschnitten sind.<\/p>\n<ul>\n<li>Spitzenqualit\u00e4t &#8211; ISO-zertifiziert und CSC-gepr\u00fcft f\u00fcr garantierte Zuverl\u00e4ssigkeit.<\/li>\n<li>Langfristige Nutzung &#8211; ideal f\u00fcr empfindliche Fracht oder l\u00e4ngere Lagerung.<\/li>\n<li>Schnelle Lieferung &#8211; verf\u00fcgbar in ganz Deutschland, Europa, den USA und dar\u00fcber hinaus.<\/li>\n<li>Anpassbare Optionen &#8211; alle neuen Container sind standardm\u00e4\u00dfig mit Schlie\u00dff\u00e4chern und Bel\u00fcftung ausgestattet. Die Bel\u00fcftung kann optimiert werden, und es k\u00f6nnen zus\u00e4tzliche Funktionen wie spezielle Beschichtungen hinzugef\u00fcgt werden. Jeder Container ist au\u00dferdem mit robusten Doppelt\u00fcren ausgestattet.<\/li>\n<\/ul>\n<p>&nbsp;<\/p>\n<p>Die Investition in einen neuen 20-Fu\u00df-Schiffscontainer der CHS Container Group gew\u00e4hrleistet eine sichere, langlebige und kosteng\u00fcnstige L\u00f6sung f\u00fcr all Ihre Lager- und Transportanforderungen.<\/p>\n<p>Bei der CHS Container Group bieten wir fabrikneue 20-Fu\u00df-Schiffscontainer an, die genau auf Ihre Projektanforderungen zugeschnitten sind. Mit jahrzehntelanger Erfahrung garantiert die CHS Container Group h\u00f6chste Qualit\u00e4t, Zuverl\u00e4ssigkeit und einen kundenorientierten Service. Der Kauf eines neuen Containers gew\u00e4hrleistet eine sichere, dauerhafte und langfristige L\u00f6sung f\u00fcr alle Ihre Lager- und Transportanforderungen.<\/p>\n","protected":false},"excerpt":{"rendered":"<p>Der 20-Fu\u00df-Trockengutcontainer ist ideal f\u00fcr den sicheren Transport und die Lagerung. Robuster Stahl sorgt f\u00fcr St&#8230;<\/p>\n","protected":false},"featured_media":3576,"comment_status":"open","ping_status":"closed","template":"","meta":{"_acf_changed":false,"inline_featured_image":false,"_angie_page":false},"product_brand":[],"product_cat":[198],"product_tag":[],"class_list":{"0":"post-4761","1":"product","2":"type-product","3":"status-publish","4":"has-post-thumbnail","6":"product_cat-seecontainer","7":"product_shipping_class-20ft","9":"first","10":"instock","11":"taxable","12":"shipping-taxable","13":"purchasable","14":"product-type-simple"},"acf":[],"_links":{"self":[{"href":"https:\/\/chs-containergroup.com\/de\/wp-json\/wp\/v2\/product\/4761","targetHints":{"allow":["GET"]}}],"collection":[{"href":"https:\/\/chs-containergroup.com\/de\/wp-json\/wp\/v2\/product"}],"about":[{"href":"https:\/\/chs-containergroup.com\/de\/wp-json\/wp\/v2\/types\/product"}],"replies":[{"embeddable":true,"href":"https:\/\/chs-containergroup.com\/de\/wp-json\/wp\/v2\/comments?post=4761"}],"wp:featuredmedia":[{"embeddable":true,"href":"https:\/\/chs-containergroup.com\/de\/wp-json\/wp\/v2\/media\/3576"}],"wp:attachment":[{"href":"https:\/\/chs-containergroup.com\/de\/wp-json\/wp\/v2\/media?parent=4761"}],"wp:term":[{"taxonomy":"product_brand","embeddable":true,"href":"https:\/\/chs-containergroup.com\/de\/wp-json\/wp\/v2\/product_brand?post=4761"},{"taxonomy":"product_cat","embeddable":true,"href":"https:\/\/chs-containergroup.com\/de\/wp-json\/wp\/v2\/product_cat?post=4761"},{"taxonomy":"product_tag","embeddable":true,"href":"https:\/\/chs-containergroup.com\/de\/wp-json\/wp\/v2\/product_tag?post=4761"}],"curies":[{"name":"wp","href":"https:\/\/api.w.org\/{rel}","templated":true}]}}