{"id":4760,"date":"2025-09-22T08:37:15","date_gmt":"2025-09-22T06:37:15","guid":{"rendered":"https:\/\/chs-containergroup.com\/de\/product\/40ft-high-cube-used-refrigerated-container-for-sale\/"},"modified":"2025-11-24T12:24:03","modified_gmt":"2025-11-24T11:24:03","slug":"40-fuss-gebraucht-high-cube-kuehlcontainer-kaufen","status":"publish","type":"product","link":"https:\/\/chs-containergroup.com\/de\/shop\/seecontainer\/40-fuss-gebraucht-high-cube-kuehlcontainer-kaufen\/","title":{"rendered":"40 Fu\u00df Gebraucht High Cube K\u00fchlcontainer"},"content":{"rendered":"<p><strong>Gebrauchte 40-Fu\u00df-High-Cube-K\u00fchlcontainer &#8211; kosteneffizient und zuverl\u00e4ssig<\/strong><br \/>\nEin gebrauchter 40-Fu\u00df-High-Cube-K\u00fchlcontainer ist eine budgetfreundliche L\u00f6sung f\u00fcr Unternehmen, die eine temperaturkontrollierte Lagerung ben\u00f6tigen. Auch als gebrauchter Container bietet er Sicherheit, Isolierung und Haltbarkeit und eignet sich daher f\u00fcr kurz- oder mittelfristige nationale und internationale Transporte, K\u00fchllagerung vor Ort oder Projektlogistik.<\/p>\n<p>K\u00fchlcontainer bestehen aus einer Kombination von Materialien: einer Au\u00dfenh\u00fclle aus korrosionsbest\u00e4ndigem Stahl oder Aluminium, einer Innenauskleidung aus rostfreiem Stahl oder lebensmittelechtem Aluminium und dazwischen Hochleistungsisolierschichten. Dieses Multi-Material-Design garantiert Haltbarkeit, thermische Effizienz, Wetterschutz und Sicherheit. Er ist vollst\u00e4ndig ISO-zertifiziert und erf\u00fcllt alle internationalen Standards f\u00fcr einen sicheren Transport. Mit seinem kompakten und dennoch ger\u00e4umigen Design bietet er ausreichend Platz f\u00fcr Paletten, Kisten oder spezielle K\u00fchlladung und ist dabei einfach zu handhaben und zu positionieren.<\/p>\n<p><strong>Was bedeutet &#8222;gebrauchter Container&#8220;?<br \/>\n<\/strong>Ein &#8222;gebrauchter&#8220; Schiffscontainer war in der Regel mehrere Jahre lang im internationalen Transport im Einsatz. Er weist Abnutzungserscheinungen wie Kratzer, Beulen oder Oberfl\u00e4chenrost auf, ist aber weiterhin wind- und wasserdicht, sicher und voll funktionsf\u00e4hig. Gebrauchte Container werden inspiziert und zertifiziert, um eine sichere Handhabung und einen kosteneffizienten Einsatz zu gew\u00e4hrleisten.<\/p>\n<p>Ein gebrauchter 40-Fu\u00df-Container ist eine praktische und bew\u00e4hrte L\u00f6sung f\u00fcr die vor\u00fcbergehende Trockenlagerung, den Baustellenbetrieb oder die Integration in eine Lieferkette. Geeignet f\u00fcr alle, die gebrauchte Transportcontainer zum Verkauf, Lagercontainer zum Verkauf oder mobile Lagereinheiten suchen.<\/p>\n<p><strong>Kaufen Sie einen gebrauchten 40-Fu\u00df-High-Cube-K\u00fchlcontainer bei der CHS Container Group<br \/>\n<\/strong>Wir von der CHS Container Group sorgen daf\u00fcr:<\/p>\n<ul>\n<li>Garantierte Qualit\u00e4t &#8211; gepr\u00fcft, ISO- und CSC-zertifiziert<\/li>\n<li>Flexible Kaufoptionen &#8211; kosteng\u00fcnstig f\u00fcr Lagerhaltung oder tempor\u00e4re Projekte<\/li>\n<li>Schnelle Lieferung &#8211; in ganz Deutschland, Europa und dar\u00fcber hinaus<\/li>\n<li>Anpassbare Funktionen &#8211; Regale, Trennw\u00e4nde, Bel\u00fcftung oder Schloss-Upgrades<\/li>\n<\/ul>\n<p>&nbsp;<\/p>\n<p>Die CHS Container Group bietet eine praktische, sichere und zuverl\u00e4ssige L\u00f6sung f\u00fcr Unternehmen, die gebrauchte 40-Fu\u00df-High-Cube-K\u00fchlcontainer zum Verkauf, Lagercontainer zum Verkauf oder mobile K\u00fchleinheiten suchen.<\/p>\n","protected":false},"excerpt":{"rendered":"<p>Gebrauchte 40-Fu\u00df-High-Cube-K\u00fchlcontainer &#8211; kosteneffizient und zuverl\u00e4ssig Ein gebrauchter 40-Fu\u00df-High-Cube-K\u00fchlcontainer ist eine budgetfreundliche L\u00f6sung f\u00fcr Unternehmen, die eine temperaturkontrollierte Lagerung ben\u00f6tigen. Auch als gebrauchter Container bietet er Sicherheit, Isolierung und Haltbarkeit und eignet sich daher f\u00fcr kurz- oder mittelfristige nationale und internationale Transporte, K\u00fchllagerung vor Ort oder Projektlogistik. K\u00fchlcontainer bestehen aus einer Kombination von Materialien: einer [&hellip;]<\/p>\n","protected":false},"featured_media":4996,"comment_status":"open","ping_status":"closed","template":"","meta":{"_acf_changed":false,"inline_featured_image":false,"_angie_page":false},"product_brand":[],"product_cat":[198],"product_tag":[],"class_list":{"0":"post-4760","1":"product","2":"type-product","3":"status-publish","4":"has-post-thumbnail","6":"product_cat-seecontainer","8":"first","9":"outofstock","10":"taxable","11":"shipping-taxable","12":"purchasable","13":"product-type-simple"},"acf":[],"_links":{"self":[{"href":"https:\/\/chs-containergroup.com\/de\/wp-json\/wp\/v2\/product\/4760","targetHints":{"allow":["GET"]}}],"collection":[{"href":"https:\/\/chs-containergroup.com\/de\/wp-json\/wp\/v2\/product"}],"about":[{"href":"https:\/\/chs-containergroup.com\/de\/wp-json\/wp\/v2\/types\/product"}],"replies":[{"embeddable":true,"href":"https:\/\/chs-containergroup.com\/de\/wp-json\/wp\/v2\/comments?post=4760"}],"wp:featuredmedia":[{"embeddable":true,"href":"https:\/\/chs-containergroup.com\/de\/wp-json\/wp\/v2\/media\/4996"}],"wp:attachment":[{"href":"https:\/\/chs-containergroup.com\/de\/wp-json\/wp\/v2\/media?parent=4760"}],"wp:term":[{"taxonomy":"product_brand","embeddable":true,"href":"https:\/\/chs-containergroup.com\/de\/wp-json\/wp\/v2\/product_brand?post=4760"},{"taxonomy":"product_cat","embeddable":true,"href":"https:\/\/chs-containergroup.com\/de\/wp-json\/wp\/v2\/product_cat?post=4760"},{"taxonomy":"product_tag","embeddable":true,"href":"https:\/\/chs-containergroup.com\/de\/wp-json\/wp\/v2\/product_tag?post=4760"}],"curies":[{"name":"wp","href":"https:\/\/api.w.org\/{rel}","templated":true}]}}