{"id":4755,"date":"2025-09-22T08:09:42","date_gmt":"2025-09-22T06:09:42","guid":{"rendered":"https:\/\/chs-containergroup.com\/de\/product\/40ft-high-cube-used-shipping-containers-for-sale\/"},"modified":"2026-04-16T14:14:07","modified_gmt":"2026-04-16T12:14:07","slug":"40-fuss-high-cube-gebraucht-seecontainer-kaufen","status":"publish","type":"product","link":"https:\/\/chs-containergroup.com\/de\/shop\/seecontainer\/40-fuss-high-cube-gebraucht-seecontainer-kaufen\/","title":{"rendered":"40 Fu\u00df High-Cube Gebraucht Seecontainer"},"content":{"rendered":"<p><strong>Gebrauchte 40-Foot Dry Van Container \u2013\u00a0Kosteng\u00fcnstig, praktisch und zuverl\u00e4ssig<\/strong><br \/>\nDer gebrauchte 40-Fu\u00df-Transportcontainer ist eine erschwingliche Option f\u00fcr alle, die eine flexible, zuverl\u00e4ssige Lagerung ben\u00f6tigen. Sein gro\u00dfes, platzsparendes Design ist perfekt f\u00fcr die vor\u00fcbergehende Lagerung, die Baustellenlogistik und den kurzfristigen Versand.<\/p>\n<p>Er ist aus robustem Corten-Stahl gefertigt und bietet Sicherheit, Langlebigkeit und Witterungsschutz bei gleichzeitiger ISO-Zertifizierung f\u00fcr sichere Handhabung. Obwohl er gebraucht ist, kann er immer noch effektiv Werkzeuge, Maschinen, M\u00f6bel oder Baumaterialien aufbewahren.<\/p>\n<p><strong>Was bedeutet &#8222;gebrauchter Container&#8220;?<br \/>\n<\/strong>Ein &#8222;gebrauchter&#8220; Schiffscontainer war in der Regel mehrere Jahre lang im internationalen Transport im Einsatz. Er weist Abnutzungserscheinungen wie Kratzer, Beulen oder Oberfl\u00e4chenrost auf, ist aber weiterhin wind- und wasserdicht, sicher und voll funktionsf\u00e4hig. Gebrauchte Container werden inspiziert und zertifiziert, um eine sichere Handhabung und einen kosteneffizienten Einsatz zu gew\u00e4hrleisten.<\/p>\n<p>Ein gebrauchter 40-Fu\u00df-Container ist eine praktische und bew\u00e4hrte L\u00f6sung f\u00fcr die vor\u00fcbergehende Trockenlagerung, den Baustellenbetrieb oder die Integration in eine Lieferkette. Geeignet f\u00fcr alle, die gebrauchte Transportcontainer zum Verkauf, Lagercontainer zum Verkauf oder mobile Lagereinheiten suchen.<\/p>\n<p><strong>Kaufen Sie einen gebrauchten 40-Fu\u00df-Container von der CHS Container Group<br \/>\n<\/strong>Wir von der CHS Container Group sind auf gebrauchte 40-Fu\u00df-Container spezialisiert, die sowohl den betrieblichen als auch den finanziellen Anforderungen entsprechen. Mit jahrzehntelanger Erfahrung steht CHS f\u00fcr Zuverl\u00e4ssigkeit, Qualit\u00e4t und kundenorientierten Service.<\/p>\n<ul>\n<li>Erschwinglich und praktisch &#8211; ideal f\u00fcr tempor\u00e4re Projekte oder kurzfristigen Lagerbedarf.<\/li>\n<li>Zertifizierte Qualit\u00e4t &#8211; alle gebrauchten Container sind ISO-zertifiziert.<\/li>\n<li>Schnelle Lieferung &#8211; verf\u00fcgbar in ganz Deutschland, Europa, den USA und dar\u00fcber hinaus.<\/li>\n<li>Anpassbare Optionen &#8211; Schlie\u00dff\u00e4cher, Bel\u00fcftung und Doppelt\u00fcren sind Standard. Die Bel\u00fcftung kann optimiert werden, und zus\u00e4tzliche Merkmale wie spezielle Lackierungen k\u00f6nnen hinzugef\u00fcgt werden.<\/li>\n<\/ul>\n<p>&nbsp;<\/p>\n<p>Wenn Sie sich f\u00fcr einen gebrauchten 40-Fu\u00df-Transportcontainer von CHS entscheiden, erhalten Sie eine sichere, langlebige und kosteng\u00fcnstige L\u00f6sung f\u00fcr eine Vielzahl von Lager- und Transportanwendungen.<\/p>\n","protected":false},"excerpt":{"rendered":"<p>Gebrauchte 40-Foot Dry Van Container \u2013\u00a0Kosteng\u00fcnstig, praktisch und zuverl\u00e4ssig Der gebrauchte 40-Fu\u00df-Transportcontainer ist eine erschwingliche Option f\u00fcr alle, die eine flexible, zuverl\u00e4ssige Lagerung ben\u00f6tigen. Sein gro\u00dfes, platzsparendes Design ist perfekt f\u00fcr die vor\u00fcbergehende Lagerung, die Baustellenlogistik und den kurzfristigen Versand. Er ist aus robustem Corten-Stahl gefertigt und bietet Sicherheit, Langlebigkeit und Witterungsschutz bei gleichzeitiger ISO-Zertifizierung [&hellip;]<\/p>\n","protected":false},"featured_media":3918,"comment_status":"open","ping_status":"closed","template":"","meta":{"_acf_changed":false,"inline_featured_image":false,"_angie_page":false},"product_brand":[],"product_cat":[198],"product_tag":[],"class_list":{"0":"post-4755","1":"product","2":"type-product","3":"status-publish","4":"has-post-thumbnail","6":"product_cat-seecontainer","7":"product_shipping_class-40ft","9":"first","10":"instock","11":"taxable","12":"shipping-taxable","13":"purchasable","14":"product-type-simple"},"acf":[],"_links":{"self":[{"href":"https:\/\/chs-containergroup.com\/de\/wp-json\/wp\/v2\/product\/4755","targetHints":{"allow":["GET"]}}],"collection":[{"href":"https:\/\/chs-containergroup.com\/de\/wp-json\/wp\/v2\/product"}],"about":[{"href":"https:\/\/chs-containergroup.com\/de\/wp-json\/wp\/v2\/types\/product"}],"replies":[{"embeddable":true,"href":"https:\/\/chs-containergroup.com\/de\/wp-json\/wp\/v2\/comments?post=4755"}],"wp:featuredmedia":[{"embeddable":true,"href":"https:\/\/chs-containergroup.com\/de\/wp-json\/wp\/v2\/media\/3918"}],"wp:attachment":[{"href":"https:\/\/chs-containergroup.com\/de\/wp-json\/wp\/v2\/media?parent=4755"}],"wp:term":[{"taxonomy":"product_brand","embeddable":true,"href":"https:\/\/chs-containergroup.com\/de\/wp-json\/wp\/v2\/product_brand?post=4755"},{"taxonomy":"product_cat","embeddable":true,"href":"https:\/\/chs-containergroup.com\/de\/wp-json\/wp\/v2\/product_cat?post=4755"},{"taxonomy":"product_tag","embeddable":true,"href":"https:\/\/chs-containergroup.com\/de\/wp-json\/wp\/v2\/product_tag?post=4755"}],"curies":[{"name":"wp","href":"https:\/\/api.w.org\/{rel}","templated":true}]}}