{"id":4753,"date":"2025-10-20T12:27:42","date_gmt":"2025-10-20T10:27:42","guid":{"rendered":"https:\/\/chs-containergroup.com\/de\/product\/20ft-used-domestic-refrigerated-container-for-sale\/"},"modified":"2025-11-25T16:44:08","modified_gmt":"2025-11-25T15:44:08","slug":"20-fuss-gebraucht-kuehlcontainer-sonderausstattung-kaufen","status":"publish","type":"product","link":"https:\/\/chs-containergroup.com\/de\/shop\/seecontainer\/20-fuss-gebraucht-kuehlcontainer-sonderausstattung-kaufen\/","title":{"rendered":"20 Fu\u00df Gebraucht K\u00fchlcontainer Sonderausstattung"},"content":{"rendered":"<p><strong>Gebrauchte 20-Fu\u00df-K\u00fchlcontainer f\u00fcr den Inlandstransport &#8211; kosteng\u00fcnstig, langlebig und sicher<\/strong><br \/>\nEin gebrauchter 20-Fu\u00df-K\u00fchlcontainer ist eine preisg\u00fcnstige Alternative, ohne Kompromisse bei der Leistung einzugehen. Dank seiner hohen Isolierung und Temperaturkontrolle eignet er sich f\u00fcr die vor\u00fcbergehende oder kurzfristige K\u00fchllagerung, die Baustellenlogistik oder den Transport empfindlicher G\u00fcter.<\/p>\n<p>K\u00fchlcontainer bestehen aus einer Kombination von Materialien: einer Au\u00dfenh\u00fclle aus korrosionsbest\u00e4ndigem Stahl oder Aluminium, einer Innenauskleidung aus rostfreiem Stahl oder lebensmittelechtem Aluminium und dazwischen Hochleistungsisolierschichten. Dieses Design aus mehreren Materialien garantiert Langlebigkeit, W\u00e4rmeeffizienz, Wetterschutz und Sicherheit. Vollst\u00e4ndig ISO-zertifiziert, erf\u00fcllt es alle internationalen Standards f\u00fcr einen sicheren Versand. Mit seinem kompakten und dennoch ger\u00e4umigen Design bietet er ausreichend Platz f\u00fcr Paletten, Kisten oder spezielle K\u00fchlladung und ist dabei einfach zu handhaben und zu positionieren.<\/p>\n<p><strong>Was bedeutet &#8222;gebrauchter Container&#8220;?<\/strong><br \/>\nEin &#8222;gebrauchter&#8220; Schiffscontainer war in der Regel mehrere Jahre lang im internationalen Transport im Einsatz. Er weist Abnutzungserscheinungen wie Kratzer, Beulen oder Oberfl\u00e4chenrost auf, ist aber weiterhin wind- und wasserdicht, sicher und voll funktionsf\u00e4hig. Gebrauchte Container werden inspiziert und zertifiziert, um eine sichere Handhabung und einen kosteneffizienten Einsatz zu gew\u00e4hrleisten.<\/p>\n<p>Ein gebrauchter 40-Fu\u00df-Container ist eine praktische und bew\u00e4hrte L\u00f6sung f\u00fcr die vor\u00fcbergehende Trockenlagerung, den Baustellenbetrieb oder die Integration in eine Lieferkette. Geeignet f\u00fcr alle, die gebrauchte Transportcontainer zum Verkauf, Lagercontainer zum Verkauf oder mobile Lagereinheiten suchen.<\/p>\n<p><strong>Kaufen Sie einen gebrauchten 20-Fu\u00df-K\u00fchlcontainer von der CHS Container Group<br \/>\n<\/strong>Der gebrauchte 20-Fu\u00df-K\u00fchlcontainer bietet eine kosteng\u00fcnstige L\u00f6sung f\u00fcr die Lagerung und den Transport von temperatursensiblen G\u00fctern. Selbst als gebrauchtes Ger\u00e4t bietet es eine hohe Isolierung, Sicherheit und Haltbarkeit und ist damit ideal f\u00fcr die vor\u00fcbergehende K\u00fchllagerung, die Baustellenlogistik oder den kurzfristigen Versand verderblicher Waren.<\/p>\n<p>Bei der CHS Container Group stellen wir sicher:<\/p>\n<ul>\n<li>Garantierte Qualit\u00e4t &#8211; alle gebrauchten K\u00fchlcontainer sind gepr\u00fcft und zertifiziert<\/li>\n<li>Flexible Optionen &#8211; kaufen Sie je nach Ihren Anforderungen<\/li>\n<li>Schnelle Lieferung &#8211; effiziente Logistik in Deutschland, Europa und dar\u00fcber hinaus<\/li>\n<li>Anpassbare Funktionen &#8211; K\u00fchlaggregate, Innenregale oder Bel\u00fcftung<\/li>\n<\/ul>\n<p>&nbsp;<\/p>\n<p>Mit jahrzehntelanger Erfahrung garantiert die CHS Container Group eine sichere, dauerhafte und praktische L\u00f6sung f\u00fcr Unternehmen, die gebrauchte 20-Fu\u00df-K\u00fchlcontainer zum Verkauf, Lagercontainer zum Verkauf oder mobile K\u00fchleinheiten suchen.<\/p>\n","protected":false},"excerpt":{"rendered":"<p>Gebrauchte 20-Fu\u00df-K\u00fchlcontainer f\u00fcr den Inlandstransport &#8211; kosteng\u00fcnstig, langlebig und sicher Ein gebrauchter 20-Fu\u00df-K\u00fchlcontainer ist eine preisg\u00fcnstige Alternative, ohne Kompromisse bei der Leistung einzugehen. Dank seiner hohen Isolierung und Temperaturkontrolle eignet er sich f\u00fcr die vor\u00fcbergehende oder kurzfristige K\u00fchllagerung, die Baustellenlogistik oder den Transport empfindlicher G\u00fcter. K\u00fchlcontainer bestehen aus einer Kombination von Materialien: einer Au\u00dfenh\u00fclle aus [&hellip;]<\/p>\n","protected":false},"featured_media":4666,"comment_status":"open","ping_status":"closed","template":"","meta":{"_acf_changed":false,"inline_featured_image":false,"_angie_page":false},"product_brand":[],"product_cat":[198],"product_tag":[],"class_list":{"0":"post-4753","1":"product","2":"type-product","3":"status-publish","4":"has-post-thumbnail","6":"product_cat-seecontainer","7":"product_shipping_class-20ft","9":"first","10":"outofstock","11":"taxable","12":"shipping-taxable","13":"purchasable","14":"product-type-simple"},"acf":[],"_links":{"self":[{"href":"https:\/\/chs-containergroup.com\/de\/wp-json\/wp\/v2\/product\/4753","targetHints":{"allow":["GET"]}}],"collection":[{"href":"https:\/\/chs-containergroup.com\/de\/wp-json\/wp\/v2\/product"}],"about":[{"href":"https:\/\/chs-containergroup.com\/de\/wp-json\/wp\/v2\/types\/product"}],"replies":[{"embeddable":true,"href":"https:\/\/chs-containergroup.com\/de\/wp-json\/wp\/v2\/comments?post=4753"}],"wp:featuredmedia":[{"embeddable":true,"href":"https:\/\/chs-containergroup.com\/de\/wp-json\/wp\/v2\/media\/4666"}],"wp:attachment":[{"href":"https:\/\/chs-containergroup.com\/de\/wp-json\/wp\/v2\/media?parent=4753"}],"wp:term":[{"taxonomy":"product_brand","embeddable":true,"href":"https:\/\/chs-containergroup.com\/de\/wp-json\/wp\/v2\/product_brand?post=4753"},{"taxonomy":"product_cat","embeddable":true,"href":"https:\/\/chs-containergroup.com\/de\/wp-json\/wp\/v2\/product_cat?post=4753"},{"taxonomy":"product_tag","embeddable":true,"href":"https:\/\/chs-containergroup.com\/de\/wp-json\/wp\/v2\/product_tag?post=4753"}],"curies":[{"name":"wp","href":"https:\/\/api.w.org\/{rel}","templated":true}]}}