{"id":671,"date":"2024-10-10T12:48:23","date_gmt":"2024-10-10T10:48:23","guid":{"rendered":"https:\/\/chs-containergroup.com\/de\/?page_id=671"},"modified":"2026-04-10T11:22:24","modified_gmt":"2026-04-10T09:22:24","slug":"ueber-uns","status":"publish","type":"page","link":"https:\/\/chs-containergroup.com\/de\/ueber-uns\/","title":{"rendered":"\u00dcber uns"},"content":{"rendered":"\n<h2 class=\"wp-block-heading\">Unsere Geschichte<\/h2>\n\n\n\n<h3 class=\"wp-block-heading\">1978 \u2013 Gr\u00fcndung der CHS Container Group<\/h3>\n\n\n\n<p>Die CHS Container Handel und Service GmbH wird gegr\u00fcndet, zeitgleich mit der wachsenden Bedeutung des Seefrachtcontainers in der internationalen Logistik.<\/p>\n\n\n\n<p>Ein Jahr nach der Gr\u00fcndung trat Werner P\u00f6ser als kaufm\u00e4nnischer Angestellter in unser Unternehmen ein. Als <strong>Prokurist<\/strong> im Jahr 1986 und <strong>Gesch\u00e4ftsf\u00fchrer<\/strong> ab 1995 hat er zusammen mit der Familie Feldhausen die Expansion und Entwicklung der <strong>CHS Container Group<\/strong> ma\u00dfgeblich vorangetrieben. Unter seiner F\u00fchrung erweiterte sich unser Unternehmen kontinuierlich und etablierte sich in wichtigen Hafenst\u00e4dten wie <strong>Hamburg<\/strong>, <strong>Rotterdam<\/strong> <strong>und Shanghai.<\/strong><\/p>\n\n\n\n<h3 class=\"wp-block-heading\">1980er \u2013 Pionier im Containerhandel<\/h3>\n\n\n\n<p>Bereits in den fr\u00fchen 1980er-Jahren sind wir eines der ersten Unternehmen in Europa, das \u00fcber den reinen Handel mit Seecontainern hinaus ein umfassendes Serviceangebot entwickelt. Von der Reparatur \u00fcber ma\u00dfgeschneiderte Lagerl\u00f6sungen bis hin zur weltweiten Vermietung \u2013 CHS setzt fr\u00fch neue Ma\u00dfst\u00e4be in der Containerbranche. <\/p>\n\n\n\n<h3 class=\"wp-block-heading\">2004 \u2013 Gr\u00fcndung der CHS Spezialcontainer &#8211; Shelter and Engineering GmbH<\/h3>\n\n\n\n<p>Mit der Gr\u00fcndung der CHS Spezialcontainer haben wir unser Portfolio um ma\u00dfgeschneiderte Containerl\u00f6sungen erweitert. Unter der verantwortlichen Leitung von <strong>Stefan Kanowski<\/strong> bieten wir individuelle L\u00f6sungen f\u00fcr besondere Anforderungen. Diese Erweiterung hat unsere Position als innovativer Anbieter gest\u00e4rkt und erm\u00f6glicht es uns, noch gezielter auf die speziellen Bed\u00fcrfnisse unserer Kunden einzugehen.<\/p>\n\n\n\n<h3 class=\"wp-block-heading\">Expansion und Globalisierung<\/h3>\n\n\n\n<p>Durch die kontinuierliche Erweiterung unserer Dienstleistungen und der <strong>globalen Pr\u00e4senz<\/strong> haben wir uns zu einem weltweit agierenden Unternehmen entwickelt. Mit Standorten in <strong>globalen Handelszentren<\/strong> wie <strong>Taiwan,<\/strong> <strong>Hongkong<\/strong>, <strong>Dubai<\/strong> und <strong>Sao Paulo<\/strong> bieten wir innovative und flexible <strong>Containerl\u00f6sungen<\/strong> f\u00fcr den internationalen <strong>Seeverkehr<\/strong> und <strong>Containerschiffhandel<\/strong>. Unsere L\u00f6sungen sind heute in den wichtigsten <strong>Hafenst\u00e4dten weltweit<\/strong> gefragt.<\/p>\n\n\n\n<h3 class=\"wp-block-heading\">CHS heute<\/h3>\n\n\n\n<p>Unter der F\u00fchrung von <strong>Frank P\u00f6ser<\/strong> und <strong>Christian Leopold<\/strong> mit <strong>Werner P\u00f6ser<\/strong> und <strong>Carsten Leopold<\/strong> als Gesch\u00e4ftsf\u00fchrende Berater, bieten wir innovative und flexible Containerl\u00f6sungen f\u00fcr den weltweiten Einsatz \u2013 und sind nach wie vor Vorreiter in der Branche.<\/p>\n\n\n\n<figure class=\"wp-block-image size-large\"><img fetchpriority=\"high\" decoding=\"async\" width=\"1024\" height=\"683\" src=\"https:\/\/chs-containergroup.com\/de\/wp-content\/uploads\/sites\/2\/2024\/12\/chs-containergroup-geschaeftsfuehrung-1024x683.jpg\" alt=\"\" class=\"wp-image-1813\" srcset=\"https:\/\/chs-containergroup.com\/de\/wp-content\/uploads\/sites\/2\/2024\/12\/chs-containergroup-geschaeftsfuehrung-1024x683.jpg 1024w, https:\/\/chs-containergroup.com\/de\/wp-content\/uploads\/sites\/2\/2024\/12\/chs-containergroup-geschaeftsfuehrung-300x200.jpg 300w, https:\/\/chs-containergroup.com\/de\/wp-content\/uploads\/sites\/2\/2024\/12\/chs-containergroup-geschaeftsfuehrung-768x512.jpg 768w, https:\/\/chs-containergroup.com\/de\/wp-content\/uploads\/sites\/2\/2024\/12\/chs-containergroup-geschaeftsfuehrung-1536x1024.jpg 1536w, https:\/\/chs-containergroup.com\/de\/wp-content\/uploads\/sites\/2\/2024\/12\/chs-containergroup-geschaeftsfuehrung-2048x1366.jpg 2048w\" sizes=\"(max-width: 1024px) 100vw, 1024px\" \/><figcaption class=\"wp-element-caption\">v.l.n.r. Werner P\u00f6ser, Frank P\u00f6ser, Christian Leopold, Carsten Leopold<\/figcaption><\/figure>\n\n\n\n<p><\/p>\n\n\n\n<div class=\"wp-block-group block-quote-wrapper is-vertical is-layout-flex wp-container-core-group-is-layout-8cf370e7 wp-block-group-is-layout-flex\">\n<blockquote class=\"wp-block-quote is-layout-flow wp-block-quote-is-layout-flow\">\n<p>\u201eUnsere Philosophie basiert auf langfristigen Beziehungen, die wir sowohl mit unseren Kunden als auch mit unseren Mitarbeitern pflegen. Gemeinsam arbeiten wir an L\u00f6sungen, die genau auf die Bed\u00fcrfnisse unserer Kunden zugeschnitten sind. Unser Engagement f\u00fcr Qualit\u00e4t und Zuverl\u00e4ssigkeit ist der Schl\u00fcssel zu unserem Erfolg und unserem Wachstum weltweit.\u201c<\/p>\n<cite>Frank P\u00f6ser &amp; Christian Leopold, Gesch\u00e4ftsf\u00fchrung der CHS Container Group.<\/cite><\/blockquote>\n<\/div>\n\n\n\n<h2 class=\"wp-block-heading\">Unsere Werte<\/h2>\n\n\n\n<p>Die CHS Container Group steht f\u00fcr ethisches Handeln und verantwortungsvolle Unternehmensf\u00fchrung. Unsere Charta spiegelt diese Werte klar wider:<\/p>\n\n\n\n<div class=\"wp-block-group card-grid is-layout-grid wp-container-core-group-is-layout-baef362d wp-block-group-is-layout-grid\">\n<div class=\"wp-block-group card is-vertical is-content-justification-stretch is-nowrap is-layout-flex wp-container-core-group-is-layout-41f9fede wp-block-group-is-layout-flex\">\n<figure class=\"wp-block-image size-full card-header\"><img decoding=\"async\" width=\"690\" height=\"460\" src=\"https:\/\/chs-containergroup.com\/de\/wp-content\/uploads\/sites\/2\/2024\/11\/Menschenrechte-und-Chancengleichheit.jpg\" alt=\"\" class=\"wp-image-1393\" srcset=\"https:\/\/chs-containergroup.com\/de\/wp-content\/uploads\/sites\/2\/2024\/11\/Menschenrechte-und-Chancengleichheit.jpg 690w, https:\/\/chs-containergroup.com\/de\/wp-content\/uploads\/sites\/2\/2024\/11\/Menschenrechte-und-Chancengleichheit-300x200.jpg 300w\" sizes=\"(max-width: 690px) 100vw, 690px\" \/><\/figure>\n\n\n\n<div class=\"wp-block-group card-body has-blue-100-background-color has-background is-vertical is-layout-flex wp-container-core-group-is-layout-8cf370e7 wp-block-group-is-layout-flex\">\n<h3 class=\"wp-block-heading h4\">Menschenrechte &amp; Chancengleichheit<\/h3>\n\n\n\n<p>Respekt f\u00fcr Menschenrechte und Chancengleichheit ist zentral f\u00fcr unser Handeln. Diskriminierung wird in keiner Form geduldet.<\/p>\n<\/div>\n<\/div>\n\n\n\n<div class=\"wp-block-group card is-vertical is-content-justification-stretch is-nowrap is-layout-flex wp-container-core-group-is-layout-41f9fede wp-block-group-is-layout-flex\">\n<figure class=\"wp-block-image size-full card-header\"><img decoding=\"async\" width=\"690\" height=\"460\" src=\"https:\/\/chs-containergroup.com\/de\/wp-content\/uploads\/sites\/2\/2024\/11\/Nachhaltigkeit.jpg\" alt=\"\" class=\"wp-image-1396\" srcset=\"https:\/\/chs-containergroup.com\/de\/wp-content\/uploads\/sites\/2\/2024\/11\/Nachhaltigkeit.jpg 690w, https:\/\/chs-containergroup.com\/de\/wp-content\/uploads\/sites\/2\/2024\/11\/Nachhaltigkeit-300x200.jpg 300w\" sizes=\"(max-width: 690px) 100vw, 690px\" \/><\/figure>\n\n\n\n<div class=\"wp-block-group card-body has-blue-100-background-color has-background is-vertical is-layout-flex wp-container-core-group-is-layout-8cf370e7 wp-block-group-is-layout-flex\">\n<h3 class=\"wp-block-heading h4\">Nachhaltigkeit &amp; Umweltschutz<\/h3>\n\n\n\n<p>Der Schutz der Umwelt ist integraler Bestandteil unseres Handelns. Wir minimieren unsere Umweltbelastung durch nachhaltige L\u00f6sungen.<\/p>\n<\/div>\n<\/div>\n\n\n\n<div class=\"wp-block-group card is-vertical is-content-justification-stretch is-nowrap is-layout-flex wp-container-core-group-is-layout-41f9fede wp-block-group-is-layout-flex\">\n<figure class=\"wp-block-image size-full card-header\"><img loading=\"lazy\" decoding=\"async\" width=\"690\" height=\"460\" src=\"https:\/\/chs-containergroup.com\/de\/wp-content\/uploads\/sites\/2\/2024\/11\/Sicherheit.jpg\" alt=\"\" class=\"wp-image-1399\" srcset=\"https:\/\/chs-containergroup.com\/de\/wp-content\/uploads\/sites\/2\/2024\/11\/Sicherheit.jpg 690w, https:\/\/chs-containergroup.com\/de\/wp-content\/uploads\/sites\/2\/2024\/11\/Sicherheit-300x200.jpg 300w\" sizes=\"(max-width: 690px) 100vw, 690px\" \/><\/figure>\n\n\n\n<div class=\"wp-block-group card-body has-blue-100-background-color has-background is-vertical is-layout-flex wp-container-core-group-is-layout-8cf370e7 wp-block-group-is-layout-flex\">\n<h3 class=\"wp-block-heading h4\">Sicherheit &amp; Gesundheit<\/h3>\n\n\n\n<p>Die Sicherheit und Gesundheit unserer Mitarbeiter stehen im Vordergrund. Wir gew\u00e4hrleisten sichere Arbeitsbedingungen und f\u00f6rdern das Wohlbefinden unserer Belegschaft.<\/p>\n<\/div>\n<\/div>\n\n\n\n<div class=\"wp-block-group card is-vertical is-content-justification-stretch is-nowrap is-layout-flex wp-container-core-group-is-layout-41f9fede wp-block-group-is-layout-flex\">\n<figure class=\"wp-block-image size-full card-header\"><img loading=\"lazy\" decoding=\"async\" width=\"690\" height=\"460\" src=\"https:\/\/chs-containergroup.com\/de\/wp-content\/uploads\/sites\/2\/2024\/11\/Fairness.jpg\" alt=\"\" class=\"wp-image-1402\" srcset=\"https:\/\/chs-containergroup.com\/de\/wp-content\/uploads\/sites\/2\/2024\/11\/Fairness.jpg 690w, https:\/\/chs-containergroup.com\/de\/wp-content\/uploads\/sites\/2\/2024\/11\/Fairness-300x200.jpg 300w\" sizes=\"(max-width: 690px) 100vw, 690px\" \/><\/figure>\n\n\n\n<div class=\"wp-block-group card-body has-blue-100-background-color has-background is-vertical is-layout-flex wp-container-core-group-is-layout-8cf370e7 wp-block-group-is-layout-flex\">\n<h3 class=\"wp-block-heading h4\">Integrit\u00e4t &amp; Fairness<\/h3>\n\n\n\n<p>Transparenz und Ehrlichkeit pr\u00e4gen unsere Gesch\u00e4ftsbeziehungen. Korruption oder unlautere Praktiken werden strikt abgelehnt.<\/p>\n<\/div>\n<\/div>\n<\/div>\n\n\n\n<h2 class=\"wp-block-heading\">Lernen Sie uns kennen<\/h2>\n\n\n\n<p>Wir laden Sie ein, mehr \u00fcber unsere Dienstleistungen und L\u00f6sungen zu erfahren. Kontaktieren Sie uns, um herauszufinden, wie wir Ihnen helfen k\u00f6nnen, Ihre Containerbed\u00fcrfnisse zu erf\u00fcllen. Besuchen Sie auch unsere <a href=\"https:\/\/chs-containergroup.com\/de\/wp-content\/uploads\/sites\/2\/2026\/04\/2026_03_31-Charta-der-CHS-Container-Group-2.pdf\" target=\"_blank\" rel=\"noreferrer noopener\">Charta<\/a>, um mehr \u00fcber unsere Unternehmenswerte zu erfahren.<\/p>\n\n\n\n<div class=\"wp-block-buttons is-layout-flex wp-block-buttons-is-layout-flex\">\n<div class=\"wp-block-button\"><a class=\"btn btn-primary wp-element-button\" href=\"https:\/\/chs-containergroup.com\/de\/karriere\/karriere-bei-chs\/stellenangebote\/\">Offene Stellenanzeigen<\/a><\/div>\n\n\n\n<div class=\"wp-block-button\"><a class=\"btn btn-primary wp-element-button\" href=\"https:\/\/chs-containergroup.com\/de\/ueber-uns\/ueber-chs\/news\/\">Aktuelle News<\/a><\/div>\n\n\n\n<div class=\"wp-block-button\"><a class=\"btn btn-primary wp-element-button\" href=\"https:\/\/chs-containergroup.com\/de\/ueber-uns\/ueber-chs\/standorte\/\">Standorte<\/a><\/div>\n<\/div>\n\n\n\n<p><\/p>\n","protected":false},"excerpt":{"rendered":"<p>Unsere Geschichte 1978 \u2013 Gr\u00fcndung der CHS Container Group Die CHS Container Handel und Service GmbH wird gegr\u00fcndet, zeitgleich mit der wachsenden Bedeutung des Seefrachtcontainers in der internationalen Logistik. Ein Jahr nach der Gr\u00fcndung trat Werner P\u00f6ser als kaufm\u00e4nnischer Angestellter in unser Unternehmen ein. Als Prokurist im Jahr 1986 und Gesch\u00e4ftsf\u00fchrer ab 1995 hat er [&hellip;]<\/p>\n","protected":false},"author":1,"featured_media":0,"parent":0,"menu_order":0,"comment_status":"closed","ping_status":"closed","template":"","meta":{"_acf_changed":false,"inline_featured_image":false,"_angie_page":false,"footnotes":""},"class_list":["post-671","page","type-page","status-publish","hentry"],"acf":[],"_links":{"self":[{"href":"https:\/\/chs-containergroup.com\/de\/wp-json\/wp\/v2\/pages\/671","targetHints":{"allow":["GET"]}}],"collection":[{"href":"https:\/\/chs-containergroup.com\/de\/wp-json\/wp\/v2\/pages"}],"about":[{"href":"https:\/\/chs-containergroup.com\/de\/wp-json\/wp\/v2\/types\/page"}],"author":[{"embeddable":true,"href":"https:\/\/chs-containergroup.com\/de\/wp-json\/wp\/v2\/users\/1"}],"replies":[{"embeddable":true,"href":"https:\/\/chs-containergroup.com\/de\/wp-json\/wp\/v2\/comments?post=671"}],"version-history":[{"count":0,"href":"https:\/\/chs-containergroup.com\/de\/wp-json\/wp\/v2\/pages\/671\/revisions"}],"wp:attachment":[{"href":"https:\/\/chs-containergroup.com\/de\/wp-json\/wp\/v2\/media?parent=671"}],"curies":[{"name":"wp","href":"https:\/\/api.w.org\/{rel}","templated":true}]}}