{"id":5658,"date":"2025-11-14T15:37:13","date_gmt":"2025-11-14T14:37:13","guid":{"rendered":"https:\/\/chs-containergroup.com\/de\/?page_id=5658"},"modified":"2025-12-04T13:23:09","modified_gmt":"2025-12-04T12:23:09","slug":"lieferung-von-seecontainern","status":"publish","type":"page","link":"https:\/\/chs-containergroup.com\/de\/lieferung-von-seecontainern\/","title":{"rendered":"Lieferung von Seecontainern: Kosten, Methoden und Anforderungen"},"content":{"rendered":"\n<p>Einen Container online zu kaufen ist nicht ganz so, wie etwas zu bestellen, das in einer Kiste geliefert wird. Wenn es sich bei Ihrem Kauf <em>um eine<\/em> Kiste <em>handelt<\/em> &#8211; und die wiegt bis zu 8.000 Pfund -, m\u00fcssen Sie ein bisschen mehr Planung und Koordination ber\u00fccksichtigen.<\/p>\n\n\n\n<p>In diesem Leitfaden erl\u00e4utern wir Ihnen, wie Versandcontainer geliefert werden, wie hoch die Kosten sind und wie Sie Ihren Standort f\u00fcr die Lieferung vorbereiten.<\/p>\n\n\n\n<h2 class=\"wp-block-heading\" id=\"h-shipping-container-delivery-methods\">Liefermethoden f\u00fcr Seecontainer<\/h2>\n\n\n\n<p>Die richtige Zustellmethode h\u00e4ngt davon ab, wo Sie sich befinden, welche <a href=\"\/?p=5728\" data-type=\"post\" data-id=\"5728\">Gr\u00f6\u00dfe der Container<\/a> Sie bestellt haben und ob Sie vor Ort \u00fcber die n\u00f6tige Ausr\u00fcstung zum Heben des Containers verf\u00fcgen. Im Folgenden finden Sie eine \u00dcbersicht \u00fcber die g\u00e4ngigsten Optionen, die in unseren Liefernetzwerken in den USA und Europa verwendet werden.<\/p>\n\n\n\n<h3 class=\"wp-block-heading\" id=\"h-delivery-in-germany-amp-other-european-countries\">Lieferung in Deutschland &amp; andere europ\u00e4ische L\u00e4nder <\/h3>\n\n\n\n<h4 class=\"wp-block-heading\" id=\"h-truck-mounted-crane\">LKW-Kran<\/h4>\n\n\n\n<p>Bei <a href=\"https:\/\/chs-containergroup.com\/de\/shop\/?filter_size=20-fuss#filters\" data-type=\"link\" data-id=\"https:\/\/chs-containergroup.com\/de\/en\/container\/sea-storage-containers\/small-containers\/\">Containern unter 40 Fu\u00df<\/a> werden bei europ\u00e4ischen Lieferungen h\u00e4ufig Autokr\u00e4ne eingesetzt, um die Lieferung von Containern zu erleichtern. Ein Autokran ist ein Kran, der direkt in das Lieferfahrzeug eingebaut ist &#8211; typischerweise an der Vorder- oder R\u00fcckseite des Fahrgestells &#8211; und es dem Fahrer erm\u00f6glicht, den Container pr\u00e4zise anzuheben und zu positionieren.<\/p>\n\n\n\n<figure class=\"wp-block-table\"><table class=\"has-fixed-layout\"><thead><tr><th>Vorteile<\/th><th>Nachteile<\/th><\/tr><\/thead><tbody><tr><td>Schnelles Entladen<\/td><td>Nicht geeignet bei starkem Wind oder instabilem Untergrund<\/td><\/tr><tr><td>Hervorragend geeignet f\u00fcr enge R\u00e4ume oder Wohnungen<\/td><td><\/td><\/tr><\/tbody><\/table><\/figure>\n\n\n\n<h4 class=\"wp-block-heading\" id=\"h-side-loader-delivery\">Seitenlader-Lieferung<\/h4>\n\n\n\n<p>F\u00fcr 40-Fu\u00df-, 45-Fu\u00df- und 53-Fu\u00df-Container wird h\u00e4ufig ein Seitenlader (auch Side-Lifter genannt) eingesetzt. Dieser Stapler hat hydraulische Arme, die den Container vom Anh\u00e4nger heben und neben dem Fahrzeug absetzen. <\/p>\n\n\n\n<p>Je nach Konfiguration des Seitenladers kann das Entladen entweder auf der linken oder rechten Seite des Fahrgestells erfolgen, was eine gewisse Flexibilit\u00e4t f\u00fcr engere Standorte bietet.<\/p>\n\n\n\n<figure class=\"wp-block-table\"><table class=\"has-fixed-layout\"><thead><tr><th>Vorteile<\/th><th>Nachteile<\/th><\/tr><\/thead><tbody><tr><td>Effizientes und pr\u00e4zises Entladen<\/td><td>Ben\u00f6tigt ausreichenden Seitenabstand<\/td><\/tr><tr><td>Keine Krananmietung erforderlich<\/td><td>Kann etwas mehr kosten als eine Standardkranlieferung<\/td><\/tr><\/tbody><\/table><\/figure>\n\n\n\n<h2 class=\"wp-block-heading\" id=\"h-delivery-space-and-site-requirements\">Platzbedarf und Standortanforderungen<\/h2>\n\n\n\n<p>Jede Versandart von Containern hat ihre eigenen Platz- und Zugangsanforderungen. Hier ist ein allgemeiner Leitfaden. <\/p>\n\n\n\n<figure class=\"wp-block-table\"><table class=\"has-fixed-layout\"><thead><tr><th>Region<\/th><th>Methode<\/th><th>L\u00e4nge Spielraum<\/th><th>H\u00f6he Freiraum<\/th><th>Breite Spielraum<\/th><th>Maximales Fahrzeuggewicht<\/th><\/tr><\/thead><tbody><tr><td><\/td><td><\/td><td><\/td><td><\/td><td><\/td><td><\/td><\/tr><tr><td><\/td><td><\/td><td><\/td><td><\/td><td><\/td><td><\/td><\/tr><tr><td>Europa<\/td><td>Seitenlifter<\/td><td>18,75 m \/ 61,5ft<\/td><td>4m \/ 13ft<\/td><td>7m \/ 23m<\/td><td>Bis zu 40 Tonnen<\/td><\/tr><tr><td>Europa<\/td><td>LKW-Kran<\/td><td>18.75m \/ 61.5ft<\/td><td>4m \/ 13ft<\/td><td>3,65m \/ 12ft<\/td><td>Bis zu 40 Tonnen<\/td><\/tr><\/tbody><\/table><\/figure>\n\n\n\n<p>Wenn Ihr Standort diese Art von Zugang nicht zul\u00e4sst, sprechen Sie mit Ihrem Container-Vertreter. M\u00f6glicherweise gibt es Alternativen, wie die Bereitstellung eines kleineren Anh\u00e4ngers oder sogar spezielles Equipment zum Umsetzen, um Ihre Lieferung zu erleichtern. <\/p>\n\n\n\n<h2 class=\"wp-block-heading\" id=\"h-shipping-container-delivery-costs\">Lieferkosten f\u00fcr Seecontainer<\/h2>\n\n\n\n<p>Die Kosten f\u00fcr die Lieferung von Versandcontainern h\u00e4ngen von mehreren Faktoren ab, darunter Entfernung, Zugangsbedingungen, Stra\u00dfenbeschr\u00e4nkungen und die Verf\u00fcgbarkeit von Fahrern vor Ort. Im Folgenden finden Sie grobe Sch\u00e4tzungen f\u00fcr Ihre Budgetplanung. <\/p>\n\n\n\n<h3 class=\"wp-block-heading\" id=\"h-delivery-costs-in-germany-amp-other-european-countries\">Lieferkosten in Deutschland und anderen europ\u00e4ischen L\u00e4ndern<\/h3>\n\n\n\n<p>Die Lieferkosten werden auf der Grundlage von Schwerlasttransporten berechnet und in der Regel auf Kilometerbasis berechnet. Die Container k\u00f6nnen in der Regel innerhalb eines Radius von 400 Kilometern um ein Depot geliefert werden, wobei zus\u00e4tzliche Geb\u00fchren anfallen k\u00f6nnen, wenn eine F\u00e4hr\u00fcberfahrt erforderlich ist. <\/p>\n\n\n\n<ul class=\"wp-block-list\">\n<li>Kurzstrecke (Ortsgespr\u00e4ch):<ul><li>Lieferung eines Autokrans: \u20ac370-\u20ac600<\/li><\/ul>\n<ul class=\"wp-block-list\">\n<li>Lieferung mit Seitenlader: \u20ac380-\u20ac650<\/li>\n<\/ul>\n<\/li>\n\n\n\n<li>Lieferung \u00fcber gr\u00f6\u00dfere Entfernungen (300-400km):<ul><li>Lieferung eines Autokrans: \u20ac1.200-\u20ac1.550+<\/li><\/ul>\n<ul class=\"wp-block-list\">\n<li>Lieferung mit Seitenlader: \u20ac1.300-\u20ac1.700+<\/li>\n<\/ul>\n<\/li>\n<\/ul>\n\n\n\n<p><em>Diese Zahlen sind nur f\u00fcr Budgetierungszwecke gedacht. Die genauen Lieferkosten entnehmen Sie bitte Ihrem Angebot. <\/em><\/p>\n\n\n\n<h3 class=\"wp-block-heading\" id=\"h-preparing-for-delivery\">Vorbereitung auf die Lieferung<\/h3>\n\n\n\n<p>Um sicherzustellen, dass die Lieferung Ihres Containers reibungslos verl\u00e4uft (und keine Geb\u00fchren f\u00fcr Trockenlauf oder erneute Lieferung anfallen), ist es wichtig, dass Sie Ihren Standort im Voraus vorbereiten. Zu den grundlegenden Ma\u00dfnahmen geh\u00f6ren: <\/p>\n\n\n\n<h3 class=\"wp-block-heading\" id=\"h-site-access\">Zugang zur Website<\/h3>\n\n\n\n<p>Vergewissern Sie sich, dass die Stra\u00dfe f\u00fcr einen schweren Lkw geeignet ist und dass der Fahrer gen\u00fcgend Platz zum Wenden und Zur\u00fccksetzen hat. Achten Sie auf Tore, \u00c4ste oder Oberleitungen, die den Weg zwischen der Stra\u00dfe und dem Zielort Ihres Containers blockieren k\u00f6nnten. <\/p>\n\n\n\n<h3 class=\"wp-block-heading\" id=\"h-ground-preparation\">Bodenvorbereitung<\/h3>\n\n\n\n<p>Container m\u00fcssen auf ebenem, festem Boden stehen, um richtig zu funktionieren. Eine korrekte Nivellierung hilft, Probleme wie eine falsche Ausrichtung der T\u00fcren oder strukturelle Spannungen zu vermeiden, die die sp\u00e4tere Nutzung des Containers behindern k\u00f6nnen. Wenn Ihr Standort weich oder uneben ist, sollten Sie ein Fundament wie eine Kies- oder Betonplatte errichten. Wenn Sie den Container nur vor\u00fcbergehend aufstellen, sollten Sie Holzkl\u00f6tze oder Eisenbahnschwellen verwenden, um ihn eben zu halten.   <\/p>\n\n\n\n<h3 class=\"wp-block-heading\" id=\"h-driver-communication\">Kommunikation mit dem Fahrer<\/h3>\n\n\n\n<p>Schicken Sie uns im Voraus Fotos Ihres Standorts und eine klare Wegbeschreibung. Je mehr Informationen Sie zur Verf\u00fcgung stellen, desto reibungsloser verl\u00e4uft der Liefertag. Wenn der Fahrer nicht sicher an Ihr Grundst\u00fcck herankommt, k\u00f6nnen Ihnen die Kosten f\u00fcr die Fahrt &#8211; und die R\u00fcckfahrt &#8211; trotzdem in Rechnung gestellt werden.  <\/p>\n\n\n\n<h2 class=\"wp-block-heading\" id=\"h-shipping-container-deliveries-frequently-asked-questions\">Seecontainer-Lieferungen: H\u00e4ufig gestellte Fragen<\/h2>\n\n\n\n<h3 class=\"wp-block-heading\" id=\"h-can-i-pick-up-a-shipping-container-i-buy-online\">Kann ich einen online gekauften Versandbeh\u00e4lter abholen?<\/h3>\n\n\n\n<p>Ja, wenn Sie einen Versandcontainer online (oder per Telefon) kaufen, k\u00f6nnen Sie in der Regel zwischen Abholung und Lieferung w\u00e4hlen. Vergewissern Sie sich nur, dass Sie einen Anh\u00e4nger in der richtigen Gr\u00f6\u00dfe haben, um Ihren Container abzuholen, und die richtige Ausr\u00fcstung, um ihn sicher an Ihrem Zielort abzuladen. <\/p>\n\n\n\n<h3 class=\"wp-block-heading\" id=\"h-how-much-does-a-shipping-container-delivery-cost\">Wie viel kostet die Lieferung eines Seecontainers?<\/h3>\n\n\n\n<p>Die Kosten f\u00fcr die Lieferung von Versandcontainern variieren je nach Entfernung, lokalen Fahrertarifen und der gew\u00e4hlten Liefermethode. In den USA m\u00fcssen Sie je nach Standort mit Kosten zwischen $400-$1.550+ f\u00fcr eine Lieferung auf einem Kippbett rechnen, und etwa $1 weniger pro Meile f\u00fcr eine Lieferung auf einem Flachbett. <\/p>\n\n\n\n<h3 class=\"wp-block-heading\" id=\"h-what-kind-of-shipping-container-delivery-methods-are-available\">Welche Arten der Lieferung von Seecontainern gibt es?<\/h3>\n\n\n\n<p>Die Liefermethoden variieren je nach Region. In den USA und Kanada haben Sie die Wahl zwischen der Lieferung mit Kippbett, f\u00fcr die keine Entladeausr\u00fcstung erforderlich ist, und der Lieferung mit Flachbett, f\u00fcr die ein Kran oder Gabelstapler zum Anheben und Positionieren des Containers ben\u00f6tigt wird. In den meisten europ\u00e4ischen L\u00e4ndern haben Sie die Wahl zwischen einem Autokran f\u00fcr Container mit einer L\u00e4nge von weniger als 40 Fu\u00df und einem Seitenlader\/Seitenstapler f\u00fcr Container mit einer L\u00e4nge von 40 Fu\u00df oder mehr.  <\/p>\n\n\n\n<h3 class=\"wp-block-heading\" id=\"h-does-chs-container-group-usa-offer-shipping-container-delivery-services\">Bietet die CHS Container Group USA einen Lieferservice f\u00fcr Transportbeh\u00e4lter an?<\/h3>\n\n\n\n<p>Ja, wenn Sie <a href=\"https:\/\/chs-containergroup.com\/de\/shop\/\" data-type=\"link\" data-id=\"https:\/\/chs-containergroup.com\/de\/en\/container\/sea-storage-containers\/\">bei CHS Versandcontainer kaufen<\/a>, \u00fcbernehmen wir die Lieferung an Ihren Standort, sofern nicht anders angegeben. Wenn Sie Fragen zu unseren Lieferdiensten f\u00fcr Versandbeh\u00e4lter haben, wenden Sie sich bitte an Ihren zust\u00e4ndigen Vertriebsmitarbeiter.<\/p>\n\n\n\n<p><\/p>\n","protected":false},"excerpt":{"rendered":"<p>Einen Container online zu kaufen ist nicht ganz so, wie etwas zu bestellen, das in einer Kiste geliefert wird. Wenn es sich bei Ihrem Kauf um eine Kiste handelt &#8211; und die wiegt bis zu 8.000 Pfund -, m\u00fcssen Sie ein bisschen mehr Planung und Koordination ber\u00fccksichtigen. In diesem Leitfaden erl\u00e4utern wir Ihnen, wie Versandcontainer [&hellip;]<\/p>\n","protected":false},"author":5,"featured_media":0,"parent":0,"menu_order":0,"comment_status":"closed","ping_status":"closed","template":"","meta":{"_acf_changed":false,"inline_featured_image":false,"_angie_page":false,"footnotes":""},"class_list":["post-5658","page","type-page","status-publish","hentry"],"acf":[],"_links":{"self":[{"href":"https:\/\/chs-containergroup.com\/de\/wp-json\/wp\/v2\/pages\/5658","targetHints":{"allow":["GET"]}}],"collection":[{"href":"https:\/\/chs-containergroup.com\/de\/wp-json\/wp\/v2\/pages"}],"about":[{"href":"https:\/\/chs-containergroup.com\/de\/wp-json\/wp\/v2\/types\/page"}],"author":[{"embeddable":true,"href":"https:\/\/chs-containergroup.com\/de\/wp-json\/wp\/v2\/users\/5"}],"replies":[{"embeddable":true,"href":"https:\/\/chs-containergroup.com\/de\/wp-json\/wp\/v2\/comments?post=5658"}],"version-history":[{"count":0,"href":"https:\/\/chs-containergroup.com\/de\/wp-json\/wp\/v2\/pages\/5658\/revisions"}],"wp:attachment":[{"href":"https:\/\/chs-containergroup.com\/de\/wp-json\/wp\/v2\/media?parent=5658"}],"curies":[{"name":"wp","href":"https:\/\/api.w.org\/{rel}","templated":true}]}}