{"id":543,"date":"2024-09-30T11:27:57","date_gmt":"2024-09-30T09:27:57","guid":{"rendered":"https:\/\/chs-containergroup.com\/de\/?page_id=543"},"modified":"2025-11-21T15:25:32","modified_gmt":"2025-11-21T14:25:32","slug":"masstoleranzen","status":"publish","type":"page","link":"https:\/\/chs-containergroup.com\/de\/masstoleranzen\/","title":{"rendered":"Ma\u00dftoleranzen"},"content":{"rendered":"\n<h2 class=\"wp-block-heading\">20-Fu\u00df<\/h2>\n\n\n\n<p>Die Au\u00dfenma\u00dfe der Container sind in der ISO 668 festgelegt. Die zugestandenen Ma\u00dftoleranzen betragen maximal +0 \/ -6 mm. Die Innenma\u00dfe sind als Mindestwerte festgelegt. Die aktuellen Innenma\u00dfe der Container sind vom verwendeten Baumaterial und der gew\u00e4hlten Bauweise abh\u00e4ngig. Jegliche Fotos von unseren Container-Typen dienen nur als Muster zur Ansicht. Sie sind nicht Bestandteil dieser Baubeschreibung.<\/p>\n\n\n\n<h2 class=\"wp-block-heading\">40-Fu\u00df<\/h2>\n\n\n\n<p>Die Au\u00dfenma\u00dfe der Container sind in der ISO 668 festgelegt. Die zugestandenen Ma\u00dftoleranzen betragen maximal +0 \/ -10 mm. Die Innenma\u00dfe sind als Mindestwerte festgelegt. Die aktuellen Innenma\u00dfe der Container sind vom verwendeten Baumaterial und der gew\u00e4hlten Bauweise abh\u00e4ngig. Jegliche Fotos von unseren Container-Typen dienen nur als Muster zur Ansicht. Sie sind nicht Bestandteil dieser Baubeschreibung.<\/p>\n","protected":false},"excerpt":{"rendered":"<p>20-Fu\u00df Die Au\u00dfenma\u00dfe der Container sind in der ISO 668 festgelegt. Die zugestandenen Ma\u00dftoleranzen betragen maximal +0 \/ -6 mm. Die Innenma\u00dfe sind als Mindestwerte festgelegt. Die aktuellen Innenma\u00dfe der Container sind vom verwendeten Baumaterial und der gew\u00e4hlten Bauweise abh\u00e4ngig. Jegliche Fotos von unseren Container-Typen dienen nur als Muster zur Ansicht. Sie sind nicht Bestandteil [&hellip;]<\/p>\n","protected":false},"author":1,"featured_media":0,"parent":0,"menu_order":0,"comment_status":"closed","ping_status":"closed","template":"","meta":{"_acf_changed":false,"inline_featured_image":false,"_angie_page":false,"footnotes":""},"class_list":["post-543","page","type-page","status-publish","hentry"],"acf":[],"_links":{"self":[{"href":"https:\/\/chs-containergroup.com\/de\/wp-json\/wp\/v2\/pages\/543","targetHints":{"allow":["GET"]}}],"collection":[{"href":"https:\/\/chs-containergroup.com\/de\/wp-json\/wp\/v2\/pages"}],"about":[{"href":"https:\/\/chs-containergroup.com\/de\/wp-json\/wp\/v2\/types\/page"}],"author":[{"embeddable":true,"href":"https:\/\/chs-containergroup.com\/de\/wp-json\/wp\/v2\/users\/1"}],"replies":[{"embeddable":true,"href":"https:\/\/chs-containergroup.com\/de\/wp-json\/wp\/v2\/comments?post=543"}],"version-history":[{"count":0,"href":"https:\/\/chs-containergroup.com\/de\/wp-json\/wp\/v2\/pages\/543\/revisions"}],"wp:attachment":[{"href":"https:\/\/chs-containergroup.com\/de\/wp-json\/wp\/v2\/media?parent=543"}],"curies":[{"name":"wp","href":"https:\/\/api.w.org\/{rel}","templated":true}]}}