{"id":42,"date":"2024-07-26T14:41:56","date_gmt":"2024-07-26T12:41:56","guid":{"rendered":"https:\/\/chs-containergroup.com\/de\/?page_id=42"},"modified":"2026-04-25T02:52:16","modified_gmt":"2026-04-25T00:52:16","slug":"containerschulung","status":"publish","type":"page","link":"https:\/\/chs-containergroup.com\/de\/service\/containerschulung\/","title":{"rendered":"Containerschulung"},"content":{"rendered":"\n<h2 class=\"wp-block-heading\">Zukunft der Ausbildung<\/h2>\n\n\n\n<p>Wir sehen betriebliche Ausbildung als essenziell f\u00fcr die Zukunft unseres Unternehmens. Die Kombination von Theorie und Praxis stellt sicher, dass das Wissen effektiv angewendet wird. Ausbildung ist eine Investition in die Fachkr\u00e4fte von morgen und die Modernit\u00e4t unseres Betriebs.<\/p>\n\n\n\n<h2 class=\"wp-block-heading\"><small>Schulungen direkt vor Ort im <\/small><br>modernen Schulungsgeb\u00e4ude<\/h2>\n\n\n\n<h3 class=\"wp-block-heading\">Standort<\/h3>\n\n\n\n<p>Unser modern ausgestattetes Schulungsgeb\u00e4ude aus Containern befindet sich im Bremer Industriehafen.<\/p>\n\n\n\n<h3 class=\"wp-block-heading\">On-Site-Training<\/h3>\n\n\n\n<p>Auf Wunsch bieten unsere Referenten auch Schulungen direkt bei unseren Kunden vor Ort an.<\/p>\n\n\n\n<h2 class=\"wp-block-heading\">Schulungsinhalte<\/h2>\n\n\n\n<p>Unsere Schulungen decken eine Vielzahl von Themen ab:<\/p>\n\n\n\n<ul class=\"wp-block-list\">\n<li>Verschiedene Container-Typen<\/li>\n\n\n\n<li>Zertifikate und CSC-Plaketten<\/li>\n\n\n\n<li>Praktische Anwendung, z. B. Anschlie\u00dfen eines K\u00fchlcontainers und Planen eines Open-Top-Containers.<\/li>\n<\/ul>\n\n\n\n<h3 class=\"wp-block-heading\">Praktische \u00dcbungen<\/h3>\n\n\n\n<p>Die Teilnehmer lernen nicht nur die Theorie, sondern setzen ihr Wissen auch praktisch um. So wissen sie am Ende, wie ein Container korrekt gehandhabt wird.<\/p>\n\n\n\n<h3 class=\"wp-block-heading\">Kostenfreie Teilnahme<\/h3>\n\n\n\n<p>Die CHS-Schulungen sind kostenlos und unverbindlich, denn wir verstehen sie als Teil unserer Kundenpflege. Bei Interesse steht Ihnen Arndt Overbeck jederzeit f\u00fcr Fragen zur Verf\u00fcgung.<\/p>\n\n\n\n<p><\/p>\n","protected":false},"excerpt":{"rendered":"<p>Zukunft der Ausbildung Wir sehen betriebliche Ausbildung als essenziell f\u00fcr die Zukunft unseres Unternehmens. Die Kombination von Theorie und Praxis stellt sicher, dass das Wissen effektiv angewendet wird. Ausbildung ist eine Investition in die Fachkr\u00e4fte von morgen und die Modernit\u00e4t unseres Betriebs. Schulungen direkt vor Ort im modernen Schulungsgeb\u00e4ude Standort Unser modern ausgestattetes Schulungsgeb\u00e4ude aus [&hellip;]<\/p>\n","protected":false},"author":1,"featured_media":0,"parent":6894,"menu_order":0,"comment_status":"closed","ping_status":"closed","template":"","meta":{"_acf_changed":false,"inline_featured_image":false,"_angie_page":false,"footnotes":""},"class_list":["post-42","page","type-page","status-publish","hentry"],"acf":[],"_links":{"self":[{"href":"https:\/\/chs-containergroup.com\/de\/wp-json\/wp\/v2\/pages\/42","targetHints":{"allow":["GET"]}}],"collection":[{"href":"https:\/\/chs-containergroup.com\/de\/wp-json\/wp\/v2\/pages"}],"about":[{"href":"https:\/\/chs-containergroup.com\/de\/wp-json\/wp\/v2\/types\/page"}],"author":[{"embeddable":true,"href":"https:\/\/chs-containergroup.com\/de\/wp-json\/wp\/v2\/users\/1"}],"replies":[{"embeddable":true,"href":"https:\/\/chs-containergroup.com\/de\/wp-json\/wp\/v2\/comments?post=42"}],"version-history":[{"count":0,"href":"https:\/\/chs-containergroup.com\/de\/wp-json\/wp\/v2\/pages\/42\/revisions"}],"up":[{"embeddable":true,"href":"https:\/\/chs-containergroup.com\/de\/wp-json\/wp\/v2\/pages\/6894"}],"wp:attachment":[{"href":"https:\/\/chs-containergroup.com\/de\/wp-json\/wp\/v2\/media?parent=42"}],"curies":[{"name":"wp","href":"https:\/\/api.w.org\/{rel}","templated":true}]}}