{"id":332,"date":"2024-09-16T16:44:27","date_gmt":"2024-09-16T14:44:27","guid":{"rendered":"https:\/\/chs-containergroup.com\/de\/?page_id=332"},"modified":"2025-08-12T10:17:37","modified_gmt":"2025-08-12T08:17:37","slug":"leichte-sprache","status":"publish","type":"page","link":"https:\/\/chs-containergroup.com\/de\/leichte-sprache\/","title":{"rendered":"Leichte Sprache"},"content":{"rendered":"\n<h2 class=\"wp-block-heading\"><small>CHS Container Group:<\/small><br>Ein \u00dcberblick<br><\/h2>\n\n\n\n<p>Die CHS Container Group ist ein Unternehmen, das seit \u00fcber 40 Jahren mobile L\u00f6sungen anbietet. Wir machen Container f\u00fcr verschiedene Zwecke. Unsere Container k\u00f6nnen f\u00fcr den Transport von Waren und als R\u00e4ume genutzt werden. Es gibt sie in vielen Gr\u00f6\u00dfen und Formen.<\/p>\n\n\n\n<h3 class=\"wp-block-heading\">Unsere Containerarten:<\/h3>\n\n\n\n<ul class=\"wp-block-list\">\n<li><a href=\"https:\/\/chs-containergroup.com\/de\/container\/seecontainer-lagercontainer\/standardcontainer\/\">Standardcontainer:<\/a> Diese Container sind gut f\u00fcr den Transport von Waren.<\/li>\n\n\n\n<li><a href=\"https:\/\/chs-containergroup.com\/de\/container\/buero-wohncontainer\/unsere-loesungen\/kuehlcontainer\/\">K\u00fchlcontainer:<\/a> Sie halten Lebensmittel und andere empfindliche Produkte k\u00fchl.<\/li>\n\n\n\n<li><a href=\"https:\/\/chs-containergroup.com\/de\/container\/buerocontainer-wohncontainer\/unsere-loesungen\/modulare-wohncontainer\/\">B\u00fcrocontainer:<\/a> Diese Container bieten Platz f\u00fcr B\u00fcros und Arbeitsr\u00e4ume.<\/li>\n\n\n\n<li><a href=\"https:\/\/chs-containergroup.com\/de\/container\/buerocontainer-wohncontainer\/unsere-loesungen\/sanitaercontainer\/\">Sanit\u00e4rcontainer:<\/a> Sie enthalten Toiletten und Waschm\u00f6glichkeiten.<\/li>\n\n\n\n<li><a href=\"https:\/\/chs-containergroup.com\/de\/container\/seecontainer-lagercontainer\/sondercontainer\/\">Sondercontainer:<\/a> Diese Container werden nach speziellen W\u00fcnschen gebaut. Dazu geh\u00f6ren Werkstattcontainer, Labore und Container f\u00fcr das Milit\u00e4r.<\/li>\n<\/ul>\n\n\n\n<h3 class=\"wp-block-heading\">Unsere Dienstleistungen:<\/h3>\n\n\n\n<p>Wir bieten umfassende Unterst\u00fctzung an. Das bedeutet, wir helfen Ihnen von der Planung bis zur Lieferung. Auch nach dem Kauf sind wir f\u00fcr Sie da, z. B. bei Reparaturen.<\/p>\n","protected":false},"excerpt":{"rendered":"<p>CHS Container Group:Ein \u00dcberblick Die CHS Container Group ist ein Unternehmen, das seit \u00fcber 40 Jahren mobile L\u00f6sungen anbietet. Wir machen Container f\u00fcr verschiedene Zwecke. Unsere Container k\u00f6nnen f\u00fcr den Transport von Waren und als R\u00e4ume genutzt werden. Es gibt sie in vielen Gr\u00f6\u00dfen und Formen. Unsere Containerarten: Unsere Dienstleistungen: Wir bieten umfassende Unterst\u00fctzung an. [&hellip;]<\/p>\n","protected":false},"author":1,"featured_media":0,"parent":0,"menu_order":0,"comment_status":"closed","ping_status":"closed","template":"","meta":{"_acf_changed":false,"inline_featured_image":false,"_angie_page":false,"footnotes":""},"class_list":["post-332","page","type-page","status-publish","hentry"],"acf":[],"_links":{"self":[{"href":"https:\/\/chs-containergroup.com\/de\/wp-json\/wp\/v2\/pages\/332","targetHints":{"allow":["GET"]}}],"collection":[{"href":"https:\/\/chs-containergroup.com\/de\/wp-json\/wp\/v2\/pages"}],"about":[{"href":"https:\/\/chs-containergroup.com\/de\/wp-json\/wp\/v2\/types\/page"}],"author":[{"embeddable":true,"href":"https:\/\/chs-containergroup.com\/de\/wp-json\/wp\/v2\/users\/1"}],"replies":[{"embeddable":true,"href":"https:\/\/chs-containergroup.com\/de\/wp-json\/wp\/v2\/comments?post=332"}],"version-history":[{"count":0,"href":"https:\/\/chs-containergroup.com\/de\/wp-json\/wp\/v2\/pages\/332\/revisions"}],"wp:attachment":[{"href":"https:\/\/chs-containergroup.com\/de\/wp-json\/wp\/v2\/media?parent=332"}],"curies":[{"name":"wp","href":"https:\/\/api.w.org\/{rel}","templated":true}]}}