{"id":323,"date":"2024-09-16T16:42:37","date_gmt":"2024-09-16T14:42:37","guid":{"rendered":"https:\/\/chs-containergroup.com\/de\/?page_id=323"},"modified":"2025-08-12T10:13:55","modified_gmt":"2025-08-12T08:13:55","slug":"impressum","status":"publish","type":"page","link":"https:\/\/chs-containergroup.com\/de\/impressum\/","title":{"rendered":"Impressum"},"content":{"rendered":"\n<h2 class=\"wp-block-heading\"><strong>Dienstanbieter i.S.d. \u00a7 5 Digitale Dienste Gesetz:<\/strong><\/h2>\n\n\n\n<h3 class=\"wp-block-heading\">CHS Container Holding GmbH<\/h3>\n\n\n\n<p>Tillmannstra\u00dfe 19\u2028<br>28239 Bremen<\/p>\n\n\n\n<p>Tel.: +49 421 64396 0<br>Fax: +49 421 64396 99<br>E-Mail: info@chs-container.de<\/p>\n\n\n\n<p>Eingetragen beim Handelsregister Bremen unter HRB 10982&nbsp;HB<br>USt-IdNr.: DE 114405195<\/p>\n\n\n\n<h3 class=\"wp-block-heading\"><strong>Gesch\u00e4ftsf\u00fchrer:<\/strong><\/h3>\n\n\n\n<p>Christian Leopold<br>Frank P\u00f6ser<br>Carsten Leopold<br>Werner P\u00f6ser<\/p>\n\n\n\n<h2 class=\"wp-block-heading\">Weitere Unternehmen der CHS Container Group:<\/h2>\n\n\n\n<h3 class=\"wp-block-heading\">CHS Container Handel GmbH<\/h3>\n\n\n\n<p>Tillmannstra\u00dfe 19\u2028<br>28239 Bremen<br>Tel.: +49 421 64396 0\u2028<br>Fax: +49 421 64396 99<br>E-Mail: info@chs-container.de<\/p>\n\n\n\n<h4 class=\"wp-block-heading\"><strong>Gesch\u00e4ftsf\u00fchrer:<\/strong><\/h4>\n\n\n\n<p>Christian Leopold<br>Frank P\u00f6ser<\/p>\n\n\n\n<p>Eingetragen beim Handelsregister Bremen unter HRB 33838 HB<br>USt-IdNr.: DE 320530138<\/p>\n\n\n\n<h3 class=\"wp-block-heading\"><strong>CHS Spezialcontainer \u2013 Shelter and Engineering GmbH<\/strong><\/h3>\n\n\n\n<p>Tillmannstra\u00dfe 11\u2028<br>28239 Bremen<br>Tel.: +49 421 64396 300<br>\u2028Fax: +49 421 64396 398\u2028<br>E-Mail: info@chs-spezialcontainer.de<\/p>\n\n\n\n<h4 class=\"wp-block-heading\">Gesch\u00e4ftsf\u00fchrer:<\/h4>\n\n\n\n<p>Stefan Kanowski<br>Carsten Leopold<br>Christian Leopold<br>Frank P\u00f6ser<\/p>\n\n\n\n<p>Eingetragen beim Handelsregister Bremen unter HRB 22405 HB<br>USt-IdNr.: DE 814131263<br>&nbsp;<\/p>\n\n\n\n<h3 class=\"wp-block-heading\">CHS S\u00fcdcon GmbH<\/h3>\n\n\n\n<p>Posthalterring 5\u2028<br>85599 Parsdorf<br>Tel.: +49 89 2175250 0\u2028<br>Fax: +49 89 2175250 25<br>E-Mail: info@chs-suedcon.de<\/p>\n\n\n\n<h4 class=\"wp-block-heading\"><strong>Gesch\u00e4ftsf\u00fchrer:<\/strong><\/h4>\n\n\n\n<p>Anton Finauer<br>Frank P\u00f6ser<\/p>\n\n\n\n<p>Eingetragen beim Handelsregister M\u00fcnchen unter HRB 148925<br>USt-IdNr.: DE 231240937<\/p>\n\n\n\n<h2 class=\"wp-block-heading\">Rechtliche Hinweise<\/h2>\n\n\n\n<h3 class=\"wp-block-heading\">Haftungsausschluss<\/h3>\n\n\n\n<p>Die Webseiten der CHS Container Group und die darauf bereitgestellten Informationen werden regelm\u00e4\u00dfig einer sorgf\u00e4ltigen \u00dcberpr\u00fcfung unterzogen und aktualisiert. Dennoch bitten wir um Verst\u00e4ndnis daf\u00fcr, dass die CHS Container Group keinerlei Gew\u00e4hr f\u00fcr die Aktualit\u00e4t, Korrektheit, Vollst\u00e4ndigkeit oder Qualit\u00e4t der bereitgestellten Informationen \u00fcbernehmen wird. Haftungsanspr\u00fcche gegen alle Unternehmen der CHS Container Group, welche sich auf Sch\u00e4den materieller oder ideeller Art beziehen, die durch die Nutzung oder Nichtnutzung der dargebotenen Informationen bzw. durch die Nutzung fehlerhafter und unvollst\u00e4ndiger Informationen verursacht wurden, sind grunds\u00e4tzlich ausgeschlossen.<br>Alle Angebote sind freibleibend und unverbindlich. Alle Unternehmen der CHS Container Group behalten es sich ausdr\u00fccklich vor, Teile der Seiten oder das gesamte Angebot ohne gesonderte Ank\u00fcndigung zu ver\u00e4ndern, zu erg\u00e4nzen, zu l\u00f6schen oder die Ver\u00f6ffentlichung zeitweise oder endg\u00fcltig einzustellen.<\/p>\n\n\n\n<h3 class=\"wp-block-heading\">Copyright<\/h3>\n\n\n\n<p>Das ausschlie\u00dfliche Copyright aller Inhalte dieser Website liegt, falls nicht anders gekennzeichnet, bei der CHS Container Verwaltungsgesellschaft mbH. Eine Vervielf\u00e4ltigung oder Verwendung von Grafiken und Texten in anderen elektronischen oder gedruckten Publikationen ist ohne ausdr\u00fcckliche Zustimmung nicht gestattet.<\/p>\n\n\n\n<h3 class=\"wp-block-heading\">Verweise und Links<\/h3>\n\n\n\n<p>Bei direkten oder indirekten Verweisen auf fremde Webseiten (&#8222;Hyperlinks&#8220;), die au\u00dferhalb des Verantwortungsbereiches der Unternehmen der CHS Container Group liegen, w\u00fcrde eine Haftungsverpflichtung ausschlie\u00dflich in dem Fall in Kraft treten, in dem die CHS Container Group von den Inhalten Kenntnis hat und es ihr technisch m\u00f6glich und zumutbar w\u00e4re, die Nutzung im Falle rechtswidriger Inhalte zu verhindern. Die CHS Container Group erkl\u00e4rt hiermit ausdr\u00fccklich, dass zum Zeitpunkt der Linksetzung keine illegalen Inhalte auf den zu verlinkenden Seiten erkennbar waren. Auf die aktuelle und zuk\u00fcnftige Gestaltung, die Inhalte oder die Urheberschaft der verlinkten\/verkn\u00fcpften Seiten hat die CHS Container Group keinerlei Einfluss. Deshalb distanziert sie sich hiermit ausdr\u00fccklich von allen Inhalten aller verlinkten\/verkn\u00fcpften Seiten, die nach der Linksetzung ver\u00e4ndert wurden. Diese Feststellung gilt f\u00fcr alle innerhalb des eigenen Internetangebotes gesetzten Links und Verweise sowie f\u00fcr Fremdeintr\u00e4ge in von der CHS Container Group eingerichteten G\u00e4steb\u00fcchern, Diskussionsforen, Linkverzeichnissen, Mailinglisten und allen anderen Formen von Datenbanken, auf deren Inhalt externe Schreibzugriffe m\u00f6glich sind. F\u00fcr illegale, fehlerhafte oder unvollst\u00e4ndige Inhalte und insbesondere f\u00fcr Sch\u00e4den, die aus der Nutzung oder Nichtnutzung solcherart dargebotener Informationen entstehen, haftet allein der Anbieter der Seite, auf welche verwiesen wurde, nicht derjenige, der \u00fcber Links auf die jeweilige Ver\u00f6ffentlichung lediglich verweist.<\/p>\n\n\n\n<p><br>Unser Internetauftritt verwendet Social Plugins (&#8222;Plugins&#8220;) des sozialen Netzwerkes facebook.com, welches von der Facebook Inc., 1601 S. California Ave, Palo Alto, CA 94304, USA betrieben wird (&#8222;Facebook&#8220;). Die Plugins sind an einem der Facebook Logos erkennbar (wei\u00dfes \u201ef\u201c auf blauer Kachel oder ein \u201eDaumen hoch\u201c-Zeichen) oder sie sind mit dem Zusatz &#8222;Facebook Social Plugin&#8220; gekennzeichnet. Die Liste und das Aussehen der Facebook Social Plugins kann hier eingesehen werden: <a href=\"http:\/\/developers.facebook.com\/docs\/plugins\/\" target=\"_blank\" rel=\"noopener\">http:\/\/developers.facebook.com\/docs\/plugins\/<\/a><br>Wenn Sie eine Webseite unseres Internetauftritts aufrufen, die ein solches Plugin enth\u00e4lt, baut Ihr Browser eine direkte Verbindung mit den Servern von Facebook auf. Der Inhalt des Plugins wird von Facebook direkt an Ihren Browser \u00fcbermittelt und von diesem in die Webseite eingebunden. Wir haben daher keinen Einfluss auf den Umfang der Daten, die Facebook mithilfe dieses Plugins erhebt und informieren Sie daher entsprechend unserem Kenntnisstand: <a href=\"http:\/\/www.facebook.com\/help\/?faq=17512\" target=\"_blank\" rel=\"noopener\">http:\/\/www.facebook.com\/help\/?faq=17512<\/a><br>Durch die Einbindung der Plugins erh\u00e4lt Facebook die Information, dass Sie die entsprechende Seite unseres Internetauftritts aufgerufen haben. Sind Sie bei Facebook eingeloggt, kann Facebook den Besuch Ihrem Facebook-Konto zuordnen. Wenn Sie mit den Plugins interagieren, zum Beispiel den Like-Button bet\u00e4tigen oder einen Kommentar abgeben, wird die entsprechende Information von Ihrem Browser direkt an Facebook \u00fcbermittelt und dort gespeichert. Falls Sie kein Mitglied von Facebook sind, besteht trotzdem die M\u00f6glichkeit, dass Facebook Ihre IP-Adresse in Erfahrung bringt und speichert.<br>Zweck und Umfang der Datenerhebung und die weitere Verarbeitung und Nutzung der Daten durch Facebook sowie Ihre diesbez\u00fcglichen Rechte und Einstellungsm\u00f6glichkeiten zum Schutz Ihrer Privatsph\u00e4re entnehmen Sie bitte den Datenschutzhinweisen von Facebook: <a href=\"http:\/\/www.facebook.com\/policy.php.\" target=\"_blank\" rel=\"noopener\">http:\/\/www.facebook.com\/policy.php.<\/a><\/p>\n\n\n\n<p><br>Wenn Sie Facebook-Mitglied sind und nicht m\u00f6chten, dass Facebook \u00fcber unseren Internetauftritt Daten \u00fcber Sie sammelt und mit Ihren bei Facebook gespeicherten Mitgliedsdaten verkn\u00fcpft, m\u00fcssen Sie sich vor Ihrem Besuch unseres Internetauftritts bei Facebook ausloggen. Ebenfalls ist es m\u00f6glich Facebook-Social-Plugins mit Add-ons f\u00fcr Ihren Browser zu blocken, zum Beispiel mit dem &#8222;Facebook Blocker&#8220;.<\/p>\n\n\n\n<h3 class=\"wp-block-heading\">Rechtswirksamkeit dieses Haftungsausschlusses<\/h3>\n\n\n\n<p>Dieser Haftungsausschluss ist als Teil des Internetangebotes zu betrachten, von dem aus auf diese Seite verwiesen wurde. Sofern Teile oder einzelne Formulierungen dieses Textes der geltenden Rechtslage nicht, nicht mehr oder nicht vollst\u00e4ndig entsprechen sollten, bleiben die \u00fcbrigen Teile des Dokumentes in ihrem Inhalt und ihrer G\u00fcltigkeit davon unber\u00fchrt.<br>Wir arbeiten ausschlie\u00dflich auf Grundlage unserer allgemeinen Gesch\u00e4ftsbedingungen.<br>Dieses Impressum gilt ebenfalls f\u00fcr die CHS Facebook-Seite.<br>Bei allen Produktbildern auf dieser Homepage handelt es sich um Beispiele. Die tats\u00e4chlichen Produkte k\u00f6nnen in Aussehen und Ausstattung abweichen.<\/p>\n\n\n\n<h2 class=\"wp-block-heading\">Weitere Angaben<\/h2>\n\n\n\n<h3 class=\"wp-block-heading\"><strong>Konzept, Design und Webentwicklung<\/strong><\/h3>\n\n\n\n<p><a href=\"https:\/\/www.boewa.de\/_\/Webdesign\/Webdesign-Bremen\" target=\"_blank\" rel=\"noopener\">Webdesign aus Bremen: b\u00f6wa GmbH<\/a><\/p>\n\n\n\n<h3 class=\"wp-block-heading\">Bildnachweise<\/h3>\n\n\n\n<p>Auf den Seiten dieser Internetpr\u00e4senz wurden Fotos von <a href=\"https:\/\/www.muellereffekt.de\/\" target=\"_blank\" rel=\"noopener\">M\u00fcllereffekt<\/a> verwendet.<\/p>\n","protected":false},"excerpt":{"rendered":"<p>Dienstanbieter i.S.d. \u00a7 5 Digitale Dienste Gesetz: CHS Container Holding GmbH Tillmannstra\u00dfe 19\u202828239 Bremen Tel.: +49 421 64396 0Fax: +49 421 64396 99E-Mail: info@chs-container.de Eingetragen beim Handelsregister Bremen unter HRB 10982&nbsp;HBUSt-IdNr.: DE 114405195 Gesch\u00e4ftsf\u00fchrer: Christian LeopoldFrank P\u00f6serCarsten LeopoldWerner P\u00f6ser Weitere Unternehmen der CHS Container Group: CHS Container Handel GmbH Tillmannstra\u00dfe 19\u202828239 BremenTel.: +49 421 64396 [&hellip;]<\/p>\n","protected":false},"author":1,"featured_media":0,"parent":0,"menu_order":0,"comment_status":"closed","ping_status":"closed","template":"","meta":{"_acf_changed":false,"inline_featured_image":false,"_angie_page":false,"footnotes":""},"class_list":["post-323","page","type-page","status-publish","hentry"],"acf":[],"_links":{"self":[{"href":"https:\/\/chs-containergroup.com\/de\/wp-json\/wp\/v2\/pages\/323","targetHints":{"allow":["GET"]}}],"collection":[{"href":"https:\/\/chs-containergroup.com\/de\/wp-json\/wp\/v2\/pages"}],"about":[{"href":"https:\/\/chs-containergroup.com\/de\/wp-json\/wp\/v2\/types\/page"}],"author":[{"embeddable":true,"href":"https:\/\/chs-containergroup.com\/de\/wp-json\/wp\/v2\/users\/1"}],"replies":[{"embeddable":true,"href":"https:\/\/chs-containergroup.com\/de\/wp-json\/wp\/v2\/comments?post=323"}],"version-history":[{"count":0,"href":"https:\/\/chs-containergroup.com\/de\/wp-json\/wp\/v2\/pages\/323\/revisions"}],"wp:attachment":[{"href":"https:\/\/chs-containergroup.com\/de\/wp-json\/wp\/v2\/media?parent=323"}],"curies":[{"name":"wp","href":"https:\/\/api.w.org\/{rel}","templated":true}]}}