{"id":317,"date":"2024-09-16T16:42:04","date_gmt":"2024-09-16T14:42:04","guid":{"rendered":"https:\/\/chs-containergroup.com\/de\/?page_id=317"},"modified":"2025-08-12T10:12:40","modified_gmt":"2025-08-12T08:12:40","slug":"barrierefreiheitserklaerung","status":"publish","type":"page","link":"https:\/\/chs-containergroup.com\/de\/barrierefreiheitserklaerung\/","title":{"rendered":"Barrierefreiheitserkl\u00e4rung"},"content":{"rendered":"\n<h2 class=\"wp-block-heading\">Erkl\u00e4rung zur Barrierefreiheit<\/h2>\n\n\n\n<p>Wir bem\u00fchen uns, diesen Webauftritt oder mobile Anwendung barrierefrei zu machen. Die Erkl\u00e4rung zur Barrierefreiheit wird im&nbsp;<a href=\"https:\/\/www.transparenz.bremen.de\/metainformationen\/bremisches-behindertengleichstellungsgesetz-brembgg-vom-18-dezember-2018-124514?asl=bremen203_tpgesetz.c.55340.de&amp;template=20_gp_ifg_meta_detail_d\" target=\"_blank\" rel=\"noreferrer noopener\">Bremischen Behindertengleichstellungsgesetz<\/a>&nbsp;verlangt. Die technischen Anforderungen zur Barrierefreiheit ergeben sich aus der&nbsp;<a href=\"http:\/\/www.gesetze-im-internet.de\/bitv_2_0\/\" target=\"_blank\" rel=\"noreferrer noopener\">BITV 2.0<\/a>.<\/p>\n\n\n\n<p>Diese Erkl\u00e4rung zur digitalen Barrierefreiheit gilt f\u00fcr den unter\u00a0<a href=\"https:\/\/chs-containergroup.com\">https:\/\/chs-containergroup.com<\/a>\u00a0ver\u00f6ffentlichten Webauftritt der CHS Container Holding GmbH.<\/p>\n\n\n\n<h3 class=\"wp-block-heading\">Wie barrierefrei ist das Angebot?<\/h3>\n\n\n\n<p>Dieses Angebot ist im Wesentlichen barrierefrei. Es werden die Anforderungen der BITV 2.0 im Wesentlichen erf\u00fcllt.<\/p>\n\n\n\n<p>Die \u00dcberpr\u00fcfung der Einhaltung der Anforderungen beruht auf einer am 07.11.2024 durchgef\u00fchrten Selbstbewertung.<\/p>\n\n\n\n<h3 class=\"wp-block-heading\">Welche Bereiche sind nicht barrierefrei?<\/h3>\n\n\n\n<h4 class=\"wp-block-heading\">Unvereinbarkeit mit BITV 2.0<\/h4>\n\n\n\n<p>Teilbereiche, die nicht oder noch nicht barrierefrei sind:<\/p>\n\n\n\n<ul class=\"wp-block-list\">\n<li>PDFs sind nicht oder nicht ausreichend getaggt<\/li>\n\n\n\n<li>F\u00fcr Videos gibt es keine Audiodeskription.<\/li>\n<\/ul>\n\n\n\n<h3 class=\"wp-block-heading\">Wann wurde die Erkl\u00e4rung zur Barrierefreiheit erstellt?<\/h3>\n\n\n\n<p>Diese Erkl\u00e4rung wurde am 08.11.2024 erstellt bzw. \u00fcberarbeitet.<\/p>\n\n\n\n<h3 class=\"wp-block-heading\">M\u00f6chten Sie Barrieren melden? (Feedback-M\u00f6glichkeit)<\/h3>\n\n\n\n<p>Wir m\u00f6chten unser Angebot gerne weiter verbessern. Teilen Sie uns Ihre Probleme und Fragen zur digitalen Barrierefreiheit gerne mit:<\/p>\n\n\n\n<p>CHS Container Holding GmbH<br>Tillmannstra\u00dfe 19\u2028<br>28239 Bremen<\/p>\n\n\n\n<p>Tel.: +49 421 64396 0<br>Fax: +49 421 64396 99<br>E-Mail: <a href=\"mailto:info@chs-container.de\">info@chs-container.de<\/a><\/p>\n\n\n\n<h4 class=\"wp-block-heading\">Kontakt zur Zentralstelle f\u00fcr barrierefreie Informationstechnik <\/h4>\n\n\n\n<p>Falls Ihre Kontaktaufnahme mit der \u00f6ffentlichen Stelle nicht erfolgreich war, k\u00f6nnen Sie sich an die&nbsp;<a href=\"https:\/\/www.behindertenbeauftragter.bremen.de\/der-beauftragte\/zentralstelle-fuer-barrierefreie-informationstechnik\/beschwerde-ueber-eine-webseite-oder-mobile-anwendung-28047\" target=\"_blank\" rel=\"noreferrer noopener\">Zentralstelle f\u00fcr barrierefreie Informationstechnik<\/a>wenden. Diese bietet auch weitere&nbsp;<a href=\"https:\/\/www.behindertenbeauftragter.bremen.de\/der-beauftragte\/zentralstelle-fuer-barrierefreie-informationstechnik-28011\" target=\"_blank\" rel=\"noreferrer noopener\">Informationen zur Durchsetzung<\/a>.<\/p>\n","protected":false},"excerpt":{"rendered":"<p>Erkl\u00e4rung zur Barrierefreiheit Wir bem\u00fchen uns, diesen Webauftritt oder mobile Anwendung barrierefrei zu machen. Die Erkl\u00e4rung zur Barrierefreiheit wird im&nbsp;Bremischen Behindertengleichstellungsgesetz&nbsp;verlangt. Die technischen Anforderungen zur Barrierefreiheit ergeben sich aus der&nbsp;BITV 2.0. Diese Erkl\u00e4rung zur digitalen Barrierefreiheit gilt f\u00fcr den unter\u00a0https:\/\/chs-containergroup.com\u00a0ver\u00f6ffentlichten Webauftritt der CHS Container Holding GmbH. Wie barrierefrei ist das Angebot? Dieses Angebot ist im [&hellip;]<\/p>\n","protected":false},"author":1,"featured_media":0,"parent":0,"menu_order":0,"comment_status":"closed","ping_status":"closed","template":"","meta":{"_acf_changed":false,"inline_featured_image":false,"_angie_page":false,"footnotes":""},"class_list":["post-317","page","type-page","status-publish","hentry"],"acf":[],"_links":{"self":[{"href":"https:\/\/chs-containergroup.com\/de\/wp-json\/wp\/v2\/pages\/317","targetHints":{"allow":["GET"]}}],"collection":[{"href":"https:\/\/chs-containergroup.com\/de\/wp-json\/wp\/v2\/pages"}],"about":[{"href":"https:\/\/chs-containergroup.com\/de\/wp-json\/wp\/v2\/types\/page"}],"author":[{"embeddable":true,"href":"https:\/\/chs-containergroup.com\/de\/wp-json\/wp\/v2\/users\/1"}],"replies":[{"embeddable":true,"href":"https:\/\/chs-containergroup.com\/de\/wp-json\/wp\/v2\/comments?post=317"}],"version-history":[{"count":0,"href":"https:\/\/chs-containergroup.com\/de\/wp-json\/wp\/v2\/pages\/317\/revisions"}],"wp:attachment":[{"href":"https:\/\/chs-containergroup.com\/de\/wp-json\/wp\/v2\/media?parent=317"}],"curies":[{"name":"wp","href":"https:\/\/api.w.org\/{rel}","templated":true}]}}