{"id":315,"date":"2024-09-16T16:41:48","date_gmt":"2024-09-16T14:41:48","guid":{"rendered":"https:\/\/chs-containergroup.com\/de\/?page_id=315"},"modified":"2026-04-10T11:23:13","modified_gmt":"2026-04-10T09:23:13","slug":"compliance","status":"publish","type":"page","link":"https:\/\/chs-containergroup.com\/de\/compliance\/","title":{"rendered":"Compliance"},"content":{"rendered":"\n<p>Die <strong>Charta der CHS Container Group<\/strong> ist eine Verhaltensrichtlinie, in der die Verpflichtung zur Einhaltung von gesetzlichen und ethischen Vorschriften und das Verfolgen gemeinsamer Werte niedergeschrieben ist. Die Charta ist ein festes Fundament unserer t\u00e4glichen Arbeit und stellt eine zuverl\u00e4ssige Orientierung unserer Mitarbeiter f\u00fcr ihren Umgang im nationalen und internationalen Gesch\u00e4ftsumfeld sowie in der Zusammenarbeit mit Kunden und Lieferanten dar.<\/p>\n\n\n\n<div class=\"wp-block-buttons is-layout-flex wp-block-buttons-is-layout-flex\">\n<div class=\"wp-block-button\"><a class=\"btn btn-primary wp-element-button\" href=\"https:\/\/chs-containergroup.com\/de\/wp-content\/uploads\/sites\/2\/2026\/04\/2026_03_31-Charta-der-CHS-Container-Group-2.pdf\" target=\"_blank\" rel=\"noreferrer noopener\">Charta CHS Container Group (PDF)<\/a><\/div>\n<\/div>\n","protected":false},"excerpt":{"rendered":"<p>Die Charta der CHS Container Group ist eine Verhaltensrichtlinie, in der die Verpflichtung zur Einhaltung von gesetzlichen und ethischen Vorschriften und das Verfolgen gemeinsamer Werte niedergeschrieben ist. Die Charta ist ein festes Fundament unserer t\u00e4glichen Arbeit und stellt eine zuverl\u00e4ssige Orientierung unserer Mitarbeiter f\u00fcr ihren Umgang im nationalen und internationalen Gesch\u00e4ftsumfeld sowie in der Zusammenarbeit [&hellip;]<\/p>\n","protected":false},"author":1,"featured_media":0,"parent":0,"menu_order":0,"comment_status":"closed","ping_status":"closed","template":"","meta":{"_acf_changed":false,"inline_featured_image":false,"_angie_page":false,"footnotes":""},"class_list":["post-315","page","type-page","status-publish","hentry"],"acf":[],"_links":{"self":[{"href":"https:\/\/chs-containergroup.com\/de\/wp-json\/wp\/v2\/pages\/315","targetHints":{"allow":["GET"]}}],"collection":[{"href":"https:\/\/chs-containergroup.com\/de\/wp-json\/wp\/v2\/pages"}],"about":[{"href":"https:\/\/chs-containergroup.com\/de\/wp-json\/wp\/v2\/types\/page"}],"author":[{"embeddable":true,"href":"https:\/\/chs-containergroup.com\/de\/wp-json\/wp\/v2\/users\/1"}],"replies":[{"embeddable":true,"href":"https:\/\/chs-containergroup.com\/de\/wp-json\/wp\/v2\/comments?post=315"}],"version-history":[{"count":0,"href":"https:\/\/chs-containergroup.com\/de\/wp-json\/wp\/v2\/pages\/315\/revisions"}],"wp:attachment":[{"href":"https:\/\/chs-containergroup.com\/de\/wp-json\/wp\/v2\/media?parent=315"}],"curies":[{"name":"wp","href":"https:\/\/api.w.org\/{rel}","templated":true}]}}