{"id":305,"date":"2024-09-16T16:40:01","date_gmt":"2024-09-16T14:40:01","guid":{"rendered":"https:\/\/chs-containergroup.com\/de\/?page_id=305"},"modified":"2026-04-24T13:26:56","modified_gmt":"2026-04-24T11:26:56","slug":"berufseinstieg","status":"publish","type":"page","link":"https:\/\/chs-containergroup.com\/de\/karriere\/berufseinstieg\/","title":{"rendered":"Berufseinstieg"},"content":{"rendered":"\n<h2 class=\"wp-block-heading\">In Bremen daheim, in der Welt zu Hause!<\/h2>\n\n\n\n<p>Der Berufseinstieg bei der CHS Container Group ist der erste Schritt in eine spannende und vielseitige Karriere in einem internationalen Umfeld.<\/p>\n\n\n\n<h3 class=\"wp-block-heading\">Individuelle Einarbeitung<\/h3>\n\n\n\n<p>Wir bieten ein umfassendes Einarbeitungsprogramm, das Dir hilft, die notwendigen Kenntnisse und F\u00e4higkeiten zu erwerben. Mentoring und praxisorientierte Schulungen unterst\u00fctzen Deinen Einstieg.<\/p>\n\n\n\n<h3 class=\"wp-block-heading\">Vielf\u00e4ltige M\u00f6glichkeiten<\/h3>\n\n\n\n<p>Du kannst in verschiedenen Bereichen wie Gro\u00df- und Au\u00dfenhandelsmanagement, Logistik oder Technik arbeiten. Bei uns sind Deine Aufgaben abwechslungsreich und herausfordernd.<\/p>\n\n\n\n<h3 class=\"wp-block-heading\">Chancengleichheit und Vielfalt<\/h3>\n\n\n\n<p>Chancengleichheit ist uns wichtig. Daher nehmen wir regelm\u00e4\u00dfig Praktikanten auf, um jungen Talenten die M\u00f6glichkeit zu geben, ihre F\u00e4higkeiten zu entwickeln und wertvolle Erfahrungen zu sammeln. Wir f\u00f6rdern ein integratives Arbeitsumfeld, in dem Vielfalt gesch\u00e4tzt wird.<\/p>\n\n\n\n<h3 class=\"wp-block-heading\">Gemeinschaft und Teamgeist<\/h3>\n\n\n\n<p>Bei CHS arbeitest Du in einem unterst\u00fctzenden Team, das sich gegenseitig inspiriert. Unsere erfahrenen Kollegen stehen Dir mit Rat und Tat zur Seite.<\/p>\n\n\n\n<h3 class=\"wp-block-heading\">Entwicklungsperspektiven<\/h3>\n\n\n\n<p>Wir f\u00f6rdern Deine berufliche Entwicklung durch regelm\u00e4\u00dfige Weiterbildungen und Schulungen, damit Du Deine F\u00e4higkeiten kontinuierlich ausbauen kannst.<\/p>\n\n\n\n<h2 class=\"wp-block-heading\">Sei Teil unserer Erfolgsgeschichte!<\/h2>\n\n\n\n<p>Wenn Du bereit bist, den ersten Schritt in Deine berufliche Zukunft zu gehen, freuen wir uns auf Deine Bewerbung!<\/p>\n\n\n\n<div class=\"wp-block-buttons is-layout-flex wp-block-buttons-is-layout-flex\">\n<div class=\"wp-block-button\"><a class=\"btn btn-primary wp-element-button\" href=\"https:\/\/chs-containergroup.com\/de\/karriere\/karriere-bei-chs\/stellenangebote\/\">Zu den Stellenangeboten<\/a><\/div>\n\n\n\n<div class=\"wp-block-button\"><a class=\"btn btn-primary wp-element-button\" href=\"https:\/\/chs-containergroup.com\/de\/ueber-uns\/ueber-chs\/news\/\">News<\/a><\/div>\n\n\n\n<div class=\"wp-block-button\"><a class=\"btn btn-primary wp-element-button\" href=\"https:\/\/chs-containergroup.com\/de\/karriere\/karriere-bei-chs\/chs-als-arbeitgeber\/\">CHS als Arbeitgeber<\/a><\/div>\n<\/div>\n\n\n\n<p><\/p>\n","protected":false},"excerpt":{"rendered":"<p>In Bremen daheim, in der Welt zu Hause! Der Berufseinstieg bei der CHS Container Group ist der erste Schritt in eine spannende und vielseitige Karriere in einem internationalen Umfeld. Individuelle Einarbeitung Wir bieten ein umfassendes Einarbeitungsprogramm, das Dir hilft, die notwendigen Kenntnisse und F\u00e4higkeiten zu erwerben. Mentoring und praxisorientierte Schulungen unterst\u00fctzen Deinen Einstieg. Vielf\u00e4ltige M\u00f6glichkeiten [&hellip;]<\/p>\n","protected":false},"author":1,"featured_media":0,"parent":191,"menu_order":0,"comment_status":"closed","ping_status":"closed","template":"","meta":{"_acf_changed":false,"inline_featured_image":false,"_angie_page":false,"footnotes":""},"class_list":["post-305","page","type-page","status-publish","hentry"],"acf":[],"_links":{"self":[{"href":"https:\/\/chs-containergroup.com\/de\/wp-json\/wp\/v2\/pages\/305","targetHints":{"allow":["GET"]}}],"collection":[{"href":"https:\/\/chs-containergroup.com\/de\/wp-json\/wp\/v2\/pages"}],"about":[{"href":"https:\/\/chs-containergroup.com\/de\/wp-json\/wp\/v2\/types\/page"}],"author":[{"embeddable":true,"href":"https:\/\/chs-containergroup.com\/de\/wp-json\/wp\/v2\/users\/1"}],"replies":[{"embeddable":true,"href":"https:\/\/chs-containergroup.com\/de\/wp-json\/wp\/v2\/comments?post=305"}],"version-history":[{"count":0,"href":"https:\/\/chs-containergroup.com\/de\/wp-json\/wp\/v2\/pages\/305\/revisions"}],"up":[{"embeddable":true,"href":"https:\/\/chs-containergroup.com\/de\/wp-json\/wp\/v2\/pages\/191"}],"wp:attachment":[{"href":"https:\/\/chs-containergroup.com\/de\/wp-json\/wp\/v2\/media?parent=305"}],"curies":[{"name":"wp","href":"https:\/\/api.w.org\/{rel}","templated":true}]}}