{"id":303,"date":"2024-09-16T16:39:44","date_gmt":"2024-09-16T14:39:44","guid":{"rendered":"https:\/\/chs-containergroup.com\/de\/?page_id=303"},"modified":"2025-11-07T18:10:28","modified_gmt":"2025-11-07T17:10:28","slug":"chs-als-arbeitgeber","status":"publish","type":"page","link":"https:\/\/chs-containergroup.com\/de\/karriere\/chs-als-arbeitgeber\/","title":{"rendered":"CHS als Arbeitgeber"},"content":{"rendered":"\n<h2 class=\"wp-block-heading\">Deine Karriere bei der CHS Container Group<\/h2>\n\n\n\n<p>Bei der CHS Container Group sind unsere Mitarbeiter unser wertvollstes Gut. Wir setzen alles daran, ein inspirierendes und unterst\u00fctzendes Arbeitsumfeld zu schaffen, in dem individuelle St\u00e4rken gef\u00f6rdert werden.<\/p>\n\n\n\n<h3 class=\"wp-block-heading\">Ausbildung und duales Studium<\/h3>\n\n\n\n<p>J\u00e4hrlich begr\u00fc\u00dft der <strong>CHS Container Handel 2 bis 3 Auszubildende im Bereich Gro\u00df- und Au\u00dfenhandelsmanagement<\/strong>, die bei uns ihre berufliche Laufbahn starten. Seit 2021 bieten wir zudem die M\u00f6glichkeit eines dualen Studiums an, das Theorie und Praxis optimal verbindet. Unsere <strong>CHS Spezialcontainer Shelter and Engineering GmbH<\/strong> bietet au\u00dferdem vielf\u00e4ltige Ausbildungsberufe an, darunter:<\/p>\n\n\n\n<ul class=\"wp-block-list\">\n<li>Fahrzeuglackierer\/-in<\/li>\n\n\n\n<li>Konstruktionsmechaniker\/-in<\/li>\n<\/ul>\n\n\n\n<figure class=\"wp-block-image size-large\"><img fetchpriority=\"high\" decoding=\"async\" width=\"1024\" height=\"577\" src=\"https:\/\/chs-containergroup.com\/de\/wp-content\/uploads\/sites\/2\/2024\/11\/Google-Post-Ausbildung-2024-4-1024x577.jpg\" alt=\"Deine Ausbildung zum Kaufmann in der Fachrichtung Au\u00dfenhandel, Konstruktionsmechaniker oder Fahrzeuglackierer\" class=\"wp-image-1524\" srcset=\"https:\/\/chs-containergroup.com\/de\/wp-content\/uploads\/sites\/2\/2024\/11\/Google-Post-Ausbildung-2024-4-1024x577.jpg 1024w, https:\/\/chs-containergroup.com\/de\/wp-content\/uploads\/sites\/2\/2024\/11\/Google-Post-Ausbildung-2024-4-300x169.jpg 300w, https:\/\/chs-containergroup.com\/de\/wp-content\/uploads\/sites\/2\/2024\/11\/Google-Post-Ausbildung-2024-4-768x433.jpg 768w, https:\/\/chs-containergroup.com\/de\/wp-content\/uploads\/sites\/2\/2024\/11\/Google-Post-Ausbildung-2024-4-1536x865.jpg 1536w, https:\/\/chs-containergroup.com\/de\/wp-content\/uploads\/sites\/2\/2024\/11\/Google-Post-Ausbildung-2024-4.jpg 1640w\" sizes=\"(max-width: 1024px) 100vw, 1024px\" \/><\/figure>\n\n\n\n<h3 class=\"wp-block-heading\">Benefits, die z\u00e4hlen<\/h3>\n\n\n\n<p>Wir bieten eine Reihe von Vorteilen, die je nach Position variieren:<\/p>\n\n\n\n<ul class=\"wp-block-list\">\n<li><strong>Work-Life-Balance:<\/strong> Flexible Arbeitszeiten und vielf\u00e4ltige T\u00e4tigkeiten sorgen f\u00fcr eine ausgewogene Work-Life-Balance.<\/li>\n\n\n\n<li><strong>Das beste Team:<\/strong> Ein offenes Ohr und ein unterst\u00fctzendes Team, das den R\u00fccken st\u00e4rkt.<\/li>\n\n\n\n<li><strong>Moderne Arbeitspl\u00e4tze:<\/strong> Ein modern ausgestatteter Arbeitsplatz f\u00f6rdert einen idealen Workflow.<\/li>\n\n\n\n<li><strong>Freizeit und Hobbys:<\/strong> Zeit f\u00fcr Hobbys und Freizeit durch Events und Corporate Benefits.<\/li>\n\n\n\n<li><strong>Transparenz und Austausch:<\/strong> Wir f\u00f6rdern den Austausch auf Augenh\u00f6he und schaffen Raum f\u00fcr florierende Ideen.<\/li>\n\n\n\n<li><strong>Sicherheit:<\/strong> Ein sicherer Arbeitsplatz durch stabile wirtschaftliche Bedingungen.<\/li>\n\n\n\n<li><strong>Gesundheit und Sicherheit:<\/strong> Wir stellen Schutzkleidung zur Verf\u00fcgung und f\u00fchren regelm\u00e4\u00dfige Gesundheitschecks durch.<\/li>\n\n\n\n<li><strong>Betriebliche Sozialleistungen:<\/strong> Vielf\u00e4ltige betriebliche Sozialleistungen wie betriebliche Altersvorsorge und Krankenzusatzversicherung.<\/li>\n\n\n\n<li><strong>E-Bike-Leasing und Firmenfitness:<\/strong> Genie\u00dfen Sie Angebote wie E-Bike-Leasing, Corporate Benefits und Firmenfitness.<\/li>\n<\/ul>\n\n\n\n<h3 class=\"wp-block-heading\">Individuelle Unterst\u00fctzung<\/h3>\n\n\n\n<p>Du bist wertvoll f\u00fcr uns! Wir legen gro\u00dfen Wert darauf, Dich und Deine Bed\u00fcrfnisse individuell zu unterst\u00fctzen. Gemeinsam gestalten wir Deine berufliche Zukunft in einem dynamischen und internationalen Umfeld.<\/p>\n\n\n\n<figure class=\"wp-block-image size-large\"><img decoding=\"async\" width=\"1024\" height=\"577\" src=\"https:\/\/chs-containergroup.com\/de\/wp-content\/uploads\/sites\/2\/2024\/11\/Google-Post-Ausbildung-2024-3-1024x577.jpg\" alt=\"Zwei Personen l\u00e4cheln sich an. Unterst\u00fctzung bei der CHS Container Group\" class=\"wp-image-1521\" srcset=\"https:\/\/chs-containergroup.com\/de\/wp-content\/uploads\/sites\/2\/2024\/11\/Google-Post-Ausbildung-2024-3-1024x577.jpg 1024w, https:\/\/chs-containergroup.com\/de\/wp-content\/uploads\/sites\/2\/2024\/11\/Google-Post-Ausbildung-2024-3-300x169.jpg 300w, https:\/\/chs-containergroup.com\/de\/wp-content\/uploads\/sites\/2\/2024\/11\/Google-Post-Ausbildung-2024-3-768x433.jpg 768w, https:\/\/chs-containergroup.com\/de\/wp-content\/uploads\/sites\/2\/2024\/11\/Google-Post-Ausbildung-2024-3-1536x865.jpg 1536w, https:\/\/chs-containergroup.com\/de\/wp-content\/uploads\/sites\/2\/2024\/11\/Google-Post-Ausbildung-2024-3.jpg 1640w\" sizes=\"(max-width: 1024px) 100vw, 1024px\" \/><\/figure>\n\n\n\n<h3 class=\"wp-block-heading\">Starte Deine Karriere mit uns!<\/h3>\n\n\n\n<p>Wenn Du auf der Suche nach einer spannenden Ausbildung oder einem dualen Studium bist, freuen wir uns darauf, von Dir zu h\u00f6ren! Werde Teil der CHS Container Group und gestalte die Zukunft des Containerhandels mit uns. Zu unseren offenen Stellenanzeigen gelangst du hier:<\/p>\n\n\n\n<div class=\"wp-block-buttons is-layout-flex wp-block-buttons-is-layout-flex\">\n<div class=\"wp-block-button\"><a class=\"btn btn-primary wp-element-button\" href=\"https:\/\/chs-containergroup.com\/de\/karriere\/karriere-bei-chs\/stellenangebote\/\">Zu den Stellenangeboten<\/a><\/div>\n\n\n\n<div class=\"wp-block-button\"><a class=\"btn btn-primary wp-element-button\" href=\"https:\/\/chs-containergroup.com\/de\/ueber-uns\/ueber-chs\/news\/\">News<\/a><\/div>\n\n\n\n<div class=\"wp-block-button\"><a class=\"btn btn-primary wp-element-button\" href=\"https:\/\/chs-containergroup.com\/de\/ueber-uns\/ueber-chs\/ueber-uns\/\">\u00dcber uns<\/a><\/div>\n<\/div>\n\n\n\n<p><\/p>\n","protected":false},"excerpt":{"rendered":"<p>Deine Karriere bei der CHS Container Group Bei der CHS Container Group sind unsere Mitarbeiter unser wertvollstes Gut. Wir setzen alles daran, ein inspirierendes und unterst\u00fctzendes Arbeitsumfeld zu schaffen, in dem individuelle St\u00e4rken gef\u00f6rdert werden. Ausbildung und duales Studium J\u00e4hrlich begr\u00fc\u00dft der CHS Container Handel 2 bis 3 Auszubildende im Bereich Gro\u00df- und Au\u00dfenhandelsmanagement, die [&hellip;]<\/p>\n","protected":false},"author":1,"featured_media":0,"parent":191,"menu_order":0,"comment_status":"closed","ping_status":"closed","template":"","meta":{"_acf_changed":false,"inline_featured_image":false,"_angie_page":false,"footnotes":""},"class_list":["post-303","page","type-page","status-publish","hentry"],"acf":[],"_links":{"self":[{"href":"https:\/\/chs-containergroup.com\/de\/wp-json\/wp\/v2\/pages\/303","targetHints":{"allow":["GET"]}}],"collection":[{"href":"https:\/\/chs-containergroup.com\/de\/wp-json\/wp\/v2\/pages"}],"about":[{"href":"https:\/\/chs-containergroup.com\/de\/wp-json\/wp\/v2\/types\/page"}],"author":[{"embeddable":true,"href":"https:\/\/chs-containergroup.com\/de\/wp-json\/wp\/v2\/users\/1"}],"replies":[{"embeddable":true,"href":"https:\/\/chs-containergroup.com\/de\/wp-json\/wp\/v2\/comments?post=303"}],"version-history":[{"count":0,"href":"https:\/\/chs-containergroup.com\/de\/wp-json\/wp\/v2\/pages\/303\/revisions"}],"up":[{"embeddable":true,"href":"https:\/\/chs-containergroup.com\/de\/wp-json\/wp\/v2\/pages\/191"}],"wp:attachment":[{"href":"https:\/\/chs-containergroup.com\/de\/wp-json\/wp\/v2\/media?parent=303"}],"curies":[{"name":"wp","href":"https:\/\/api.w.org\/{rel}","templated":true}]}}