{"id":291,"date":"2024-09-16T16:37:51","date_gmt":"2024-09-16T14:37:51","guid":{"rendered":"https:\/\/chs-containergroup.com\/de\/?page_id=291"},"modified":"2026-01-06T08:50:22","modified_gmt":"2026-01-06T07:50:22","slug":"zertifikate","status":"publish","type":"page","link":"https:\/\/chs-containergroup.com\/de\/service\/zertifikate\/","title":{"rendered":"Zertifikate"},"content":{"rendered":"\n<p>Gutes ist erst dann wirklich gut, wenn es unter unterschiedlichsten Bedingungen und Anforderungen immer gleich gut ist.<\/p>\n\n\n\n<p>Seit 2009 sind wir gem\u00e4\u00df DIN EN 9001:2008 Qualit\u00e4tsmanagement sowie DIN EN 14001:2005 Umweltmanagementsystem zertifiziert. Die betriebseigene CHS Werkstatt ist durch den Germanischen Lloyd als Fachbetrieb zertifiziert und f\u00fchrt CSC-Pr\u00fcfungen (\u201eConvention for Safe Containers\u201c) durch, ohne die kein Container in See stechen darf. Auch in unserer eigenen Lackieranlage, in der bis zu vier Container gleichzeitig bearbeitet werden k\u00f6nnen, halten wir die notwendigen Umweltstandards ein.<\/p>\n\n\n\n<p>Engagement und Sorgfalt, Fehlervermeidung und stetige Kontrollen tragen dazu bei, dass unsere gesetzten Standards nicht nur Anwendung finden, sondern sich stetig weiterentwickeln.<\/p>\n\n\n\n<h2 class=\"wp-block-heading\">G\u00fcltige Zertifikate &#8211; CHS Container Handel GmbH<\/h2>\n\n\n\n<div class=\"wp-block-buttons is-layout-flex wp-block-buttons-is-layout-flex\">\n<div class=\"wp-block-button\"><a class=\"btn btn-primary wp-element-button\" href=\"https:\/\/chs-containergroup.com\/de\/wp-content\/uploads\/sites\/2\/2024\/12\/DIN-EN-ISO-14001_2015-DE-4_Neu.png\">ISOCERT\u00ae DIN EN ISO 14001 Zertifikat<\/a><\/div>\n<\/div>\n\n\n\n<p>Die Zertifizierung mit j\u00e4hrlicher \u00dcberwachung durch eine unabh\u00e4ngige Organisation bildet den Abschluss der QM-Umsetzung im Unternehmen. ISOCERT\u00ae ist ein eingetragenes Warenzeichen der DQM-Akademie GmbH f\u00fcr unabh\u00e4ngige Konformit\u00e4tsbewertungen von Qualit\u00e4ts-, Umwelt-, Sicherheits- und Personalmanagementsystemen.<\/p>\n\n\n\n<p><\/p>\n\n\n\n<div class=\"wp-block-buttons is-layout-flex wp-block-buttons-is-layout-flex\">\n<div class=\"wp-block-button\"><a class=\"btn btn-primary wp-element-button\" href=\"https:\/\/chs-containergroup.com\/de\/wp-content\/uploads\/sites\/2\/2024\/12\/DIN-EN-ISO-9001_2015-DE-2_Neu.png\">ISOCERT\u00ae DIN EN ISO 9001 Zertifikat<\/a><\/div>\n<\/div>\n\n\n\n<p>Die Zertifizierung mit j\u00e4hrlicher \u00dcberwachung durch eine unabh\u00e4ngige Organisation bildet den Abschluss der QM-Umsetzung im Unternehmen. ISOCERT\u00ae ist ein eingetragenes Warenzeichen der DQM-Akademie GmbH f\u00fcr unabh\u00e4ngige Konformit\u00e4tsbewertungen von Qualit\u00e4ts-, Umwelt-, Sicherheits- und Personalmanagementsystemen.<\/p>\n\n\n\n<p><\/p>\n\n\n\n<div class=\"wp-block-buttons is-layout-flex wp-block-buttons-is-layout-flex\">\n<div class=\"wp-block-button\"><a class=\"btn btn-primary wp-element-button\" href=\"https:\/\/chs-containergroup.com\/de\/wp-content\/uploads\/sites\/2\/2024\/11\/Zerttifikat-3834-4-2022-10602.pdf\">SNCH &#8211; Zulassung f\u00fcr das Schwei\u00dfen an Containern<\/a><\/div>\n<\/div>\n\n\n\n<p>Die CHS Container Handel GmbH ist ein von SNCH zertifizierter Betrieb f\u00fcr das Schwei\u00dfen an Containern. Die Zertifizierung umfasst die Reparatur von Containern aller Bauarten einschlie\u00dflich den&nbsp;Rahmen von Tankcontainern.<\/p>\n\n\n\n<p><\/p>\n\n\n\n<div class=\"wp-block-buttons is-layout-flex wp-block-buttons-is-layout-flex\">\n<div class=\"wp-block-button\"><a class=\"btn btn-primary wp-element-button\" href=\"https:\/\/chs-containergroup.com\/de\/wp-content\/uploads\/sites\/2\/2024\/12\/CHS-CONTAINER-Handel-GmbH_Zertifikat-ISO-45001-2018-0126-25-DE-1_Neu.pdf\">ISOCERT\u00ae DIN EN ISO 45001 Zertifikat<\/a><\/div>\n<\/div>\n\n\n\n<p>Die Zertifizierung mit j\u00e4hrlicher \u00dcberwachung durch eine unabh\u00e4ngige Organisation bildet den Abschluss der SGAM-Umsetzung im Unternehmen. ISOCERT\u00ae ist ein eingetragenes Warenzeichen der DQM-Akademie GmbH f\u00fcr unabh\u00e4ngige Konformit\u00e4tsbewertungen von Qualit\u00e4ts-, Umwelt-, Sicherheits- und Personalmanagementsystemen.<\/p>\n\n\n\n<p><\/p>\n\n\n\n<h2 class=\"wp-block-heading\">G\u00fcltige Zertifikate &#8211; CHS Spezialcontainer &#8211; Shelter and Engineering GmbH<\/h2>\n\n\n\n<div class=\"wp-block-buttons is-layout-flex wp-block-buttons-is-layout-flex\">\n<div class=\"wp-block-button\"><a class=\"btn btn-primary wp-element-button\" href=\"https:\/\/chs-containergroup.com\/de\/wp-content\/uploads\/sites\/2\/2025\/02\/DIN-EN-ISO-14001_2015-EN-7-1.pdf\">ISOCERT\u00ae DIN EN ISO 14001 Zertifikat<\/a><\/div>\n<\/div>\n\n\n\n<p>Die Zertifizierung mit j\u00e4hrlicher \u00dcberwachung durch eine unabh\u00e4ngige Organisation bildet den Abschluss der QM-Umsetzung im Unternehmen. ISOCERT\u00ae ist ein eingetragenes Warenzeichen der DQM-Akademie GmbH f\u00fcr unabh\u00e4ngige Konformit\u00e4tsbewertungen von Qualit\u00e4ts-, Umwelt-, Sicherheits- und Personalmanagementsystemen.<\/p>\n\n\n\n<p><\/p>\n\n\n\n<div class=\"wp-block-buttons is-layout-flex wp-block-buttons-is-layout-flex\">\n<div class=\"wp-block-button\"><a class=\"btn btn-primary wp-element-button\" href=\"https:\/\/chs-containergroup.com\/de\/wp-content\/uploads\/sites\/2\/2025\/02\/DIN-EN-ISO-9001_2015-DE-2.pdf\">ISOCERT\u00ae DIN EN ISO 9001 Zertifikat<\/a><\/div>\n<\/div>\n\n\n\n<p>Die Zertifizierung mit j\u00e4hrlicher \u00dcberwachung durch eine unabh\u00e4ngige Organisation bildet den Abschluss der QM-Umsetzung im Unternehmen. ISOCERT\u00ae ist ein eingetragenes Warenzeichen der DQM-Akademie GmbH f\u00fcr unabh\u00e4ngige Konformit\u00e4tsbewertungen von Qualit\u00e4ts-, Umwelt-, Sicherheits- und Personalmanagementsystemen.<\/p>\n\n\n\n<p><\/p>\n\n\n\n<div class=\"wp-block-buttons is-layout-flex wp-block-buttons-is-layout-flex\">\n<div class=\"wp-block-button\"><a class=\"btn btn-primary wp-element-button\" href=\"https:\/\/chs-containergroup.com\/de\/wp-content\/uploads\/sites\/2\/2024\/11\/3834-2-Zertifikat.pdf\">DEKRA &#8211; DIN EN ISO 3834-2<\/a><\/div>\n<\/div>\n\n\n\n<p>Das Unternehmen ist durch die Dekra SE f\u00fcr die Einhaltung der schwei\u00dftechnischen Qualit\u00e4tsanforderungen der DIN EN ISO 3834-2 zertifiziert. Hierdurch werden die Anwendungsbereiche Schwei\u00dfen an schiffbaulichen Konstruktionen, Schwei\u00dfen an maschinenbaulichen Konstruktionen und Schwei\u00dfen von Containern abgedeckt.<\/p>\n\n\n\n<p><\/p>\n\n\n\n<div class=\"wp-block-buttons is-layout-flex wp-block-buttons-is-layout-flex\">\n<div class=\"wp-block-button\"><a class=\"btn btn-primary wp-element-button\" href=\"https:\/\/chs-containergroup.com\/de\/wp-content\/uploads\/sites\/2\/2024\/12\/Fachbetrieb-AwSV-WHG.pdf\">T\u00dcV NORD Systems Zertifikat zum \u00dcberwachungsvertrag nach Wasserhaushaltsgesetz (WHG)<\/a><\/div>\n<\/div>\n\n\n\n<p>Zertifiziert nach Wasserhaushaltsgesetz (WHG), um T\u00e4tigkeiten an Anlagen zum Umgang mit wassergef\u00e4hrdenden Stoffen ausf\u00fchren zu d\u00fcrfen. Die Fachbetriebsqualifikation wird durch einen \u00dcberwachungsvertrag mit einer technischen \u00dcberwachungsorganisation nachgewiesen.<\/p>\n\n\n\n<p><\/p>\n\n\n\n<div class=\"wp-block-buttons is-layout-flex wp-block-buttons-is-layout-flex\">\n<div class=\"wp-block-button\"><a class=\"btn btn-primary wp-element-button\" href=\"https:\/\/chs-containergroup.com\/de\/wp-content\/uploads\/sites\/2\/2024\/11\/DIN-2303-Q1_BK1-2027_02_28.pdf\">DNV GL &#8211; DIN 2303<\/a><\/div>\n<\/div>\n\n\n\n<p>CHS Spezialcontainer \u2013 Shelter and Engineering GmbH hat die Herstellerqualifikation zum Schwei\u00dfen an wehrtechnischen Produkten nach DIN2303.<\/p>\n\n\n\n<p><\/p>\n\n\n\n<div class=\"wp-block-buttons is-layout-flex wp-block-buttons-is-layout-flex\">\n<div class=\"wp-block-button\"><a class=\"btn btn-primary wp-element-button\" href=\"https:\/\/chs-containergroup.com\/de\/wp-content\/uploads\/sites\/2\/2026\/01\/CHS-Spezialcontainer-Shelter-and-Engineering-GmbH_Zertifikat-AQAP-2110_Nr-0413-25-2.pdf\">AQAP 2110 Zertifikat<\/a><\/div>\n<\/div>\n\n\n\n<p>AQAP 2110 ist ein NATO-Qualit\u00e4tssicherungsstandard (\u201eAllied Quality Assurance Publications\u201c), der auf der ISO 9001 basiert und um zus\u00e4tzliche Anforderungen erg\u00e4nzt ist. Er gilt f\u00fcr Design, Entwicklung und Produktion, insbesondere in verteidigungs- und sicherheitsrelevanten Projekten.<br>Eine AQAP-2110-Zertifizierung best\u00e4tigt, dass ein Unternehmen seine Qualit\u00e4tsprozesse nach diesen NATO-Vorgaben strukturiert, nachvollziehbar und auditierbar umsetzt und ist h\u00e4ufig Voraussetzung f\u00fcr Auftr\u00e4ge von NATO- oder staatlichen Auftraggebern.<\/p>\n","protected":false},"excerpt":{"rendered":"<p>Gutes ist erst dann wirklich gut, wenn es unter unterschiedlichsten Bedingungen und Anforderungen immer gleich gut ist. Seit 2009 sind wir gem\u00e4\u00df DIN EN 9001:2008 Qualit\u00e4tsmanagement sowie DIN EN 14001:2005 Umweltmanagementsystem zertifiziert. Die betriebseigene CHS Werkstatt ist durch den Germanischen Lloyd als Fachbetrieb zertifiziert und f\u00fchrt CSC-Pr\u00fcfungen (\u201eConvention for Safe Containers\u201c) durch, ohne die kein [&hellip;]<\/p>\n","protected":false},"author":1,"featured_media":0,"parent":119,"menu_order":0,"comment_status":"closed","ping_status":"closed","template":"","meta":{"_acf_changed":false,"inline_featured_image":false,"_angie_page":false,"footnotes":""},"class_list":["post-291","page","type-page","status-publish","hentry"],"acf":[],"_links":{"self":[{"href":"https:\/\/chs-containergroup.com\/de\/wp-json\/wp\/v2\/pages\/291","targetHints":{"allow":["GET"]}}],"collection":[{"href":"https:\/\/chs-containergroup.com\/de\/wp-json\/wp\/v2\/pages"}],"about":[{"href":"https:\/\/chs-containergroup.com\/de\/wp-json\/wp\/v2\/types\/page"}],"author":[{"embeddable":true,"href":"https:\/\/chs-containergroup.com\/de\/wp-json\/wp\/v2\/users\/1"}],"replies":[{"embeddable":true,"href":"https:\/\/chs-containergroup.com\/de\/wp-json\/wp\/v2\/comments?post=291"}],"version-history":[{"count":0,"href":"https:\/\/chs-containergroup.com\/de\/wp-json\/wp\/v2\/pages\/291\/revisions"}],"up":[{"embeddable":true,"href":"https:\/\/chs-containergroup.com\/de\/wp-json\/wp\/v2\/pages\/119"}],"wp:attachment":[{"href":"https:\/\/chs-containergroup.com\/de\/wp-json\/wp\/v2\/media?parent=291"}],"curies":[{"name":"wp","href":"https:\/\/api.w.org\/{rel}","templated":true}]}}