{"id":283,"date":"2024-09-16T16:35:39","date_gmt":"2024-09-16T14:35:39","guid":{"rendered":"https:\/\/chs-containergroup.com\/de\/?page_id=283"},"modified":"2025-11-07T18:24:48","modified_gmt":"2025-11-07T17:24:48","slug":"presse","status":"publish","type":"page","link":"https:\/\/chs-containergroup.com\/de\/news\/presse\/","title":{"rendered":"Presse"},"content":{"rendered":"\n<p>Willkommen auf der Presseseite der CHS Container Group! Hier finden Sie umfassende Informationen zu unseren bedeutenden Projekten, die f\u00fcr die Nutzung in Presse und Medien aufbereitet sind. Wir legen gro\u00dfen Wert darauf, Ihnen detaillierte Einblicke in unsere innovativen L\u00f6sungen und beeindruckenden Vorhaben zu bieten.<\/p>\n\n\n\n<p>Unsere Presseseite enth\u00e4lt Pressemitteilungen, Fachartikel und Hintergrundberichte zu unseren gr\u00f6\u00dften Projekten, die unsere Expertise und unser Engagement f\u00fcr Qualit\u00e4t unterstreichen. Diese Informationen sind ideal f\u00fcr Journalisten, Redakteure und Medienvertreter, die an spannenden Geschichten und Entwicklungen in der Containerbranche interessiert sind.<\/p>\n\n\n\n<p>Bleiben Sie informiert \u00fcber unsere neuesten Errungenschaften und die nachhaltigen L\u00f6sungen, die wir f\u00fcr unsere Kunden entwickeln. F\u00fcr zus\u00e4tzliche Informationen oder spezifische Anfragen stehen wir Ihnen jederzeit gerne zur Verf\u00fcgung.<\/p>\n\n\n\n<div class=\"wp-block-buttons is-layout-flex wp-container-core-buttons-is-layout-c07eda73 wp-block-buttons-is-layout-flex\">\n<div class=\"wp-block-button has-custom-width wp-block-button__width-100\"><a class=\"btn btn-primary has-text-align-left wp-element-button\" href=\"https:\/\/chs-containergroup.com\/de\/wp-content\/uploads\/sites\/2\/2025\/06\/Pressemitteilung-Deutsches-Familienunternehmen-auf-Wachstumskurs-CHS-Container-Group-eroeffnet-zweiten-US-Standort-innerhalb-eines-Jahres.pdf\">Pressemitteilung: CHS Container Group er\u00f6ffnet zweiten US-Standort<\/a><\/div>\n<\/div>\n\n\n\n<div class=\"wp-block-buttons is-layout-flex wp-block-buttons-is-layout-flex\">\n<div class=\"wp-block-button has-custom-width wp-block-button__width-100\"><a class=\"btn btn-primary has-text-align-left wp-element-button\" href=\"https:\/\/chs-containergroup.com\/de\/wp-content\/uploads\/sites\/2\/2024\/12\/Rebranding-Announcement.pdf\" target=\"_blank\" rel=\"noreferrer noopener\">Pressemitteilung: CHS Container Group Rebranding<\/a><\/div>\n<\/div>\n\n\n\n<div class=\"wp-block-buttons is-layout-flex wp-block-buttons-is-layout-flex\">\n<div class=\"wp-block-button has-custom-width wp-block-button__width-100\"><a class=\"btn btn-primary has-text-align-left wp-element-button\" href=\"https:\/\/chs-containergroup.com\/de\/wp-content\/uploads\/sites\/2\/2024\/11\/Global-Group-Meeting-2024.pdf\">Pressemitteilung: CHS Container Group Global Group Meeting 2024<\/a><\/div>\n<\/div>\n\n\n\n<p><\/p>\n","protected":false},"excerpt":{"rendered":"<p>Willkommen auf der Presseseite der CHS Container Group! Hier finden Sie umfassende Informationen zu unseren bedeutenden Projekten, die f\u00fcr die Nutzung in Presse und Medien aufbereitet sind. Wir legen gro\u00dfen Wert darauf, Ihnen detaillierte Einblicke in unsere innovativen L\u00f6sungen und beeindruckenden Vorhaben zu bieten. Unsere Presseseite enth\u00e4lt Pressemitteilungen, Fachartikel und Hintergrundberichte zu unseren gr\u00f6\u00dften Projekten, [&hellip;]<\/p>\n","protected":false},"author":1,"featured_media":0,"parent":133,"menu_order":0,"comment_status":"closed","ping_status":"closed","template":"","meta":{"_acf_changed":false,"inline_featured_image":false,"_angie_page":false,"footnotes":""},"class_list":["post-283","page","type-page","status-publish","hentry"],"acf":[],"_links":{"self":[{"href":"https:\/\/chs-containergroup.com\/de\/wp-json\/wp\/v2\/pages\/283","targetHints":{"allow":["GET"]}}],"collection":[{"href":"https:\/\/chs-containergroup.com\/de\/wp-json\/wp\/v2\/pages"}],"about":[{"href":"https:\/\/chs-containergroup.com\/de\/wp-json\/wp\/v2\/types\/page"}],"author":[{"embeddable":true,"href":"https:\/\/chs-containergroup.com\/de\/wp-json\/wp\/v2\/users\/1"}],"replies":[{"embeddable":true,"href":"https:\/\/chs-containergroup.com\/de\/wp-json\/wp\/v2\/comments?post=283"}],"version-history":[{"count":0,"href":"https:\/\/chs-containergroup.com\/de\/wp-json\/wp\/v2\/pages\/283\/revisions"}],"up":[{"embeddable":true,"href":"https:\/\/chs-containergroup.com\/de\/wp-json\/wp\/v2\/pages\/133"}],"wp:attachment":[{"href":"https:\/\/chs-containergroup.com\/de\/wp-json\/wp\/v2\/media?parent=283"}],"curies":[{"name":"wp","href":"https:\/\/api.w.org\/{rel}","templated":true}]}}