{"id":196,"date":"2024-09-04T15:57:42","date_gmt":"2024-09-04T13:57:42","guid":{"rendered":"https:\/\/chs-containergroup.com\/de\/?page_id=196"},"modified":"2026-04-20T13:06:53","modified_gmt":"2026-04-20T11:06:53","slug":"stellenangebote","status":"publish","type":"page","link":"https:\/\/chs-containergroup.com\/de\/karriere\/stellenangebote\/","title":{"rendered":"Stellenangebote"},"content":{"rendered":"\n<section class=\"wp-block-group\"><div class=\"wp-block-group__inner-container is-layout-constrained wp-block-group-is-layout-constrained\">\n<h2 class=\"wp-block-heading\"><small>Berufsportraits<\/small><br>Berufe bei CHS<\/h2>\n\n\n<div class=\"grid-2-col gap-row-lg job-portrait-wrapper\"><article class=\"job-portrait bg-green-100\"><figure class=\"job-portrait-header\"><img decoding=\"async\" src=\"https:\/\/chs-containergroup.com\/de\/wp-content\/uploads\/sites\/2\/2024\/12\/Stephanie-Genoux.jpg\" alt=\"\" title=\"Stephanie Genoux\"><\/figure><div class=\"job-portrait-content\"><h3>Stephanie<br><small>Containermanagement<\/small><\/h3><button class=\"btn btn-primary collapsed\" type=\"button\" data-bs-toggle=\"collapse\" data-bs-target=\"#job-portrait-collapse-0\" aria-expanded=\"false\" aria-controls=\"job-portrait-collapse-0\" data-text-collapsed=\"Mehr erfahren\" data-text-opened=\"Zuklappen\">Mehr erfahren<\/button><div id=\"job-portrait-collapse-0\" class=\"collapse btn-text-change text-content\"><p>Stephanie ist seit 2022 Teil des Containermanagement \u2013 Teams. Ihre Hauptaufgabe besteht darin, die t\u00e4glichen Containerbewegungen unserer weltweiten Depots zu bearbeiten.<\/p>\n<p>In ihrer Rolle sorgt Stephanie f\u00fcr die reibungslose Anlieferung der Container in verschiedenen Depots und verarbeitet diese im System. Dabei steht sie im st\u00e4ndigen Austausch mit Lieferanten, Kollegen und den Depots. Ein besonderer Schwerpunkt ihrer Arbeit liegt auf der Verzollung von Containern, die aus \u00dcbersee nach Deutschland gelangen \u2013 eine Aufgabe, bei der reibungslose Abl\u00e4ufe entscheidend sind. Die Zukunft des Containermanagements sieht Stephanie in der Automatisierung.<\/p>\n<\/div><\/div><\/article><article class=\"job-portrait bg-green-100\"><figure class=\"job-portrait-header\"><img decoding=\"async\" src=\"https:\/\/chs-containergroup.com\/de\/wp-content\/uploads\/sites\/2\/2024\/10\/Berufsportrait-Daniel.jpg\" alt=\"Eine m\u00e4nnliche Person steht vor einem Container und l\u00e4chelt in die Kamera, Daniel Velasco-Schmidtsdorff\" title=\"Berufsportrait Daniel\"><\/figure><div class=\"job-portrait-content\"><h3>Daniel<br><small>Verkauf<\/small><\/h3><button class=\"btn btn-primary collapsed\" type=\"button\" data-bs-toggle=\"collapse\" data-bs-target=\"#job-portrait-collapse-1\" aria-expanded=\"false\" aria-controls=\"job-portrait-collapse-1\" data-text-collapsed=\"Mehr erfahren\" data-text-opened=\"Zuklappen\">Mehr erfahren<\/button><div id=\"job-portrait-collapse-1\" class=\"collapse btn-text-change text-content\"><p>Daniel aus dem Verkaufsteam der CHS Container Group startet seinen Tag mit der Einstellung, anderen helfen zu wollen. Er freut sich immer auf die Herausforderungen des Tages. Skurrile Anfragen hat er viele erhalten, besonders spannend findet er es, wenn Kunden die Grundstruktur eines Containers ver\u00e4ndern, um neue Funktionen zu erf\u00fcllen. Sein Arbeitsbereich reicht vom Angebot bis zur Rechnung. Oft kommen Kunden nach Jahren zur\u00fcck, was ihn manchmal zum Schmunzeln bringt. Daniel betont, dass der Schl\u00fcssel zum Erfolg im Verkauf darin liegt, Fragen zu stellen und zuzuh\u00f6ren. So erkennt man die wahren Bed\u00fcrfnisse der Kunden und kann sie kompetent beraten.<\/p>\n<\/div><\/div><\/article><article class=\"job-portrait bg-green-100\"><figure class=\"job-portrait-header\"><img decoding=\"async\" src=\"https:\/\/chs-containergroup.com\/de\/wp-content\/uploads\/sites\/2\/2024\/10\/Design-ohne-Titel-58.jpg\" alt=\"Eine m\u00e4nnliche Person steht vor einem Container und l\u00e4chelt in die Kamera, Iman Hashemi\" title=\"Berufsportrait Iman\"><\/figure><div class=\"job-portrait-content\"><h3>Iman<br><small>Vermietung<\/small><\/h3><button class=\"btn btn-primary collapsed\" type=\"button\" data-bs-toggle=\"collapse\" data-bs-target=\"#job-portrait-collapse-2\" aria-expanded=\"false\" aria-controls=\"job-portrait-collapse-2\" data-text-collapsed=\"Mehr erfahren\" data-text-opened=\"Zuklappen\">Mehr erfahren<\/button><div id=\"job-portrait-collapse-2\" class=\"collapse btn-text-change text-content\"><p>Iman ist bei der CHS Container Group im Verkauf und in der Vermietung t\u00e4tig. Er genie\u00dft den Kontakt zu Kunden aus verschiedenen Branchen und k\u00fcmmert sich um ihre Anliegen, um ihre Zufriedenheit sicherzustellen. Besonders spannend fand er sein Projekt mit der Seeb\u00fchne Bremen, wo er beim Open-Air-Festival verschiedene Container bereitstellen und aktiv am Planungsprozess teilnehmen konnte.<\/p>\n<p>Wenn Iman mit einem Container reisen k\u00f6nnte, w\u00fcrde er ihn mit modernster Technologie und Lernmaterialien f\u00fcllen, um positive Ver\u00e4nderungen in Bildungssystemen weltweit zu unterst\u00fctzen. Sein Ziel ist es, Menschen unabh\u00e4ngig von ihrem Wohnort Zugang zu Wissen zu verschaffen.<\/p>\n<p>CHS ist f\u00fcr ihn besonders, weil hier ein famili\u00e4res Umfeld herrscht, in dem sich jeder einbringen und geh\u00f6rt wird.<\/p>\n<\/div><\/div><\/article><\/div>\n<\/div><\/section>\n\n\n\n<section class=\"wp-block-group pt-0\"><div class=\"wp-block-group__inner-container is-layout-constrained wp-block-group-is-layout-constrained\">\n<h2 class=\"wp-block-heading\"><small>Dein Talent. Unsere Mission.<\/small><br>Werde Teil unseres Teams<\/h2>\n\n\n<style>#jtg-443 .modula-item .jtg-social a, .lightbox-socials.jtg-social a{ fill: #ffffff; color: #ffffff }#jtg-443 .modula-item .jtg-social-mobile a{ fill: #ffffff; color: #ffffff }#jtg-443 .modula-item .jtg-social svg, .lightbox-socials.jtg-social svg { height: 16px; width: 16px }#jtg-443 .modula-item .jtg-social-mobile svg { height: 16px; width: 16px }#jtg-443 .modula-item .jtg-social a:not(:last-child), .lightbox-socials.jtg-social a:not(:last-child) { margin-right: 10px }#jtg-443 .modula-item .jtg-social-mobile .jtg-social-mobile-icons a:not(:last-child){ margin-right: 10px }#jtg-443 .modula-item .figc {color:#ffffff;}#jtg-443 .modula-item .figc .jtg-title {  font-size: 16px; }#jtg-443 .modula-item .modula-item-content { transform: scale(1) }#jtg-443 .modula-items .figc p.description { font-size:14px; }#jtg-443 .modula-items .figc p.description { color:#ffffff;}#jtg-443 .modula-items .figc .jtg-title { color:#ffffff; }#jtg-443.modula-gallery .modula-item > a, #jtg-443.modula-gallery .modula-item, #jtg-443.modula-gallery .modula-item-content > a:not(.modula-no-follow) { cursor:zoom-in; } #jtg-443.modula-gallery .modula-item-content .modula-no-follow { cursor: default; } @media screen and (max-width:480px){#jtg-443 .modula-item .figc .jtg-title {  font-size: 12px; }#jtg-443 .modula-items .figc p.description { color:#ffffff;font-size:10px; }}<\/style>\n<div  id=\"jtg-443\" class=\"modula modula-gallery modula-custom-grid\" data-config=\"{&quot;height&quot;:800,&quot;tabletHeight&quot;:800,&quot;mobileHeight&quot;:800,&quot;desktopHeight&quot;:800,&quot;enableTwitter&quot;:false,&quot;enableWhatsapp&quot;:false,&quot;enableFacebook&quot;:false,&quot;enablePinterest&quot;:false,&quot;enableLinkedin&quot;:false,&quot;enableEmail&quot;:false,&quot;randomFactor&quot;:0.5,&quot;type&quot;:&quot;custom-grid&quot;,&quot;columns&quot;:12,&quot;gutter&quot;:10,&quot;mobileGutter&quot;:10,&quot;tabletGutter&quot;:10,&quot;desktopGutter&quot;:10,&quot;enableResponsive&quot;:&quot;0&quot;,&quot;tabletColumns&quot;:2,&quot;mobileColumns&quot;:1,&quot;lazyLoad&quot;:true,&quot;lightboxOpts&quot;:{&quot;animated&quot;:true,&quot;Thumbs&quot;:{&quot;type&quot;:&quot;modern&quot;,&quot;showOnStart&quot;:false},&quot;Toolbar&quot;:{&quot;display&quot;:{&quot;right&quot;:[&quot;close&quot;]},&quot;enabled&quot;:true},&quot;Carousel&quot;:{&quot;Panzoom&quot;:{&quot;touch&quot;:false},&quot;infinite&quot;:false},&quot;keyboard&quot;:{&quot;Escape&quot;:&quot;close&quot;,&quot;Delete&quot;:&quot;close&quot;,&quot;Backspace&quot;:&quot;close&quot;,&quot;PageUp&quot;:false,&quot;PageDown&quot;:false,&quot;ArrowUp&quot;:false,&quot;ArrowDown&quot;:false,&quot;ArrowRight&quot;:false,&quot;ArrowLeft&quot;:false},&quot;touch&quot;:false,&quot;backdropClick&quot;:false,&quot;l10n&quot;:{&quot;CLOSE&quot;:&quot;Close&quot;,&quot;NEXT&quot;:&quot;Next&quot;,&quot;PREV&quot;:&quot;Previous&quot;,&quot;Error&quot;:&quot;The requested content cannot be loaded. Please try again later.&quot;,&quot;PLAY_START&quot;:&quot;Start slideshow&quot;,&quot;PLAY_STOP&quot;:&quot;Pause slideshow&quot;,&quot;FULL_SCREEN&quot;:&quot;Full screen&quot;,&quot;THUMBS&quot;:&quot;Thumbnails&quot;,&quot;DOWNLOAD&quot;:&quot;Download&quot;,&quot;SHARE&quot;:&quot;Share&quot;,&quot;ZOOM&quot;:&quot;Zoom&quot;,&quot;EMAIL&quot;:&quot;Here is the link to the image : %%image_link%% and this is the link to the gallery : %%gallery_link%%&quot;,&quot;MODAL&quot;:&quot;You can close this modal content with the ESC key&quot;,&quot;ERROR&quot;:&quot;Something Went Wrong, Please Try Again Later&quot;,&quot;IMAGE_ERROR&quot;:&quot;Image Not Found&quot;,&quot;ELEMENT_NOT_FOUND&quot;:&quot;HTML Element Not Found&quot;,&quot;AJAX_NOT_FOUND&quot;:&quot;Error Loading AJAX : Not Found&quot;,&quot;AJAX_FORBIDDEN&quot;:&quot;Error Loading AJAX : Forbidden&quot;,&quot;IFRAME_ERROR&quot;:&quot;Error Loading Page&quot;,&quot;TOGGLE_ZOOM&quot;:&quot;Toggle zoom level&quot;,&quot;TOGGLE_THUMBS&quot;:&quot;Toggle thumbnails&quot;,&quot;TOGGLE_SLIDESHOW&quot;:&quot;Toggle slideshow&quot;,&quot;TOGGLE_FULLSCREEN&quot;:&quot;Toggle full-screen mode&quot;},&quot;Images&quot;:{&quot;Panzoom&quot;:{&quot;maxScale&quot;:2}},&quot;mainClass&quot;:&quot;modula-fancybox-container modula-lightbox-jtg-443&quot;,&quot;Html&quot;:{&quot;videoAutoplay&quot;:0,&quot;videoTpl&quot;:&quot;&lt;video class=\\&quot;fancybox__html5video\\&quot; controls muted playsinline controlsList controlsList=\\&quot;nodownload\\&quot; poster=\\&quot;{{poster}}\\&quot; src=\\&quot;{{src}}\\&quot; type=\\&quot;{{format}}\\&quot; &gt;  Sorry, your browser doesn&#039;t support embedded videos, &lt;a href=\\&quot;{{src}}\\&quot;&gt; download &lt;\\\/a&gt; and watch with your favorite video player! &lt;\\\/video&gt;&quot;}},&quot;inView&quot;:false,&quot;email_subject&quot;:&quot;Check out this awesome image !!&quot;,&quot;email_message&quot;:&quot;Here is the link to the image : %%image_link%% and this is the link to the gallery : %%gallery_link%%&quot;,&quot;lightbox&quot;:&quot;fancybox&quot;}\">\n\n\t\n\t<div  class=\"modula-items\">\n\t\t<div class=\"modula-item effect-pufrobo\" data-width=\"4\" data-height=\"5\" >\n\t<div class=\"modula-item-overlay\"><\/div>\n\n\t<div class=\"modula-item-content\">\n\n\t\t\t\t\n\t\t\t\t\t<a data-image-id=\"6871\" data-elementor-open-lightbox=\"no\" tabindex=\"0\" rel=\"jtg-443\" data-caption=\"\" aria-label=\"Open image in lightbox\" role=\"button\" class=\"tile-inner modula-item-link\"><\/a>\n\t\t\n\t\t<img fetchpriority=\"high\" class=\"pic wp-image-6871 lazyload\"  data-valign=\"middle\" data-halign=\"center\" alt=\"\" data-full=\"https:\/\/chs-containergroup.com\/de\/wp-content\/uploads\/sites\/2\/2026\/04\/muellereffekt-0004.jpg\" title=\"muellereffekt-0004\" width=\"1024\" height=\"683\" data-src=\"https:\/\/chs-containergroup.com\/de\/wp-content\/uploads\/sites\/2\/2026\/04\/muellereffekt-0004-1024x683.webp\" data-caption=\"\" data-source=\"modula\" data-srcset=\"https:\/\/chs-containergroup.com\/de\/wp-content\/uploads\/sites\/2\/2026\/04\/muellereffekt-0004-scaled.webp 1200w, https:\/\/chs-containergroup.com\/de\/wp-content\/uploads\/sites\/2\/2026\/04\/muellereffekt-0004-300x200.webp 300w, https:\/\/chs-containergroup.com\/de\/wp-content\/uploads\/sites\/2\/2026\/04\/muellereffekt-0004-scaled-1024x683.webp 1024w, https:\/\/chs-containergroup.com\/de\/wp-content\/uploads\/sites\/2\/2026\/04\/muellereffekt-0004-768x512.webp 768w\" data-sizes=\"(max-width: 1024px) 100vw, 1024px\" srcset=\"https:\/\/chs-containergroup.com\/de\/wp-content\/uploads\/sites\/2\/2026\/04\/muellereffekt-0004-1024x683.webp 1024w, https:\/\/chs-containergroup.com\/de\/wp-content\/uploads\/sites\/2\/2026\/04\/muellereffekt-0004-300x200.webp 300w, https:\/\/chs-containergroup.com\/de\/wp-content\/uploads\/sites\/2\/2026\/04\/muellereffekt-0004-768x512.webp 768w, https:\/\/chs-containergroup.com\/de\/wp-content\/uploads\/sites\/2\/2026\/04\/muellereffekt-0004-scaled.webp 1200w\" sizes=\"(max-width: 1024px) 100vw, 1024px\" \/>\n\t\t<div class=\"figc no-description\">\n\t\t\t<div class=\"figc-inner\">\n\t\t\t\t\t\t\t\t\t\t\t\t\t\t\t<\/div>\n\t\t<\/div>\n\n\t<\/div>\n\n<\/div><div class=\"modula-item effect-pufrobo\" data-width=\"3\" data-height=\"3\" >\n\t<div class=\"modula-item-overlay\"><\/div>\n\n\t<div class=\"modula-item-content\">\n\n\t\t\t\t\n\t\t\t\t\t<a data-image-id=\"6873\" data-elementor-open-lightbox=\"no\" tabindex=\"0\" rel=\"jtg-443\" data-caption=\"\" aria-label=\"Open image in lightbox\" role=\"button\" class=\"tile-inner modula-item-link\"><\/a>\n\t\t\n\t\t<img class=\"pic wp-image-6873 lazyload\"  data-valign=\"middle\" data-halign=\"center\" alt=\"\" data-full=\"https:\/\/chs-containergroup.com\/de\/wp-content\/uploads\/sites\/2\/2026\/04\/muellereffekt-0136.jpg\" title=\"muellereffekt-0136\" width=\"1024\" height=\"683\" data-src=\"https:\/\/chs-containergroup.com\/de\/wp-content\/uploads\/sites\/2\/2026\/04\/muellereffekt-0136-1024x683.webp\" data-caption=\"\" data-source=\"modula\" data-srcset=\"https:\/\/chs-containergroup.com\/de\/wp-content\/uploads\/sites\/2\/2026\/04\/muellereffekt-0136-scaled.webp 1200w, https:\/\/chs-containergroup.com\/de\/wp-content\/uploads\/sites\/2\/2026\/04\/muellereffekt-0136-300x200.webp 300w, https:\/\/chs-containergroup.com\/de\/wp-content\/uploads\/sites\/2\/2026\/04\/muellereffekt-0136-scaled-1024x683.webp 1024w, https:\/\/chs-containergroup.com\/de\/wp-content\/uploads\/sites\/2\/2026\/04\/muellereffekt-0136-768x512.webp 768w\" data-sizes=\"(max-width: 1024px) 100vw, 1024px\" srcset=\"https:\/\/chs-containergroup.com\/de\/wp-content\/uploads\/sites\/2\/2026\/04\/muellereffekt-0136-1024x683.webp 1024w, https:\/\/chs-containergroup.com\/de\/wp-content\/uploads\/sites\/2\/2026\/04\/muellereffekt-0136-300x200.webp 300w, https:\/\/chs-containergroup.com\/de\/wp-content\/uploads\/sites\/2\/2026\/04\/muellereffekt-0136-768x512.webp 768w, https:\/\/chs-containergroup.com\/de\/wp-content\/uploads\/sites\/2\/2026\/04\/muellereffekt-0136-scaled.webp 1200w\" sizes=\"(max-width: 1024px) 100vw, 1024px\" \/>\n\t\t<div class=\"figc no-description\">\n\t\t\t<div class=\"figc-inner\">\n\t\t\t\t\t\t\t\t\t\t\t\t\t\t\t<\/div>\n\t\t<\/div>\n\n\t<\/div>\n\n<\/div><div class=\"modula-item effect-pufrobo\" data-width=\"4\" data-height=\"2\" >\n\t<div class=\"modula-item-overlay\"><\/div>\n\n\t<div class=\"modula-item-content\">\n\n\t\t\t\t\n\t\t\t\t\t<a data-image-id=\"437\" data-elementor-open-lightbox=\"no\" tabindex=\"0\" rel=\"jtg-443\" data-caption=\"\" aria-label=\"Open image in lightbox\" role=\"button\" class=\"tile-inner modula-item-link\"><\/a>\n\t\t\n\t\t<img class=\"pic wp-image-437 lazyload\"  data-valign=\"middle\" data-halign=\"center\" alt=\"\" data-full=\"https:\/\/chs-containergroup.com\/de\/wp-content\/uploads\/sites\/2\/2024\/09\/Karriere-bei-CHS-1920px-3.jpg\" title=\"Karriere-bei-CHS-1920px-3\" width=\"1024\" height=\"683\" data-src=\"https:\/\/chs-containergroup.com\/de\/wp-content\/uploads\/sites\/2\/2024\/09\/Karriere-bei-CHS-1920px-3-1024x683.jpg\" data-caption=\"\" data-source=\"modula\" data-srcset=\"https:\/\/chs-containergroup.com\/de\/wp-content\/uploads\/sites\/2\/2024\/09\/Karriere-bei-CHS-1920px-3.jpg 1920w, https:\/\/chs-containergroup.com\/de\/wp-content\/uploads\/sites\/2\/2024\/09\/Karriere-bei-CHS-1920px-3-300x200.jpg 300w, https:\/\/chs-containergroup.com\/de\/wp-content\/uploads\/sites\/2\/2024\/09\/Karriere-bei-CHS-1920px-3-1024x683.jpg 1024w, https:\/\/chs-containergroup.com\/de\/wp-content\/uploads\/sites\/2\/2024\/09\/Karriere-bei-CHS-1920px-3-768x512.jpg 768w, https:\/\/chs-containergroup.com\/de\/wp-content\/uploads\/sites\/2\/2024\/09\/Karriere-bei-CHS-1920px-3-1536x1024.jpg 1536w\" data-sizes=\"(max-width: 1024px) 100vw, 1024px\" srcset=\"https:\/\/chs-containergroup.com\/de\/wp-content\/uploads\/sites\/2\/2024\/09\/Karriere-bei-CHS-1920px-3-1024x683.jpg 1024w, https:\/\/chs-containergroup.com\/de\/wp-content\/uploads\/sites\/2\/2024\/09\/Karriere-bei-CHS-1920px-3-300x200.jpg 300w, https:\/\/chs-containergroup.com\/de\/wp-content\/uploads\/sites\/2\/2024\/09\/Karriere-bei-CHS-1920px-3-768x512.jpg 768w, https:\/\/chs-containergroup.com\/de\/wp-content\/uploads\/sites\/2\/2024\/09\/Karriere-bei-CHS-1920px-3-1536x1024.jpg 1536w, https:\/\/chs-containergroup.com\/de\/wp-content\/uploads\/sites\/2\/2024\/09\/Karriere-bei-CHS-1920px-3.jpg 1920w\" sizes=\"(max-width: 1024px) 100vw, 1024px\" \/>\n\t\t<div class=\"figc no-description\">\n\t\t\t<div class=\"figc-inner\">\n\t\t\t\t\t\t\t\t\t\t\t\t\t\t\t<\/div>\n\t\t<\/div>\n\n\t<\/div>\n\n<\/div><div class=\"modula-item effect-pufrobo\" data-width=\"4\" data-height=\"3\" >\n\t<div class=\"modula-item-overlay\"><\/div>\n\n\t<div class=\"modula-item-content\">\n\n\t\t\t\t\n\t\t\t\t\t<a data-image-id=\"6875\" data-elementor-open-lightbox=\"no\" tabindex=\"0\" rel=\"jtg-443\" data-caption=\"\" aria-label=\"Open image in lightbox\" role=\"button\" class=\"tile-inner modula-item-link\"><\/a>\n\t\t\n\t\t<img loading=\"lazy\" class=\"pic wp-image-6875 lazyload\"  data-valign=\"middle\" data-halign=\"center\" alt=\"\" data-full=\"https:\/\/chs-containergroup.com\/de\/wp-content\/uploads\/sites\/2\/2026\/04\/muellereffekt-0374.jpg\" title=\"muellereffekt-0374\" width=\"1024\" height=\"683\" data-src=\"https:\/\/chs-containergroup.com\/de\/wp-content\/uploads\/sites\/2\/2026\/04\/muellereffekt-0374-1024x683.webp\" data-caption=\"\" data-source=\"modula\" data-srcset=\"https:\/\/chs-containergroup.com\/de\/wp-content\/uploads\/sites\/2\/2026\/04\/muellereffekt-0374-scaled.webp 1200w, https:\/\/chs-containergroup.com\/de\/wp-content\/uploads\/sites\/2\/2026\/04\/muellereffekt-0374-300x200.webp 300w, https:\/\/chs-containergroup.com\/de\/wp-content\/uploads\/sites\/2\/2026\/04\/muellereffekt-0374-scaled-1024x683.webp 1024w, https:\/\/chs-containergroup.com\/de\/wp-content\/uploads\/sites\/2\/2026\/04\/muellereffekt-0374-768x512.webp 768w\" data-sizes=\"(max-width: 1024px) 100vw, 1024px\" srcset=\"https:\/\/chs-containergroup.com\/de\/wp-content\/uploads\/sites\/2\/2026\/04\/muellereffekt-0374-1024x683.webp 1024w, https:\/\/chs-containergroup.com\/de\/wp-content\/uploads\/sites\/2\/2026\/04\/muellereffekt-0374-300x200.webp 300w, https:\/\/chs-containergroup.com\/de\/wp-content\/uploads\/sites\/2\/2026\/04\/muellereffekt-0374-768x512.webp 768w, https:\/\/chs-containergroup.com\/de\/wp-content\/uploads\/sites\/2\/2026\/04\/muellereffekt-0374-scaled.webp 1200w\" sizes=\"(max-width: 1024px) 100vw, 1024px\" \/>\n\t\t<div class=\"figc no-description\">\n\t\t\t<div class=\"figc-inner\">\n\t\t\t\t\t\t\t\t\t\t\t\t\t\t\t<\/div>\n\t\t<\/div>\n\n\t<\/div>\n\n<\/div><div class=\"modula-item effect-pufrobo\" data-width=\"3\" data-height=\"2\" >\n\t<div class=\"modula-item-overlay\"><\/div>\n\n\t<div class=\"modula-item-content\">\n\n\t\t\t\t\n\t\t\t\t\t<a data-image-id=\"6877\" data-elementor-open-lightbox=\"no\" tabindex=\"0\" rel=\"jtg-443\" data-caption=\"\" aria-label=\"Open image in lightbox\" role=\"button\" class=\"tile-inner modula-item-link\"><\/a>\n\t\t\n\t\t<img loading=\"lazy\" class=\"pic wp-image-6877 lazyload\"  data-valign=\"middle\" data-halign=\"center\" alt=\"\" data-full=\"https:\/\/chs-containergroup.com\/de\/wp-content\/uploads\/sites\/2\/2026\/04\/muellereffekt-0386.jpg\" title=\"muellereffekt-0386\" width=\"1024\" height=\"683\" data-src=\"https:\/\/chs-containergroup.com\/de\/wp-content\/uploads\/sites\/2\/2026\/04\/muellereffekt-0386-1024x683.webp\" data-caption=\"\" data-source=\"modula\" data-srcset=\"https:\/\/chs-containergroup.com\/de\/wp-content\/uploads\/sites\/2\/2026\/04\/muellereffekt-0386-scaled.webp 1200w, https:\/\/chs-containergroup.com\/de\/wp-content\/uploads\/sites\/2\/2026\/04\/muellereffekt-0386-300x200.webp 300w, https:\/\/chs-containergroup.com\/de\/wp-content\/uploads\/sites\/2\/2026\/04\/muellereffekt-0386-scaled-1024x683.webp 1024w, https:\/\/chs-containergroup.com\/de\/wp-content\/uploads\/sites\/2\/2026\/04\/muellereffekt-0386-768x512.webp 768w, https:\/\/chs-containergroup.com\/de\/wp-content\/uploads\/sites\/2\/2026\/04\/muellereffekt-0386-2048x1365.jpg 2048w\" data-sizes=\"(max-width: 1024px) 100vw, 1024px\" srcset=\"https:\/\/chs-containergroup.com\/de\/wp-content\/uploads\/sites\/2\/2026\/04\/muellereffekt-0386-1024x683.webp 1024w, https:\/\/chs-containergroup.com\/de\/wp-content\/uploads\/sites\/2\/2026\/04\/muellereffekt-0386-300x200.webp 300w, https:\/\/chs-containergroup.com\/de\/wp-content\/uploads\/sites\/2\/2026\/04\/muellereffekt-0386-768x512.webp 768w, https:\/\/chs-containergroup.com\/de\/wp-content\/uploads\/sites\/2\/2026\/04\/muellereffekt-0386-scaled.webp 1200w, https:\/\/chs-containergroup.com\/de\/wp-content\/uploads\/sites\/2\/2026\/04\/muellereffekt-0386-2048x1365.jpg 2048w\" sizes=\"(max-width: 1024px) 100vw, 1024px\" \/>\n\t\t<div class=\"figc no-description\">\n\t\t\t<div class=\"figc-inner\">\n\t\t\t\t\t\t\t\t\t\t\t\t\t\t\t<\/div>\n\t\t<\/div>\n\n\t<\/div>\n\n<\/div>\t\t\n\t<\/div>\n\n\t\n\t\n\t<script type=\"application\/ld+json\">\n\t{\n\t\t\"@context\": \"http:\/\/schema.org\",\n\t\t\"@type\"   : \"ImageGallery\",\n\t\t\"id\"      : \"https:\/\/chs-containergroup.com\/de\/karriere\/stellenangebote\/\",\n\t\t\"url\"     : \"https:\/\/chs-containergroup.com\/de\/karriere\/stellenangebote\/\"\n\t}\n\n\t<\/script>\n\n\t\n<\/div>\n\n<\/div><\/section>\n","protected":false},"excerpt":{"rendered":"<p>BerufsportraitsBerufe bei CHS Dein Talent. Unsere Mission.Werde Teil unseres Teams<\/p>\n","protected":false},"author":1,"featured_media":432,"parent":191,"menu_order":0,"comment_status":"closed","ping_status":"closed","template":"template-job-overview.php","meta":{"_acf_changed":true,"inline_featured_image":false,"_angie_page":false,"footnotes":""},"class_list":["post-196","page","type-page","status-publish","has-post-thumbnail","hentry"],"acf":[],"_links":{"self":[{"href":"https:\/\/chs-containergroup.com\/de\/wp-json\/wp\/v2\/pages\/196","targetHints":{"allow":["GET"]}}],"collection":[{"href":"https:\/\/chs-containergroup.com\/de\/wp-json\/wp\/v2\/pages"}],"about":[{"href":"https:\/\/chs-containergroup.com\/de\/wp-json\/wp\/v2\/types\/page"}],"author":[{"embeddable":true,"href":"https:\/\/chs-containergroup.com\/de\/wp-json\/wp\/v2\/users\/1"}],"replies":[{"embeddable":true,"href":"https:\/\/chs-containergroup.com\/de\/wp-json\/wp\/v2\/comments?post=196"}],"version-history":[{"count":0,"href":"https:\/\/chs-containergroup.com\/de\/wp-json\/wp\/v2\/pages\/196\/revisions"}],"up":[{"embeddable":true,"href":"https:\/\/chs-containergroup.com\/de\/wp-json\/wp\/v2\/pages\/191"}],"wp:featuredmedia":[{"embeddable":true,"href":"https:\/\/chs-containergroup.com\/de\/wp-json\/wp\/v2\/media\/432"}],"wp:attachment":[{"href":"https:\/\/chs-containergroup.com\/de\/wp-json\/wp\/v2\/media?parent=196"}],"curies":[{"name":"wp","href":"https:\/\/api.w.org\/{rel}","templated":true}]}}