{"id":133,"date":"2024-08-26T16:51:46","date_gmt":"2024-08-26T14:51:46","guid":{"rendered":"https:\/\/chs-containergroup.com\/de\/?page_id=133"},"modified":"2025-11-07T18:19:26","modified_gmt":"2025-11-07T17:19:26","slug":"news","status":"publish","type":"page","link":"https:\/\/chs-containergroup.com\/de\/news\/","title":{"rendered":"News"},"content":{"rendered":"\n<p>Willkommen auf der News-Seite der CHS Container Group! Hier erhalten Sie Einblicke in unsere Ausbildungsm\u00f6glichkeiten, aktuelle Projekte und erfolgreich abgeschlossene Vorhaben. Informieren Sie sich \u00fcber unsere vielseitigen Containerl\u00f6sungen und die neuesten Entwicklungen in der Branche. <\/p>\n\n\n\n<p>Da hier nicht jeder Beitrag erscheint, lohnt es sich, auf unseren Social-Media-Kan\u00e4len vorbeizuschauen. Einen direkten Link finden Sie ganz unten auf dieser Seite auf den entsprechenden Icons.<\/p>\n","protected":false},"excerpt":{"rendered":"<p>Willkommen auf der News-Seite der CHS Container Group! Hier erhalten Sie Einblicke in unsere Ausbildungsm\u00f6glichkeiten, aktuelle Projekte und erfolgreich abgeschlossene Vorhaben. Informieren Sie sich \u00fcber unsere vielseitigen Containerl\u00f6sungen und die neuesten Entwicklungen in der Branche. Da hier nicht jeder Beitrag erscheint, lohnt es sich, auf unseren Social-Media-Kan\u00e4len vorbeizuschauen. Einen direkten Link finden Sie ganz unten [&hellip;]<\/p>\n","protected":false},"author":1,"featured_media":0,"parent":0,"menu_order":0,"comment_status":"closed","ping_status":"closed","template":"template-news.php","meta":{"_acf_changed":false,"inline_featured_image":false,"_angie_page":false,"footnotes":""},"class_list":["post-133","page","type-page","status-publish","hentry"],"acf":[],"_links":{"self":[{"href":"https:\/\/chs-containergroup.com\/de\/wp-json\/wp\/v2\/pages\/133","targetHints":{"allow":["GET"]}}],"collection":[{"href":"https:\/\/chs-containergroup.com\/de\/wp-json\/wp\/v2\/pages"}],"about":[{"href":"https:\/\/chs-containergroup.com\/de\/wp-json\/wp\/v2\/types\/page"}],"author":[{"embeddable":true,"href":"https:\/\/chs-containergroup.com\/de\/wp-json\/wp\/v2\/users\/1"}],"replies":[{"embeddable":true,"href":"https:\/\/chs-containergroup.com\/de\/wp-json\/wp\/v2\/comments?post=133"}],"version-history":[{"count":0,"href":"https:\/\/chs-containergroup.com\/de\/wp-json\/wp\/v2\/pages\/133\/revisions"}],"wp:attachment":[{"href":"https:\/\/chs-containergroup.com\/de\/wp-json\/wp\/v2\/media?parent=133"}],"curies":[{"name":"wp","href":"https:\/\/api.w.org\/{rel}","templated":true}]}}